{"id":7619,"date":"2023-09-27T19:09:52","date_gmt":"2023-09-27T19:09:52","guid":{"rendered":"https:\/\/mawuartgallery.com\/?post_type=product&#038;p=7619"},"modified":"2025-08-12T10:59:18","modified_gmt":"2025-08-12T14:59:18","slug":"parallel-world","status":"publish","type":"product","link":"https:\/\/mawuartgallery.com\/fr\/produit\/parallel-world\/","title":{"rendered":"Ce r\u00eave..."},"content":{"rendered":"<p>Voici une nouvelle \u0153uvre sortie tout droit de mon imagination. En la cr\u00e9ant, j\u2019avais l\u2019impression que l\u2019artiste en moi ne faisait qu\u2019illustrer un monde parall\u00e8le dans lequel il vit et o\u00f9 il puise son aspiration.<\/p>\n<p>&nbsp;<\/p>\n<p>Petite nouveaut\u00e9; puisque les cristaux et pierres semi-pr\u00e9cieuses font partie de ma vie spirituelle depuis quelques ann\u00e9es maintenant, j\u2019ai d\u00e9cid\u00e9 d\u2019en incorporer quelques-uns dans cette \u0153uvre, notamment l\u2019am\u00e9thyste et la magn\u00e9site turquoise.<\/p>\n<p>&nbsp;<\/p>\n<p><em>En lithoth\u00e9rapie, l\u2019am\u00e9thyste est consid\u00e9r\u00e9e comme la pierre de l\u2019humilit\u00e9 et la pierre de la sagesse. Elle stimule la cr\u00e9ativit\u00e9, l\u2019imagination et la clart\u00e9.<\/em><\/p>\n<p>&nbsp;<\/p>\n<p><em>La pierre magn\u00e9site est consid\u00e9r\u00e9e comme une pierre de gu\u00e9rison. Comparativement \u00e0 une pierre de protection qui, elle, permet de lutter contre les ondes n\u00e9gatives en faisant un effet \u00ab bouclier \u00bb, les pierres de gu\u00e9rison renforcent et am\u00e9liorent votre \u00e9tat de sant\u00e9 sur un plan tant psychique que physique.<\/em><\/p>\n<p>&nbsp;<\/p>\n<p><em>Sources en mati\u00e8re de lithoth\u00e9rapie :<\/em><\/p>\n<p>https:\/\/www.france-mineraux.fr\/vertus-des-pierres\/l-amethyste\/<\/p>\n<p>https:\/\/yodee.fr\/categorie-produit\/magnesite-turquoise\/<\/p>","protected":false},"excerpt":{"rendered":"<h6><strong><a href=\"https:\/\/mawuartgallery.com\/fr\/about-me\/\">ARTISTE : MAWU<\/a><\/strong><\/h6>\n<p>S\u00e9rie MONDES PARALL\u00c8LES<br \/>\nHuile, am\u00e9thyste, magn\u00e9site turquoise sur toile<br \/>\n(76 x 60,5 x 4 cm \/ 30 x 24 x 1.5 po)<br \/>\nCr\u00e9\u00e9e en 2023<\/p>\n<p>&nbsp;<\/p>\n<p><em>Cet article est exp\u00e9di\u00e9 tendu sur son cadre en bois d'origine, comme le montre la photo ci-contre.<\/em><\/p>\n<p>&nbsp;<\/p>\n<p><strong><em>Pour nous assurer que l'\u0153uvre r\u00e9pond \u00e0 vos attentes, nous serions ravis de vous en fournir une vid\u00e9o en haute d\u00e9finition accompagn\u00e9e des commentaires de l'artiste, avant que vous ne proc\u00e9diez \u00e0 l'achat. Pour ce faire, il vous suffit de communiquer avec nous par courriel \u00e0 <a rel=\"noopener\">mawuartgallery@gmail.com<\/a> D\u00e8s r\u00e9ception de votre demande, nous vous ferons parvenir une ou plusieurs vid\u00e9os\/photos selon votre choix.<\/em><\/strong><\/p>\n<p>&nbsp;<\/p>\n<p><strong>LIVRAISON GRATUITE POUR TOUTES LES COMMANDES<\/strong><\/p>","protected":false},"featured_media":7618,"comment_status":"open","ping_status":"closed","template":"","meta":{"nf_dc_page":""},"product_brand":[],"product_cat":[70,43],"product_tag":[32,34,42],"class_list":{"0":"post-7619","1":"product","2":"type-product","3":"status-publish","4":"has-post-thumbnail","6":"product_cat-oil-painting","7":"product_cat-paintings","8":"product_tag-art","9":"product_tag-color","10":"product_tag-painting","11":"product_shipping_class-stretched-on-frame","13":"first","14":"instock","15":"sold-individually","16":"shipping-taxable","17":"purchasable","18":"product-type-simple"},"_links":{"self":[{"href":"https:\/\/mawuartgallery.com\/fr\/wp-json\/wp\/v2\/product\/7619","targetHints":{"allow":["GET"]}}],"collection":[{"href":"https:\/\/mawuartgallery.com\/fr\/wp-json\/wp\/v2\/product"}],"about":[{"href":"https:\/\/mawuartgallery.com\/fr\/wp-json\/wp\/v2\/types\/product"}],"replies":[{"embeddable":true,"href":"https:\/\/mawuartgallery.com\/fr\/wp-json\/wp\/v2\/comments?post=7619"}],"version-history":[{"count":0,"href":"https:\/\/mawuartgallery.com\/fr\/wp-json\/wp\/v2\/product\/7619\/revisions"}],"wp:featuredmedia":[{"embeddable":true,"href":"https:\/\/mawuartgallery.com\/fr\/wp-json\/wp\/v2\/media\/7618"}],"wp:attachment":[{"href":"https:\/\/mawuartgallery.com\/fr\/wp-json\/wp\/v2\/media?parent=7619"}],"wp:term":[{"taxonomy":"product_brand","embeddable":true,"href":"https:\/\/mawuartgallery.com\/fr\/wp-json\/wp\/v2\/product_brand?post=7619"},{"taxonomy":"product_cat","embeddable":true,"href":"https:\/\/mawuartgallery.com\/fr\/wp-json\/wp\/v2\/product_cat?post=7619"},{"taxonomy":"product_tag","embeddable":true,"href":"https:\/\/mawuartgallery.com\/fr\/wp-json\/wp\/v2\/product_tag?post=7619"}],"curies":[{"name":"wp","href":"https:\/\/api.w.org\/{rel}","templated":true}]}}