{"id":7503,"date":"2023-09-18T13:52:42","date_gmt":"2023-09-18T13:52:42","guid":{"rendered":"https:\/\/mawuartgallery.com\/?post_type=product&#038;p=7503"},"modified":"2025-08-12T10:55:21","modified_gmt":"2025-08-12T14:55:21","slug":"flowing","status":"publish","type":"product","link":"https:\/\/mawuartgallery.com\/fr\/produit\/flowing\/","title":{"rendered":"\u00c0 FLOTS"},"content":{"rendered":"<p>Voici la premi\u00e8re \u0153uvre de ma nouvelle s\u00e9rie intitul\u00e9e \u00c9VASION (que je lance parall\u00e8lement \u00e0 la s\u00e9rie KONECTIONS). Cette s\u00e9rie d\u00e9coule de mon profond besoin d\u2019aventure et de libert\u00e9, et de mon envie insatiable de d\u00e9couvrir la nature dans toute sa beaut\u00e9 et paisibilit\u00e9. Elle m\u2019a \u00e9t\u00e9 inspir\u00e9e par mes r\u00e9centes vacances en pleine nature, dans la r\u00e9gion de la capitale nationale du Qu\u00e9bec, o\u00f9 j\u2019ai ressenti un d\u00e9tachement total de la vie citadine et un retour complet \u00e0 l\u2019artiste en moi.<\/p>\n<p>&nbsp;<\/p>\n<p>Depuis mon retour de vacances il y a quelques semaines, je ne r\u00eave que de repartir. Dans cette s\u00e9rie, je cherche donc \u00e0 voyager, \u00e0 retrouver cet havre de paix et \u00e0 vous emmener avec moi, tout en perfectionnant ma technique des natures mortes.<\/p>\n<p>&nbsp;<\/p>\n<p>Pour cette \u0153uvre en particulier, j\u2019ai tout simplement laiss\u00e9 mon intuition prendre le dessus. Rien de cette \u0153uvre n\u2019\u00e9tait planifi\u00e9. Cette fa\u00e7on de faire s\u2019impose de plus en plus dans mon processus cr\u00e9atif, et j\u2019y prends beaucoup de plaisir.<\/p>","protected":false},"excerpt":{"rendered":"<h6><strong><a href=\"https:\/\/mawuartgallery.com\/fr\/about-me\/\">ARTISTE : MAWU<\/a><\/strong><\/h6>\n<p>S\u00e9rie \u00c9VASION<br \/>\nHuile sur toile<br \/>\n(60,5 x 51 x 2 cm \/ 24 x 20 x 0.7 po)<br \/>\nCr\u00e9\u00e9e en 2023<\/p>\n<p>&nbsp;<\/p>\n<p><em>Cet article est exp\u00e9di\u00e9 tendu sur son cadre en bois d'origine, comme le montre la photo ci-contre.<\/em><\/p>\n<p>&nbsp;<\/p>\n<p><strong><em>Pour nous assurer que l'\u0153uvre r\u00e9pond \u00e0 vos attentes, nous serions ravis de vous en fournir une vid\u00e9o en haute d\u00e9finition accompagn\u00e9e des commentaires de l'artiste, avant que vous ne proc\u00e9diez \u00e0 l'achat. Pour ce faire, il vous suffit de communiquer avec nous par courriel \u00e0 <a rel=\"noopener\">mawuartgallery@gmail.com<\/a> D\u00e8s r\u00e9ception de votre demande, nous vous ferons parvenir une ou plusieurs vid\u00e9os\/photos selon votre choix.<\/em><\/strong><\/p>\n<p>&nbsp;<\/p>\n<p><strong>LIVRAISON GRATUITE POUR TOUTES LES COMMANDES<\/strong><\/p>","protected":false},"featured_media":7508,"comment_status":"open","ping_status":"closed","template":"","meta":{"nf_dc_page":""},"product_brand":[],"product_cat":[70,43],"product_tag":[32,34,42],"class_list":{"0":"post-7503","1":"product","2":"type-product","3":"status-publish","4":"has-post-thumbnail","6":"product_cat-oil-painting","7":"product_cat-paintings","8":"product_tag-art","9":"product_tag-color","10":"product_tag-painting","11":"product_shipping_class-stretched-on-frame","13":"first","14":"instock","15":"sold-individually","16":"shipping-taxable","17":"purchasable","18":"product-type-simple"},"_links":{"self":[{"href":"https:\/\/mawuartgallery.com\/fr\/wp-json\/wp\/v2\/product\/7503","targetHints":{"allow":["GET"]}}],"collection":[{"href":"https:\/\/mawuartgallery.com\/fr\/wp-json\/wp\/v2\/product"}],"about":[{"href":"https:\/\/mawuartgallery.com\/fr\/wp-json\/wp\/v2\/types\/product"}],"replies":[{"embeddable":true,"href":"https:\/\/mawuartgallery.com\/fr\/wp-json\/wp\/v2\/comments?post=7503"}],"version-history":[{"count":0,"href":"https:\/\/mawuartgallery.com\/fr\/wp-json\/wp\/v2\/product\/7503\/revisions"}],"wp:featuredmedia":[{"embeddable":true,"href":"https:\/\/mawuartgallery.com\/fr\/wp-json\/wp\/v2\/media\/7508"}],"wp:attachment":[{"href":"https:\/\/mawuartgallery.com\/fr\/wp-json\/wp\/v2\/media?parent=7503"}],"wp:term":[{"taxonomy":"product_brand","embeddable":true,"href":"https:\/\/mawuartgallery.com\/fr\/wp-json\/wp\/v2\/product_brand?post=7503"},{"taxonomy":"product_cat","embeddable":true,"href":"https:\/\/mawuartgallery.com\/fr\/wp-json\/wp\/v2\/product_cat?post=7503"},{"taxonomy":"product_tag","embeddable":true,"href":"https:\/\/mawuartgallery.com\/fr\/wp-json\/wp\/v2\/product_tag?post=7503"}],"curies":[{"name":"wp","href":"https:\/\/api.w.org\/{rel}","templated":true}]}}