{"id":7476,"date":"2023-09-08T14:26:39","date_gmt":"2023-09-08T14:26:39","guid":{"rendered":"https:\/\/mawuartgallery.com\/?post_type=product&#038;p=7476"},"modified":"2025-07-09T15:32:20","modified_gmt":"2025-07-09T19:32:20","slug":"intimacy","status":"publish","type":"product","link":"https:\/\/mawuartgallery.com\/fr\/produit\/intimacy\/","title":{"rendered":"Intimit\u00e9"},"content":{"rendered":"<p>Voici la premi\u00e8re \u0153uvre de ma nouvelle s\u00e9rie appel\u00e9e KONEKTIONS. Cette s\u00e9rie vise \u00e0 explorer les cinq principaux sens humains connus, qui nous connectent \u00e0 la vie et au monde qui nous entourent, \u00e0 savoir la vue, l\u2019ou\u00efe, l\u2019odorat, le go\u00fbt et le toucher.<\/p>\n<p>&nbsp;<\/p>\n<p>KONEKTIONS a \u00e9galement pour but de nous questionner sur la valeur de nos propres connexions avec le monde (r\u00e9el ou virtuel) ainsi que l\u2019existence potentielle d\u2019autres sens, hypoth\u00e8se notamment avanc\u00e9e le corps scientifique (p. ex. la thermoception : ressentir les temp\u00e9ratures; la nociception : conna\u00eetre la douleur; la proprioception : savoir o\u00f9 se situent nos propres membres; et l\u2019\u00e9quilibrioception : maintenir son \u00e9quilibre).<\/p>\n<p>&nbsp;<\/p>\n<p>Intimit\u00e9 est une ode visuelle destin\u00e9e \u00e0 c\u00e9l\u00e9brer la relation profonde et respectueuse entre deux \u00eatres dont l\u2019union va donner naissance \u00e0 un nouvel \u00eatre \u00e0 ch\u00e9rir.<\/p>","protected":false},"excerpt":{"rendered":"<h6><strong>ARTISTE : MAWU<\/strong><\/h6>\n<p>S\u00e9rie KONEKTIONS<br \/>\nHuile sur toile<br \/>\n(36 x 30 x 1.5 in. \/ 91 x 76 x 4 cm)<br \/>\nCr\u00e9\u00e9e en 2023<\/p>\n<p>&nbsp;<\/p>\n<h6>\ud83d\udd04Dans cette ench\u00e8re invers\u00e9e, le prix baisse quotidiennement\ud83d\udcc9. SOYEZ LE 1er ou la 1re \u00e0 atteindre le myst\u00e9rieux prix minimum de l'artiste\ud83c\udfafet l'\u0153uvre\ud83d\uddbc\ufe0f est \u00e0 vous! Ench\u00e9rissez avec audace!<\/h6>\n<p>&nbsp;<\/p>\n<p><strong>LIVRAISON GRATUITE POUR TOUTES LES COMMANDES<\/strong><\/p>","protected":false},"featured_media":7483,"comment_status":"open","ping_status":"closed","template":"","meta":{"nf_dc_page":""},"product_brand":[],"product_cat":[70,43],"product_tag":[32,34,42],"class_list":{"0":"post-7476","1":"product","2":"type-product","3":"status-publish","4":"has-post-thumbnail","6":"product_cat-oil-painting","7":"product_cat-paintings","8":"product_tag-art","9":"product_tag-color","10":"product_tag-painting","11":"product_shipping_class-stretched-on-frame","13":"first","14":"instock","15":"sold-individually","16":"shipping-taxable","17":"purchasable","18":"product-type-auction"},"_links":{"self":[{"href":"https:\/\/mawuartgallery.com\/fr\/wp-json\/wp\/v2\/product\/7476","targetHints":{"allow":["GET"]}}],"collection":[{"href":"https:\/\/mawuartgallery.com\/fr\/wp-json\/wp\/v2\/product"}],"about":[{"href":"https:\/\/mawuartgallery.com\/fr\/wp-json\/wp\/v2\/types\/product"}],"replies":[{"embeddable":true,"href":"https:\/\/mawuartgallery.com\/fr\/wp-json\/wp\/v2\/comments?post=7476"}],"version-history":[{"count":0,"href":"https:\/\/mawuartgallery.com\/fr\/wp-json\/wp\/v2\/product\/7476\/revisions"}],"wp:featuredmedia":[{"embeddable":true,"href":"https:\/\/mawuartgallery.com\/fr\/wp-json\/wp\/v2\/media\/7483"}],"wp:attachment":[{"href":"https:\/\/mawuartgallery.com\/fr\/wp-json\/wp\/v2\/media?parent=7476"}],"wp:term":[{"taxonomy":"product_brand","embeddable":true,"href":"https:\/\/mawuartgallery.com\/fr\/wp-json\/wp\/v2\/product_brand?post=7476"},{"taxonomy":"product_cat","embeddable":true,"href":"https:\/\/mawuartgallery.com\/fr\/wp-json\/wp\/v2\/product_cat?post=7476"},{"taxonomy":"product_tag","embeddable":true,"href":"https:\/\/mawuartgallery.com\/fr\/wp-json\/wp\/v2\/product_tag?post=7476"}],"curies":[{"name":"wp","href":"https:\/\/api.w.org\/{rel}","templated":true}]}}