{"id":7398,"date":"2023-05-18T15:01:02","date_gmt":"2023-05-18T15:01:02","guid":{"rendered":"https:\/\/mawuartgallery.com\/?post_type=product&#038;p=7398"},"modified":"2025-07-18T08:54:40","modified_gmt":"2025-07-18T12:54:40","slug":"skorpius","status":"publish","type":"product","link":"https:\/\/mawuartgallery.com\/fr\/produit\/skorpius\/","title":{"rendered":"Skorpyon"},"content":{"rendered":"<p class=\"translation-block\">Cette \u0153uvre fait partie de ma <em><a href=\"https:\/\/mawuartgallery.com\/fr\/astro\/\" target=\"_self\">s\u00e9rie ASTR\u00d6<\/a><\/em>, qui consiste \u00e0 repr\u00e9senter les douze signes astrologiques. Dans ce projet, j'essaie de me dissocier du symbolisme traditionnel et de l'\u00e9sot\u00e9risme associ\u00e9s \u00e0 l'astrologie.<\/p>\n<p>&nbsp;<\/p>\n<p>Voici une autre \u0153uvre bien diff\u00e9rente de ce que j'avais imagin\u00e9 au d\u00e9part. Mais bon, ce n'est pas grave, car elle est encore plus belle. Je venais de rentrer d'une retraite de yoga avant de commencer cette peinture, ce qui explique la pose du Scorpion (yoga) du personnage. J\u2019esp\u00e8re r\u00e9ussir \u00e0 faire cette pose un jour.<\/p>","protected":false},"excerpt":{"rendered":"<h6><strong style=\"color: #212121; font-family: Syne, sans-serif; font-size: 19px; letter-spacing: 0px; text-transform: uppercase;\">ARTISTE : MAWU<\/strong><\/h6>\n<p><em>S\u00e9rie ASTR\u00d6<\/em><br \/>\nHuile sur toile<br \/>\n(40 x 36 x 1.5 po \/ 101 x 91 x 4 cm)<br \/>\nCr\u00e9\u00e9e en 2023<\/p>\n<p>&nbsp;<\/p>\n<h6>\ud83d\udd04Dans cette ench\u00e8re invers\u00e9e, le prix baisse quotidiennement\ud83d\udcc9. SOYEZ LE 1er ou la 1re \u00e0 atteindre le myst\u00e9rieux prix minimum de l'artiste\ud83c\udfafet l'\u0153uvre\ud83d\uddbc\ufe0f est \u00e0 vous! Ench\u00e9rissez avec audace!<\/h6>\n<p>&nbsp;<\/p>\n<p><strong>LIVRAISON GRATUITE POUR TOUTES LES COMMANDES<\/strong><\/p>","protected":false},"featured_media":7403,"comment_status":"open","ping_status":"closed","template":"","meta":{"nf_dc_page":""},"product_brand":[],"product_cat":[70,43],"product_tag":[32,34,42],"class_list":{"0":"post-7398","1":"product","2":"type-product","3":"status-publish","4":"has-post-thumbnail","6":"product_cat-oil-painting","7":"product_cat-paintings","8":"product_tag-art","9":"product_tag-color","10":"product_tag-painting","11":"product_shipping_class-stretched-on-frame","13":"first","14":"instock","15":"sold-individually","16":"shipping-taxable","17":"purchasable","18":"product-type-auction"},"_links":{"self":[{"href":"https:\/\/mawuartgallery.com\/fr\/wp-json\/wp\/v2\/product\/7398","targetHints":{"allow":["GET"]}}],"collection":[{"href":"https:\/\/mawuartgallery.com\/fr\/wp-json\/wp\/v2\/product"}],"about":[{"href":"https:\/\/mawuartgallery.com\/fr\/wp-json\/wp\/v2\/types\/product"}],"replies":[{"embeddable":true,"href":"https:\/\/mawuartgallery.com\/fr\/wp-json\/wp\/v2\/comments?post=7398"}],"version-history":[{"count":0,"href":"https:\/\/mawuartgallery.com\/fr\/wp-json\/wp\/v2\/product\/7398\/revisions"}],"wp:featuredmedia":[{"embeddable":true,"href":"https:\/\/mawuartgallery.com\/fr\/wp-json\/wp\/v2\/media\/7403"}],"wp:attachment":[{"href":"https:\/\/mawuartgallery.com\/fr\/wp-json\/wp\/v2\/media?parent=7398"}],"wp:term":[{"taxonomy":"product_brand","embeddable":true,"href":"https:\/\/mawuartgallery.com\/fr\/wp-json\/wp\/v2\/product_brand?post=7398"},{"taxonomy":"product_cat","embeddable":true,"href":"https:\/\/mawuartgallery.com\/fr\/wp-json\/wp\/v2\/product_cat?post=7398"},{"taxonomy":"product_tag","embeddable":true,"href":"https:\/\/mawuartgallery.com\/fr\/wp-json\/wp\/v2\/product_tag?post=7398"}],"curies":[{"name":"wp","href":"https:\/\/api.w.org\/{rel}","templated":true}]}}