{"id":7320,"date":"2023-04-08T19:24:26","date_gmt":"2023-04-08T19:24:26","guid":{"rendered":"https:\/\/mawuartgallery.com\/?post_type=product&#038;p=7320"},"modified":"2025-07-18T11:09:34","modified_gmt":"2025-07-18T15:09:34","slug":"leo","status":"publish","type":"product","link":"https:\/\/mawuartgallery.com\/fr\/produit\/leo\/","title":{"rendered":"Ly\u00f5n"},"content":{"rendered":"<p class=\"translation-block\">Cette \u0153uvre fait partie de ma <em><a href=\"https:\/\/mawuartgallery.com\/fr\/astro\/\" target=\"_self\">s\u00e9rie ASTR\u00d6<\/a><\/em>, qui consiste \u00e0 repr\u00e9senter les douze signes astrologiques. Dans ce projet, j'essaie de me dissocier du symbolisme traditionnel et de l'\u00e9sot\u00e9risme associ\u00e9s \u00e0 l'astrologie.<\/p>\n<p>&nbsp;<\/p>\n<p>Quel plaisir de cr\u00e9er cette \u0153uvre! Tr\u00e8s vite, j\u2019ai su que ce serait l\u2019une des \u0153uvres dont je serais le plus fier, notamment en voyant les yeux du lion prendre vie sous mon pinceau. En r\u00e9alisant cette \u0153uvre, je me suis \u00e9galement d\u00e9couvert un penchant de plus en plus prononc\u00e9 pour les toiles panoramiques (horizontales). Il est probable que ma prochaine collection en contienne plusieurs.<\/p>","protected":false},"excerpt":{"rendered":"<h6><strong style=\"color: #212121; font-family: Syne, sans-serif; font-size: 19px; letter-spacing: 0px; text-transform: uppercase;\">ARTISTE : MAWU<\/strong><\/h6>\n<p><em>S\u00e9rie ASTR\u00d6<\/em><br \/>\nHuile sur toile<br \/>\n(48 x 24 x 1.5 in. \/ 122 x 60.5 x 4 cm)<br \/>\nCr\u00e9\u00e9e en 2023<\/p>\n<p>&nbsp;<\/p>\n<h6>\ud83d\udd04Dans cette ench\u00e8re invers\u00e9e, le prix baisse quotidiennement\ud83d\udcc9. SOYEZ LE 1er ou la 1re \u00e0 atteindre le myst\u00e9rieux prix minimum de l'artiste\ud83c\udfafet l'\u0153uvre\ud83d\uddbc\ufe0f est \u00e0 vous! Ench\u00e9rissez avec audace!<\/h6>\n<p>&nbsp;<\/p>\n<p><strong>LIVRAISON GRATUITE POUR TOUTES LES COMMANDES<\/strong><\/p>\n<p>&nbsp;<\/p>\n<p>&nbsp;<\/p>","protected":false},"featured_media":7321,"comment_status":"open","ping_status":"closed","template":"","meta":{"nf_dc_page":""},"product_brand":[],"product_cat":[70,43],"product_tag":[32,34,42],"class_list":{"0":"post-7320","1":"product","2":"type-product","3":"status-publish","4":"has-post-thumbnail","6":"product_cat-oil-painting","7":"product_cat-paintings","8":"product_tag-art","9":"product_tag-color","10":"product_tag-painting","12":"first","13":"instock","14":"sold-individually","15":"shipping-taxable","16":"purchasable","17":"product-type-auction"},"_links":{"self":[{"href":"https:\/\/mawuartgallery.com\/fr\/wp-json\/wp\/v2\/product\/7320","targetHints":{"allow":["GET"]}}],"collection":[{"href":"https:\/\/mawuartgallery.com\/fr\/wp-json\/wp\/v2\/product"}],"about":[{"href":"https:\/\/mawuartgallery.com\/fr\/wp-json\/wp\/v2\/types\/product"}],"replies":[{"embeddable":true,"href":"https:\/\/mawuartgallery.com\/fr\/wp-json\/wp\/v2\/comments?post=7320"}],"version-history":[{"count":0,"href":"https:\/\/mawuartgallery.com\/fr\/wp-json\/wp\/v2\/product\/7320\/revisions"}],"wp:featuredmedia":[{"embeddable":true,"href":"https:\/\/mawuartgallery.com\/fr\/wp-json\/wp\/v2\/media\/7321"}],"wp:attachment":[{"href":"https:\/\/mawuartgallery.com\/fr\/wp-json\/wp\/v2\/media?parent=7320"}],"wp:term":[{"taxonomy":"product_brand","embeddable":true,"href":"https:\/\/mawuartgallery.com\/fr\/wp-json\/wp\/v2\/product_brand?post=7320"},{"taxonomy":"product_cat","embeddable":true,"href":"https:\/\/mawuartgallery.com\/fr\/wp-json\/wp\/v2\/product_cat?post=7320"},{"taxonomy":"product_tag","embeddable":true,"href":"https:\/\/mawuartgallery.com\/fr\/wp-json\/wp\/v2\/product_tag?post=7320"}],"curies":[{"name":"wp","href":"https:\/\/api.w.org\/{rel}","templated":true}]}}