{"id":6930,"date":"2023-01-28T15:33:30","date_gmt":"2023-01-28T15:33:30","guid":{"rendered":"https:\/\/mawuartgallery.com\/?post_type=product&#038;p=6930"},"modified":"2025-07-18T13:04:04","modified_gmt":"2025-07-18T17:04:04","slug":"aries","status":"publish","type":"product","link":"https:\/\/mawuartgallery.com\/fr\/produit\/aries\/","title":{"rendered":"B\u00c9LI\u00c9"},"content":{"rendered":"<p class=\"translation-block\">Cette \u0153uvre fait partie de ma <em><a href=\"https:\/\/mawuartgallery.com\/fr\/astro\/\" target=\"_self\">s\u00e9rie ASTR\u00d6<\/a><\/em>, qui consiste \u00e0 repr\u00e9senter les douze signes astrologiques. Dans ce projet, j'essaie de me dissocier du symbolisme traditionnel et de l'\u00e9sot\u00e9risme associ\u00e9s \u00e0 l'astrologie.<\/p>\n<p>&nbsp;<\/p>\n<p>Je ne suis pas particuli\u00e8rement friand des grands hivers, mais j\u2019arrive \u00e0 m\u2019y accommoder si je n\u2019ai pas le choix. Et comme je vis au Canada, je n\u2019ai pas vraiment le choix. Cette \u0153uvre \u00e9tait donc pour moi un moyen de composer avec l\u2019hiver. Je voulais cr\u00e9er une \u0153uvre qui d\u00e9note la beaut\u00e9 subtile de l\u2019hiver tout en restant fid\u00e8le au th\u00e8me de ma s\u00e9rie. Voil\u00e0!<\/p>","protected":false},"excerpt":{"rendered":"<h6><strong style=\"color: #212121; font-family: Syne, sans-serif; font-size: 19px; letter-spacing: 0px; text-transform: uppercase;\">ARTISTE : MAWU<\/strong><\/h6>\n<p><em>S\u00e9rie ASTR\u00d6<\/em><br \/>\nHuile sur toile<br \/>\n(30 x 30 x 1.5 po \/ 76 x 76 x 4 cm)<br \/>\nCr\u00e9\u00e9e en 2022<\/p>\n<p>&nbsp;<\/p>\n<h6>\ud83d\udd04Dans cette ench\u00e8re invers\u00e9e, le prix baisse quotidiennement\ud83d\udcc9. SOYEZ LE 1er ou la 1re \u00e0 atteindre le myst\u00e9rieux prix minimum de l'artiste\ud83c\udfafet l'\u0153uvre\ud83d\uddbc\ufe0f est \u00e0 vous! Ench\u00e9rissez avec audace!<\/h6>\n<p>&nbsp;<\/p>\n<p><strong>LIVRAISON GRATUITE POUR TOUTES LES COMMANDES<\/strong><\/p>","protected":false},"featured_media":6931,"comment_status":"open","ping_status":"closed","template":"","meta":{"nf_dc_page":""},"product_brand":[],"product_cat":[70,43],"product_tag":[32,34,42],"class_list":{"0":"post-6930","1":"product","2":"type-product","3":"status-publish","4":"has-post-thumbnail","6":"product_cat-oil-painting","7":"product_cat-paintings","8":"product_tag-art","9":"product_tag-color","10":"product_tag-painting","11":"product_shipping_class-stretched-on-frame","13":"first","14":"instock","15":"sold-individually","16":"shipping-taxable","17":"purchasable","18":"product-type-auction"},"_links":{"self":[{"href":"https:\/\/mawuartgallery.com\/fr\/wp-json\/wp\/v2\/product\/6930","targetHints":{"allow":["GET"]}}],"collection":[{"href":"https:\/\/mawuartgallery.com\/fr\/wp-json\/wp\/v2\/product"}],"about":[{"href":"https:\/\/mawuartgallery.com\/fr\/wp-json\/wp\/v2\/types\/product"}],"replies":[{"embeddable":true,"href":"https:\/\/mawuartgallery.com\/fr\/wp-json\/wp\/v2\/comments?post=6930"}],"version-history":[{"count":0,"href":"https:\/\/mawuartgallery.com\/fr\/wp-json\/wp\/v2\/product\/6930\/revisions"}],"wp:featuredmedia":[{"embeddable":true,"href":"https:\/\/mawuartgallery.com\/fr\/wp-json\/wp\/v2\/media\/6931"}],"wp:attachment":[{"href":"https:\/\/mawuartgallery.com\/fr\/wp-json\/wp\/v2\/media?parent=6930"}],"wp:term":[{"taxonomy":"product_brand","embeddable":true,"href":"https:\/\/mawuartgallery.com\/fr\/wp-json\/wp\/v2\/product_brand?post=6930"},{"taxonomy":"product_cat","embeddable":true,"href":"https:\/\/mawuartgallery.com\/fr\/wp-json\/wp\/v2\/product_cat?post=6930"},{"taxonomy":"product_tag","embeddable":true,"href":"https:\/\/mawuartgallery.com\/fr\/wp-json\/wp\/v2\/product_tag?post=6930"}],"curies":[{"name":"wp","href":"https:\/\/api.w.org\/{rel}","templated":true}]}}