{"id":5916,"date":"2022-12-18T22:56:25","date_gmt":"2022-12-18T22:56:25","guid":{"rendered":"https:\/\/mawuartgallery.com\/?post_type=product&#038;p=5916"},"modified":"2025-07-17T10:49:59","modified_gmt":"2025-07-17T14:49:59","slug":"kancer","status":"publish","type":"product","link":"https:\/\/mawuartgallery.com\/fr\/produit\/kancer\/","title":{"rendered":"Kancer"},"content":{"rendered":"<p class=\"translation-block\">Cette \u0153uvre fait partie de ma <em><a href=\"https:\/\/mawuartgallery.com\/fr\/astro\/\" target=\"_self\">s\u00e9rie ASTR\u00d6<\/a><\/em>, qui consiste \u00e0 repr\u00e9senter les douze signes astrologiques. Dans ce projet, j'essaie de me dissocier du symbolisme traditionnel et de l'\u00e9sot\u00e9risme associ\u00e9s \u00e0 l'astrologie.<\/p>\n<p>&nbsp;<\/p>\n<p>M\u00eame si j'avais fait mes recherches pour la composition de cette \u0153uvre, je n\u2019avais toujours aucune id\u00e9e de la direction que je devais lui donner lorsque je l\u2019ai commenc\u00e9e. Cela m\u2019a rendu nerveux, mais m\u2019a aussi appris qu\u2019\u00e0 un moment donn\u00e9, il fallait que je me laisse aller et fasse confiance \u00e0 mon intuition pour que mon art s\u2019\u00e9panouisse.<\/p>\n<p>&nbsp;<\/p>\n<p>Kancer m'a aid\u00e9 \u00e0 surmonter ma peur de faire passer mon art au niveau sup\u00e9rieur, au lieu de rester dans ma zone de confort. J'adore le r\u00e9sultat, et je vais continuer dans cette voie.<\/p>","protected":false},"excerpt":{"rendered":"<h6><strong style=\"color: #212121; font-family: Syne, sans-serif; font-size: 19px; letter-spacing: 0px; text-transform: uppercase;\">ARTISTE : MAWU<\/strong><\/h6>\n<p><strong><em>S\u00e9rie ASTR\u00d6<\/em><\/strong><br \/>\nHuile sur toile<br \/>\n(30 x 30 x 1.5 po \/ 76 x 76 x 4 cm)<br \/>\nCr\u00e9\u00e9e en 2022<\/p>\n<p>&nbsp;<\/p>\n<h6>\ud83d\udd04Dans cette ench\u00e8re invers\u00e9e, le prix baisse quotidiennement\ud83d\udcc9. SOYEZ LE 1er ou la 1re \u00e0 atteindre le myst\u00e9rieux prix minimum de l'artiste\ud83c\udfafet l'\u0153uvre\ud83d\uddbc\ufe0f est \u00e0 vous! Ench\u00e9rissez avec audace!<\/h6>\n<p>&nbsp;<\/p>\n<p><strong>LIVRAISON GRATUITE POUR TOUTES LES COMMANDES<\/strong><\/p>","protected":false},"featured_media":5914,"comment_status":"open","ping_status":"closed","template":"","meta":{"nf_dc_page":""},"product_brand":[],"product_cat":[70,43],"product_tag":[32,34,42],"class_list":{"0":"post-5916","1":"product","2":"type-product","3":"status-publish","4":"has-post-thumbnail","6":"product_cat-oil-painting","7":"product_cat-paintings","8":"product_tag-art","9":"product_tag-color","10":"product_tag-painting","11":"product_shipping_class-stretched-on-frame","13":"first","14":"instock","15":"sold-individually","16":"shipping-taxable","17":"purchasable","18":"product-type-auction"},"_links":{"self":[{"href":"https:\/\/mawuartgallery.com\/fr\/wp-json\/wp\/v2\/product\/5916","targetHints":{"allow":["GET"]}}],"collection":[{"href":"https:\/\/mawuartgallery.com\/fr\/wp-json\/wp\/v2\/product"}],"about":[{"href":"https:\/\/mawuartgallery.com\/fr\/wp-json\/wp\/v2\/types\/product"}],"replies":[{"embeddable":true,"href":"https:\/\/mawuartgallery.com\/fr\/wp-json\/wp\/v2\/comments?post=5916"}],"version-history":[{"count":0,"href":"https:\/\/mawuartgallery.com\/fr\/wp-json\/wp\/v2\/product\/5916\/revisions"}],"wp:featuredmedia":[{"embeddable":true,"href":"https:\/\/mawuartgallery.com\/fr\/wp-json\/wp\/v2\/media\/5914"}],"wp:attachment":[{"href":"https:\/\/mawuartgallery.com\/fr\/wp-json\/wp\/v2\/media?parent=5916"}],"wp:term":[{"taxonomy":"product_brand","embeddable":true,"href":"https:\/\/mawuartgallery.com\/fr\/wp-json\/wp\/v2\/product_brand?post=5916"},{"taxonomy":"product_cat","embeddable":true,"href":"https:\/\/mawuartgallery.com\/fr\/wp-json\/wp\/v2\/product_cat?post=5916"},{"taxonomy":"product_tag","embeddable":true,"href":"https:\/\/mawuartgallery.com\/fr\/wp-json\/wp\/v2\/product_tag?post=5916"}],"curies":[{"name":"wp","href":"https:\/\/api.w.org\/{rel}","templated":true}]}}