{"id":5727,"date":"2022-11-21T23:23:03","date_gmt":"2022-11-21T23:23:03","guid":{"rendered":"https:\/\/mawuartgallery.com\/?post_type=product&#038;p=5727"},"modified":"2025-05-25T07:44:39","modified_gmt":"2025-05-25T11:44:39","slug":"urban-folklore","status":"publish","type":"product","link":"https:\/\/mawuartgallery.com\/fr\/produit\/urban-folklore\/","title":{"rendered":"Folklore urbain"},"content":{"rendered":"<p class=\"translation-block\">J\u2019ai cr\u00e9\u00e9 cette \u0153uvre pour le Festival Afro Urbain (3e \u00e9dition) qui c\u00e9l\u00e8bre l\u2019art et la culture des afrodescendants \u00e0 Montr\u00e9al (Canada). Par cette \u0153uvre, j\u2019ai voulu illustrer l\u2019influence culturelle et musicale des afrodescendants dans la ville de Montr\u00e9al. Cette influence se ressent particuli\u00e8rement lors de festivals estivaux populaires tels que Nuits d\u2019Afrique, Ha\u00efti en Folie et Carifiesta, qui m\u00ealent musique, parade et danse dans un ensemble de couleurs flamboyantes.<\/p>","protected":false},"excerpt":{"rendered":"<h6><strong style=\"color: #212121; font-family: Syne, sans-serif; font-size: 19px; letter-spacing: 0px; text-transform: uppercase;\">ARTISTE : MAWU<\/strong><\/h6>\n<p>Huile sur toile<br \/>\n(60 x 24 x 1.5 in. \/ 152 x 60.5 x 4 cm)<br \/>\nCr\u00e9\u00e9e en 2021<\/p>\n<p>&nbsp;<\/p>\n<p><em>En raison de sa taille, cette \u0153uvre est exp\u00e9di\u00e9e enroul\u00e9e dans un tube d'exp\u00e9dition (et non tendue sur le cadre en bois d'origine comme sur la photo).<\/em><\/p>\n<p>&nbsp;<\/p>\n<p><strong><em>Pour nous assurer que l'\u0153uvre r\u00e9pond \u00e0 vos attentes, nous serions ravis de vous en fournir une vid\u00e9o en haute d\u00e9finition accompagn\u00e9e des commentaires de l'artiste, avant que vous ne proc\u00e9diez \u00e0 l'achat. Pour ce faire, il vous suffit de communiquer avec nous par courriel \u00e0 <a rel=\"noopener\">mawuartgallery@gmail.com<\/a> D\u00e8s r\u00e9ception de votre demande, nous vous ferons parvenir une ou plusieurs vid\u00e9os\/photos selon votre choix.<\/em><\/strong><\/p>\n<p>&nbsp;<\/p>\n<p><strong>LIVRAISON GRATUITE POUR TOUTES LES COMMANDES<\/strong><\/p>\n<p>&nbsp;<\/p>\n<p><em>EXCEPTION : Pour les commandes destin\u00e9es \u00e0 la r\u00e9gion m\u00e9tropolitaine de Montr\u00e9al (Grand Montr\u00e9al), l'\u0153uvre pourra \u00eatre livr\u00e9e tendue sur son cadre en bois original. Veuillez communiquer avec moi pour prendre les dispositions n\u00e9cessaires.<\/em><\/p>","protected":false},"featured_media":5294,"comment_status":"open","ping_status":"closed","template":"","meta":{"nf_dc_page":""},"product_brand":[],"product_cat":[70,43],"product_tag":[32,73],"class_list":{"0":"post-5727","1":"product","2":"type-product","3":"status-publish","4":"has-post-thumbnail","6":"product_cat-oil-painting","7":"product_cat-paintings","8":"product_tag-art","9":"product_tag-color-painting","10":"product_shipping_class-mailing-tube","12":"first","13":"instock","14":"sale","15":"sold-individually","16":"shipping-taxable","17":"purchasable","18":"product-type-simple"},"_links":{"self":[{"href":"https:\/\/mawuartgallery.com\/fr\/wp-json\/wp\/v2\/product\/5727","targetHints":{"allow":["GET"]}}],"collection":[{"href":"https:\/\/mawuartgallery.com\/fr\/wp-json\/wp\/v2\/product"}],"about":[{"href":"https:\/\/mawuartgallery.com\/fr\/wp-json\/wp\/v2\/types\/product"}],"replies":[{"embeddable":true,"href":"https:\/\/mawuartgallery.com\/fr\/wp-json\/wp\/v2\/comments?post=5727"}],"version-history":[{"count":0,"href":"https:\/\/mawuartgallery.com\/fr\/wp-json\/wp\/v2\/product\/5727\/revisions"}],"wp:featuredmedia":[{"embeddable":true,"href":"https:\/\/mawuartgallery.com\/fr\/wp-json\/wp\/v2\/media\/5294"}],"wp:attachment":[{"href":"https:\/\/mawuartgallery.com\/fr\/wp-json\/wp\/v2\/media?parent=5727"}],"wp:term":[{"taxonomy":"product_brand","embeddable":true,"href":"https:\/\/mawuartgallery.com\/fr\/wp-json\/wp\/v2\/product_brand?post=5727"},{"taxonomy":"product_cat","embeddable":true,"href":"https:\/\/mawuartgallery.com\/fr\/wp-json\/wp\/v2\/product_cat?post=5727"},{"taxonomy":"product_tag","embeddable":true,"href":"https:\/\/mawuartgallery.com\/fr\/wp-json\/wp\/v2\/product_tag?post=5727"}],"curies":[{"name":"wp","href":"https:\/\/api.w.org\/{rel}","templated":true}]}}