{"id":5721,"date":"2022-11-21T22:14:44","date_gmt":"2022-11-21T22:14:44","guid":{"rendered":"https:\/\/mawuartgallery.com\/?post_type=product&#038;p=5721"},"modified":"2024-12-24T14:51:10","modified_gmt":"2024-12-24T18:51:10","slug":"afrikology","status":"publish","type":"product","link":"https:\/\/mawuartgallery.com\/fr\/produit\/afrikology\/","title":{"rendered":"Afrikologie"},"content":{"rendered":"<p>Il m\u2019a fallu pr\u00e8s d\u2019un an pour r\u00e9aliser cette \u0153uvre. Elle a requis beaucoup de recherche et de r\u00e9flexion.<\/p>\n<p>&nbsp;<\/p>\n<p class=\"translation-block\">Je voulais la baser sur de v\u00e9ritables artefacts et symboles \u00e9gyptologiques; par exemple, Isis (femme d\u00e9ployant ses ailes au milieu du c\u00f4t\u00e9 gauche), qui est une ancienne d\u00e9esse \u00e9gyptienne devenue la plus populaire et la plus m\u00e9morable de toutes les divinit\u00e9s \u00e9gyptiennes; Anubis (repr\u00e9sent\u00e9 par un homme avec une t\u00eate de chacal en haut \u00e0 droite), qui est le dieu \u00e9gyptien de la momification et de l\u2019au-del\u00e0 ainsi que le dieu protecteur des \u00e2mes perdues et des impotents; le sceptre de Sekhem (tenu par la repr\u00e9sentation de Toutankhamon, pharaon \u00e9gyptien ayant \u00e9t\u00e9 le dernier de sa famille royale \u00e0 r\u00e9gner \u00e0 la fin de la 18e dynastie), qui fut un symbole de pouvoir et de contr\u00f4le d\u00e8s le d\u00e9but de la p\u00e9riode dynastique. En r\u00e9sum\u00e9, cette \u0153uvre est pleine de symbolisme et d\u2019histoire ancienne qui exigerait de longs paragraphes pour l\u2019expliquer dans sa globalit\u00e9.<\/p>\n<p>&nbsp;<\/p>\n<p>L\u2019objectif principal de cette \u0153uvre est d\u2019illustrer la contribution de l\u2019Afrique noire aux civilisations \u00e9gyptiennes, une hypoth\u00e8se maintes fois rejet\u00e9e par les universitaires traditionnels qui soutiennent que, malgr\u00e9 la diversit\u00e9 ph\u00e9notypique des \u00c9gyptiens de l\u2019Antiquit\u00e9 et d\u2019aujourd\u2019hui, l\u2019application des notions modernes de races noires ou blanches \u00e0 l\u2019\u00c9gypte ancienne est anachronique. Quoi qu\u2019il en soit, je voulais juste faire valoir mon point de vue artistique.<\/p>","protected":false},"excerpt":{"rendered":"<h6><strong style=\"color: #212121; font-family: Syne, sans-serif; font-size: 19px; letter-spacing: 0px; text-transform: uppercase;\">ARTISTE : MAWU<\/strong><\/h6>\n<p>Huile sur toile<br \/>\n(101 x 76 x 2 cm \/ 40 x 30 x 0.7 po)<br \/>\nCr\u00e9\u00e9e en 2020<\/p>\n<p>&nbsp;<\/p>\n<p><em>Cet article est exp\u00e9di\u00e9 tendu sur son cadre en bois d'origine, comme le montre la photo ci-contre.<\/em><\/p>\n<p>&nbsp;<\/p>\n<p><strong><em>Pour nous assurer que l'\u0153uvre r\u00e9pond \u00e0 vos attentes, nous serions ravis de vous en fournir une vid\u00e9o en haute d\u00e9finition accompagn\u00e9e des commentaires de l'artiste, avant que vous ne proc\u00e9diez \u00e0 l'achat. Pour ce faire, il vous suffit de communiquer avec nous par courriel \u00e0 <a rel=\"noopener\">mawuartgallery@gmail.com<\/a> D\u00e8s r\u00e9ception de votre demande, nous vous ferons parvenir une ou plusieurs vid\u00e9os\/photos selon votre choix.<\/em><\/strong><\/p>\n<p>&nbsp;<\/p>\n<p><strong>LIVRAISON GRATUITE POUR TOUTES LES COMMANDES<\/strong><\/p>","protected":false},"featured_media":5210,"comment_status":"open","ping_status":"closed","template":"","meta":{"nf_dc_page":""},"product_brand":[],"product_cat":[70,43],"product_tag":[32,34,42],"class_list":{"0":"post-5721","1":"product","2":"type-product","3":"status-publish","4":"has-post-thumbnail","6":"product_cat-oil-painting","7":"product_cat-paintings","8":"product_tag-art","9":"product_tag-color","10":"product_tag-painting","11":"product_shipping_class-stretched-on-frame","13":"first","14":"instock","15":"sold-individually","16":"shipping-taxable","17":"purchasable","18":"product-type-simple"},"_links":{"self":[{"href":"https:\/\/mawuartgallery.com\/fr\/wp-json\/wp\/v2\/product\/5721","targetHints":{"allow":["GET"]}}],"collection":[{"href":"https:\/\/mawuartgallery.com\/fr\/wp-json\/wp\/v2\/product"}],"about":[{"href":"https:\/\/mawuartgallery.com\/fr\/wp-json\/wp\/v2\/types\/product"}],"replies":[{"embeddable":true,"href":"https:\/\/mawuartgallery.com\/fr\/wp-json\/wp\/v2\/comments?post=5721"}],"version-history":[{"count":0,"href":"https:\/\/mawuartgallery.com\/fr\/wp-json\/wp\/v2\/product\/5721\/revisions"}],"wp:featuredmedia":[{"embeddable":true,"href":"https:\/\/mawuartgallery.com\/fr\/wp-json\/wp\/v2\/media\/5210"}],"wp:attachment":[{"href":"https:\/\/mawuartgallery.com\/fr\/wp-json\/wp\/v2\/media?parent=5721"}],"wp:term":[{"taxonomy":"product_brand","embeddable":true,"href":"https:\/\/mawuartgallery.com\/fr\/wp-json\/wp\/v2\/product_brand?post=5721"},{"taxonomy":"product_cat","embeddable":true,"href":"https:\/\/mawuartgallery.com\/fr\/wp-json\/wp\/v2\/product_cat?post=5721"},{"taxonomy":"product_tag","embeddable":true,"href":"https:\/\/mawuartgallery.com\/fr\/wp-json\/wp\/v2\/product_tag?post=5721"}],"curies":[{"name":"wp","href":"https:\/\/api.w.org\/{rel}","templated":true}]}}