{"id":5355,"date":"2022-11-07T15:14:24","date_gmt":"2022-11-07T15:14:24","guid":{"rendered":"https:\/\/mawuartgallery.com\/?post_type=product&#038;p=5355"},"modified":"2024-12-26T08:48:12","modified_gmt":"2024-12-26T12:48:12","slug":"afrikan-puzzle","status":"publish","type":"product","link":"https:\/\/mawuartgallery.com\/fr\/produit\/afrikan-puzzle\/","title":{"rendered":"Casse-t\u00eate Africain"},"content":{"rendered":"<p>Il m\u2019a fallu environ un an pour r\u00e9aliser cette \u0153uvre, partant de la peur de remplir cette immense toile jusqu\u2019\u00e0 l\u2019enthousiasme d\u2019y apporter les touches finales. C\u2019est elle qui m\u2019a permis de maintenir mon \u00e9quilibre mental et spirituel lorsque la pand\u00e9mie de Covid-19 a frapp\u00e9, changeant ma vie et mon environnement comme pour des millions de gens dans le monde.<\/p>\n<p>&nbsp;<\/p>\n<p>Casse-t\u00eate Africain est le reflet de l\u2019Afrique dont le pass\u00e9 glorieux et les connaissances sont souvent ni\u00e9s, contest\u00e9s et r\u00e9invent\u00e9s au point d\u2019en devenir d\u00e9routants, de l\u2019Afrique dont les enfants ont \u00e9t\u00e9 dispers\u00e9s dans le monde entier pendant des si\u00e8cles pour \u00eatre mis en esclavage, de l\u2019Afrique qui a ensuite \u00e9t\u00e9 divis\u00e9e en 50 pays, cr\u00e9ant une nouvelle carte du continent superpos\u00e9e \u00e0 plus de 1 000 cultures et r\u00e9gions indig\u00e8nes, de l\u2019Afrique qui est toujours aux prises avec son lourd pass\u00e9 et son pr\u00e9sent complexe, mais qui aspire \u00e0 b\u00e2tir un avenir prosp\u00e8re.<\/p>\n<p>&nbsp;<\/p>\n<p>L\u2019Afrique est un \u00e9norme casse-t\u00eate que j\u2019ai tent\u00e9 de reconstituer dans cette \u0153uvre. Bien que, selon moi, celle-ci ne soit pas \u00e0 la hauteur de M\u00e8re Afrique dont la beaut\u00e9 est trop profonde pour \u00eatre saisie, je suis fier d\u2019avoir essay\u00e9 et j\u2019aime le r\u00e9sultat.<\/p>","protected":false},"excerpt":{"rendered":"<h6><strong style=\"color: #212121; font-family: Syne, sans-serif; font-size: 19px; letter-spacing: 0px; text-transform: uppercase;\">ARTISTE : MAWU<\/strong><\/h6>\n<p>Huile sur toile<br \/>\n(243 x 122 x 2 cm \/ 96 x 48 x 0.7 po)<br \/>\nCr\u00e9\u00e9e en 2020<\/p>\n<p>&nbsp;<\/p>\n<p><em>En raison de sa taille, cette \u0153uvre est exp\u00e9di\u00e9e enroul\u00e9e dans un tube d'exp\u00e9dition (et non tendue sur le cadre en bois d'origine comme sur la photo).<\/em><\/p>\n<p>&nbsp;<\/p>\n<p><strong><em>Pour nous assurer que l'\u0153uvre r\u00e9pond \u00e0 vos attentes, nous serions ravis de vous en fournir une vid\u00e9o en haute d\u00e9finition accompagn\u00e9e des commentaires de l'artiste, avant que vous ne proc\u00e9diez \u00e0 l'achat. Pour ce faire, il vous suffit de communiquer avec nous par courriel \u00e0 <a rel=\"noopener\">mawuartgallery@gmail.com<\/a> D\u00e8s r\u00e9ception de votre demande, nous vous ferons parvenir une ou plusieurs vid\u00e9os\/photos selon votre choix.<\/em><\/strong><\/p>\n<p>&nbsp;<\/p>\n<p><strong>LIVRAISON GRATUITE POUR TOUTES LES COMMANDES<\/strong><\/p>\n<p>&nbsp;<\/p>\n<p><em>EXCEPTION : Pour les commandes destin\u00e9es \u00e0 la r\u00e9gion m\u00e9tropolitaine de Montr\u00e9al (Grand Montr\u00e9al), l'\u0153uvre pourra \u00eatre livr\u00e9e tendue sur son cadre en bois original. Veuillez communiquer avec moi pour prendre les dispositions n\u00e9cessaires.<\/em><\/p>","protected":false},"featured_media":5357,"comment_status":"open","ping_status":"closed","template":"","meta":{"nf_dc_page":""},"product_brand":[],"product_cat":[70,43],"product_tag":[32,34,42],"class_list":{"0":"post-5355","1":"product","2":"type-product","3":"status-publish","4":"has-post-thumbnail","6":"product_cat-oil-painting","7":"product_cat-paintings","8":"product_tag-art","9":"product_tag-color","10":"product_tag-painting","11":"product_shipping_class-mailing-tube","13":"first","14":"instock","15":"sold-individually","16":"shipping-taxable","17":"purchasable","18":"product-type-simple"},"_links":{"self":[{"href":"https:\/\/mawuartgallery.com\/fr\/wp-json\/wp\/v2\/product\/5355","targetHints":{"allow":["GET"]}}],"collection":[{"href":"https:\/\/mawuartgallery.com\/fr\/wp-json\/wp\/v2\/product"}],"about":[{"href":"https:\/\/mawuartgallery.com\/fr\/wp-json\/wp\/v2\/types\/product"}],"replies":[{"embeddable":true,"href":"https:\/\/mawuartgallery.com\/fr\/wp-json\/wp\/v2\/comments?post=5355"}],"version-history":[{"count":0,"href":"https:\/\/mawuartgallery.com\/fr\/wp-json\/wp\/v2\/product\/5355\/revisions"}],"wp:featuredmedia":[{"embeddable":true,"href":"https:\/\/mawuartgallery.com\/fr\/wp-json\/wp\/v2\/media\/5357"}],"wp:attachment":[{"href":"https:\/\/mawuartgallery.com\/fr\/wp-json\/wp\/v2\/media?parent=5355"}],"wp:term":[{"taxonomy":"product_brand","embeddable":true,"href":"https:\/\/mawuartgallery.com\/fr\/wp-json\/wp\/v2\/product_brand?post=5355"},{"taxonomy":"product_cat","embeddable":true,"href":"https:\/\/mawuartgallery.com\/fr\/wp-json\/wp\/v2\/product_cat?post=5355"},{"taxonomy":"product_tag","embeddable":true,"href":"https:\/\/mawuartgallery.com\/fr\/wp-json\/wp\/v2\/product_tag?post=5355"}],"curies":[{"name":"wp","href":"https:\/\/api.w.org\/{rel}","templated":true}]}}