{"id":5338,"date":"2022-11-03T19:49:38","date_gmt":"2022-11-03T19:49:38","guid":{"rendered":"https:\/\/mawuartgallery.com\/?post_type=product&#038;p=5338"},"modified":"2024-12-26T09:59:02","modified_gmt":"2024-12-26T13:59:02","slug":"human-nature","status":"publish","type":"product","link":"https:\/\/mawuartgallery.com\/fr\/produit\/human-nature\/","title":{"rendered":"Nature humaine"},"content":{"rendered":"<p>Nous, les humains, avons bien des ant\u00e9c\u00e9dents de destruction aux fins de profit, de pouvoir, de plaisir ou pour d\u2019autres raisons douteuses. Je me demande donc qui est l\u2019animal le plus f\u00e9roce de notre plan\u00e8te.<\/p>","protected":false},"excerpt":{"rendered":"<h6><strong style=\"color: #212121; font-family: Syne, sans-serif; font-size: 19px; letter-spacing: 0px; text-transform: uppercase;\">ARTISTE : MAWU<\/strong><\/h6>\n<p>Huile sur toile<br \/>\n(101 x 101 x 4 cm \/ 40 x 40 x 1 \u00bd po)<br \/>\nCr\u00e9\u00e9e en 2021<\/p>\n<p>&nbsp;<\/p>\n<p><em>Cet article est exp\u00e9di\u00e9 tendu sur son cadre en bois d'origine, comme le montre la photo ci-contre.<\/em><\/p>\n<p>&nbsp;<\/p>\n<p><strong><em>Pour nous assurer que l'\u0153uvre r\u00e9pond \u00e0 vos attentes, nous serions ravis de vous en fournir une vid\u00e9o en haute d\u00e9finition accompagn\u00e9e des commentaires de l'artiste, avant que vous ne proc\u00e9diez \u00e0 l'achat. Pour ce faire, il vous suffit de communiquer avec nous par courriel \u00e0 <a rel=\"noopener\">mawuartgallery@gmail.com<\/a> D\u00e8s r\u00e9ception de votre demande, nous vous ferons parvenir une ou plusieurs vid\u00e9os\/photos selon votre choix.<\/em><\/strong><\/p>\n<p>&nbsp;<\/p>\n<p><strong>LIVRAISON GRATUITE POUR TOUTES LES COMMANDES<\/strong><\/p>","protected":false},"featured_media":4870,"comment_status":"open","ping_status":"closed","template":"","meta":{"nf_dc_page":""},"product_brand":[],"product_cat":[70,43],"product_tag":[32,34,42],"class_list":{"0":"post-5338","1":"product","2":"type-product","3":"status-publish","4":"has-post-thumbnail","6":"product_cat-oil-painting","7":"product_cat-paintings","8":"product_tag-art","9":"product_tag-color","10":"product_tag-painting","11":"product_shipping_class-stretched-on-frame","13":"first","14":"instock","15":"shipping-taxable","16":"purchasable","17":"product-type-simple"},"_links":{"self":[{"href":"https:\/\/mawuartgallery.com\/fr\/wp-json\/wp\/v2\/product\/5338","targetHints":{"allow":["GET"]}}],"collection":[{"href":"https:\/\/mawuartgallery.com\/fr\/wp-json\/wp\/v2\/product"}],"about":[{"href":"https:\/\/mawuartgallery.com\/fr\/wp-json\/wp\/v2\/types\/product"}],"replies":[{"embeddable":true,"href":"https:\/\/mawuartgallery.com\/fr\/wp-json\/wp\/v2\/comments?post=5338"}],"version-history":[{"count":0,"href":"https:\/\/mawuartgallery.com\/fr\/wp-json\/wp\/v2\/product\/5338\/revisions"}],"wp:featuredmedia":[{"embeddable":true,"href":"https:\/\/mawuartgallery.com\/fr\/wp-json\/wp\/v2\/media\/4870"}],"wp:attachment":[{"href":"https:\/\/mawuartgallery.com\/fr\/wp-json\/wp\/v2\/media?parent=5338"}],"wp:term":[{"taxonomy":"product_brand","embeddable":true,"href":"https:\/\/mawuartgallery.com\/fr\/wp-json\/wp\/v2\/product_brand?post=5338"},{"taxonomy":"product_cat","embeddable":true,"href":"https:\/\/mawuartgallery.com\/fr\/wp-json\/wp\/v2\/product_cat?post=5338"},{"taxonomy":"product_tag","embeddable":true,"href":"https:\/\/mawuartgallery.com\/fr\/wp-json\/wp\/v2\/product_tag?post=5338"}],"curies":[{"name":"wp","href":"https:\/\/api.w.org\/{rel}","templated":true}]}}