{"id":424,"date":"2021-12-21T14:40:36","date_gmt":"2021-12-21T14:40:36","guid":{"rendered":"https:\/\/ginevra.qodeinteractive.com\/?post_type=product&#038;p=424"},"modified":"2025-05-21T08:06:52","modified_gmt":"2025-05-21T12:06:52","slug":"moonrise","status":"publish","type":"product","link":"https:\/\/mawuartgallery.com\/fr\/produit\/moonrise\/","title":{"rendered":"Lever de lune"},"content":{"rendered":"<p>Cette \u0153uvre m\u2019est venue de mani\u00e8re tr\u00e8s spontan\u00e9e, comme une vision. J\u2019avais pr\u00e9vu de travailler sur d\u2019autres projets, mais la persistance de cette vision \u00e9tait si forte qu\u2019il fallait que la mat\u00e9rialise au plus vite, ce que j\u2019ai fait. Curieusement, j\u2019en ai ex\u00e9cut\u00e9 la plus grande partie un jour de pleine lune et la nuit venue, j\u2019\u00e9tais inhabituellement tr\u00e8s \u00e9puis\u00e9. Cette \u0153uvre a litt\u00e9ralement requis beaucoup d\u2019\u00e9nergie spirituelle et cr\u00e9ative.<\/p>\n<p>&nbsp;<\/p>\n<p>*En cosmologie (branche de l\u2019astronomie qui \u00e9tudie la structure d\u2019ensemble et l\u2019\u00e9volution de l\u2019Univers), l'\u00e9nergie noire ou \u00e9nergie sombre (dark energy en anglais) est une forme d\u2019\u00e9nergie hypoth\u00e9tique remplissant uniform\u00e9ment tout l\u2019Univers et dot\u00e9e d\u2019une pression n\u00e9gative, elle se comporte comme une force gravitationnelle r\u00e9pulsive. L\u2019existence de l\u2019\u00e9nergie noire est n\u00e9cessaire pour expliquer diverses observations astrophysiques, notamment l\u2019acc\u00e9l\u00e9ration de l\u2019expansion de l\u2019Univers.<\/p>\n<p>&nbsp;<\/p>\n<p>1 \u2013 Source : https:\/\/fr.wikipedia.org\/wiki\/nergie_noire<\/p>","protected":false},"excerpt":{"rendered":"<h6><strong><a href=\"https:\/\/mawuartgallery.com\/fr\/about-me\/\">ARTISTE : MAWU<\/a><\/strong><\/h6>\n<p><em>S\u00e9rie \u00c9NERGIE NOIRE<\/em> \u2013 Vision 3<br \/>\nHuile sur toile<br \/>\n(48 x 36 x 1.5 in. \/ 122 x 91 x 4 cm)<br \/>\nCr\u00e9\u00e9e en 2021<\/p>\n<p>&nbsp;<\/p>\n<p><em>Cet article est exp\u00e9di\u00e9 tendu sur son cadre en bois d'origine, comme le montre la photo ci-contre.<\/em><\/p>\n<p>&nbsp;<\/p>\n<p><strong><em>Pour nous assurer que l'\u0153uvre r\u00e9pond \u00e0 vos attentes, nous serions ravis de vous en fournir une vid\u00e9o en haute d\u00e9finition accompagn\u00e9e des commentaires de l'artiste, avant que vous ne proc\u00e9diez \u00e0 l'achat. Pour ce faire, il vous suffit de communiquer avec nous par courriel \u00e0 <a rel=\"noopener\">mawuartgallery@gmail.com<\/a> D\u00e8s r\u00e9ception de votre demande, nous vous ferons parvenir une ou plusieurs vid\u00e9os\/photos selon votre choix.<\/em><\/strong><\/p>\n<p>&nbsp;<\/p>\n<p><strong>LIVRAISON GRATUITE POUR TOUTES LES COMMANDES<\/strong><\/p>\n<p>&nbsp;<\/p>\n<p><em>EXCEPTION : Pour les commandes destin\u00e9es \u00e0 la r\u00e9gion m\u00e9tropolitaine de Montr\u00e9al (Grand Montr\u00e9al), l'\u0153uvre pourra \u00eatre livr\u00e9e tendue sur son cadre en bois original. Veuillez communiquer avec moi pour prendre les dispositions n\u00e9cessaires.<\/em><\/p>","protected":false},"featured_media":4889,"comment_status":"open","ping_status":"closed","template":"","meta":{"nf_dc_page":""},"product_brand":[],"product_cat":[70,43],"product_tag":[32,34,42],"class_list":{"0":"post-424","1":"product","2":"type-product","3":"status-publish","4":"has-post-thumbnail","6":"product_cat-oil-painting","7":"product_cat-paintings","8":"product_tag-art","9":"product_tag-color","10":"product_tag-painting","11":"product_shipping_class-mailing-tube","13":"first","14":"instock","15":"sale","16":"sold-individually","17":"shipping-taxable","18":"purchasable","19":"product-type-simple"},"_links":{"self":[{"href":"https:\/\/mawuartgallery.com\/fr\/wp-json\/wp\/v2\/product\/424","targetHints":{"allow":["GET"]}}],"collection":[{"href":"https:\/\/mawuartgallery.com\/fr\/wp-json\/wp\/v2\/product"}],"about":[{"href":"https:\/\/mawuartgallery.com\/fr\/wp-json\/wp\/v2\/types\/product"}],"replies":[{"embeddable":true,"href":"https:\/\/mawuartgallery.com\/fr\/wp-json\/wp\/v2\/comments?post=424"}],"version-history":[{"count":0,"href":"https:\/\/mawuartgallery.com\/fr\/wp-json\/wp\/v2\/product\/424\/revisions"}],"wp:featuredmedia":[{"embeddable":true,"href":"https:\/\/mawuartgallery.com\/fr\/wp-json\/wp\/v2\/media\/4889"}],"wp:attachment":[{"href":"https:\/\/mawuartgallery.com\/fr\/wp-json\/wp\/v2\/media?parent=424"}],"wp:term":[{"taxonomy":"product_brand","embeddable":true,"href":"https:\/\/mawuartgallery.com\/fr\/wp-json\/wp\/v2\/product_brand?post=424"},{"taxonomy":"product_cat","embeddable":true,"href":"https:\/\/mawuartgallery.com\/fr\/wp-json\/wp\/v2\/product_cat?post=424"},{"taxonomy":"product_tag","embeddable":true,"href":"https:\/\/mawuartgallery.com\/fr\/wp-json\/wp\/v2\/product_tag?post=424"}],"curies":[{"name":"wp","href":"https:\/\/api.w.org\/{rel}","templated":true}]}}