{"id":419,"date":"2021-12-21T14:39:07","date_gmt":"2021-12-21T14:39:07","guid":{"rendered":"https:\/\/ginevra.qodeinteractive.com\/?post_type=product&#038;p=419"},"modified":"2025-05-21T08:10:04","modified_gmt":"2025-05-21T12:10:04","slug":"magneticlove","status":"publish","type":"product","link":"https:\/\/mawuartgallery.com\/fr\/produit\/magneticlove\/","title":{"rendered":"Amour magn\u00e9tique"},"content":{"rendered":"<p class=\"translation-block\">Voici la premi\u00e8re \u0153uvre de ma <a href=\"https:\/\/mawuartgallery.com\/fr\/dark-energy\/\" target=\"_self\"><em>s\u00e9rie \u00c9NERGIE NOIRE<\/em><\/a> dans laquelle j\u2019explore des couleurs plus sobres que les couleurs chaudes que j\u2019utilise habituellement. Cette \u0153uvre s\u2019inscrit dans le cadre de mon exp\u00e9rience qui vise \u00e0 \u00ab casser les codes \u00bb de mon style de fa\u00e7on \u00e0 l\u2019enrichir et \u00e0 \u00e9largir mon univers. Elle s\u2019aligne sur le fil conducteur de la s\u00e9rie qui consiste \u00e0 explorer la connexion entre l\u2019homme et l\u2019univers, notamment les diverses \u00e9nergies de la nature qui, bien qu\u2019invisibles, mais n\u2019en demeure pas moins tr\u00e8s puissantes.<\/p>\n<p>&nbsp;<\/p>\n<p>J\u2019ai toujours \u00e9t\u00e9 fascin\u00e9 par l\u2019espace; sa beaut\u00e9, sa signification, son but. Regarder un ciel \u00e9toil\u00e9 m\u2019a toujours fait ressentir une sorte de pl\u00e9nitude, sans que je puisse verbaliser pourquoi. Par cette \u0153uvre, j\u2019ai voulu exprimer le magn\u00e9tisme que l\u2019espace a sur moi et les \u00e9motions profondes qu\u2019il fait na\u00eetre en moi; l\u2019amour et la gratitude d\u2019\u00eatre vivant et conscient de mon existence.<\/p>\n<p>&nbsp;<\/p>\n<p>Je voulais aussi \u00e9tablir un parall\u00e8le entre le magn\u00e9tisme de l\u2019espace, en particulier des trous noirs (suppos\u00e9s par les astrophysiciens), et l\u2019\u00e9motion la plus forte chez l\u2019\u00eatre humain, \u00e0 savoir l\u2019amour. Ces deux forces sont trop puissantes pour \u00eatre combattues et nous tirent vers l\u2019inconnu.<\/p>","protected":false},"excerpt":{"rendered":"<h6><strong><a href=\"https:\/\/mawuartgallery.com\/fr\/about-me\/\">ARTISTE : MAWU<\/a><\/strong><\/h6>\n<p><em>S\u00e9rie \u00c9NERGIE NOIRE<\/em> \u2013 Vision 1<br \/>\nHuile sur toile<br \/>\n(48 x 36 x 1.5 in. \/ 122 x 91 x 4 cm)<br \/>\nCr\u00e9\u00e9e en 2021<\/p>\n<p>&nbsp;<\/p>\n<p><em>Cet article est exp\u00e9di\u00e9 tendu sur son cadre en bois d'origine, comme le montre la photo ci-contre.<\/em><\/p>\n<p>&nbsp;<\/p>\n<p><strong><em>Pour nous assurer que l'\u0153uvre r\u00e9pond \u00e0 vos attentes, nous serions ravis de vous en fournir une vid\u00e9o en haute d\u00e9finition accompagn\u00e9e des commentaires de l'artiste, avant que vous ne proc\u00e9diez \u00e0 l'achat. Pour ce faire, il vous suffit de communiquer avec nous par courriel \u00e0 <a rel=\"noopener\">mawuartgallery@gmail.com<\/a> D\u00e8s r\u00e9ception de votre demande, nous vous ferons parvenir une ou plusieurs vid\u00e9os\/photos selon votre choix.<\/em><\/strong><\/p>\n<p><em>.<\/em><\/p>\n<p><strong>LIVRAISON GRATUITE POUR TOUTES LES COMMANDES<\/strong><\/p>\n<p>&nbsp;<\/p>\n<p><em>EXCEPTION : Pour les commandes destin\u00e9es \u00e0 la r\u00e9gion m\u00e9tropolitaine de Montr\u00e9al (Grand Montr\u00e9al), l'\u0153uvre pourra \u00eatre livr\u00e9e tendue sur son cadre en bois original. Veuillez communiquer avec moi pour prendre les dispositions n\u00e9cessaires.<\/em><\/p>","protected":false},"featured_media":4882,"comment_status":"open","ping_status":"closed","template":"","meta":{"nf_dc_page":""},"product_brand":[],"product_cat":[70,43],"product_tag":[32,34,42],"class_list":{"0":"post-419","1":"product","2":"type-product","3":"status-publish","4":"has-post-thumbnail","6":"product_cat-oil-painting","7":"product_cat-paintings","8":"product_tag-art","9":"product_tag-color","10":"product_tag-painting","11":"product_shipping_class-mailing-tube","13":"first","14":"instock","15":"sale","16":"sold-individually","17":"shipping-taxable","18":"purchasable","19":"product-type-simple"},"_links":{"self":[{"href":"https:\/\/mawuartgallery.com\/fr\/wp-json\/wp\/v2\/product\/419","targetHints":{"allow":["GET"]}}],"collection":[{"href":"https:\/\/mawuartgallery.com\/fr\/wp-json\/wp\/v2\/product"}],"about":[{"href":"https:\/\/mawuartgallery.com\/fr\/wp-json\/wp\/v2\/types\/product"}],"replies":[{"embeddable":true,"href":"https:\/\/mawuartgallery.com\/fr\/wp-json\/wp\/v2\/comments?post=419"}],"version-history":[{"count":0,"href":"https:\/\/mawuartgallery.com\/fr\/wp-json\/wp\/v2\/product\/419\/revisions"}],"wp:featuredmedia":[{"embeddable":true,"href":"https:\/\/mawuartgallery.com\/fr\/wp-json\/wp\/v2\/media\/4882"}],"wp:attachment":[{"href":"https:\/\/mawuartgallery.com\/fr\/wp-json\/wp\/v2\/media?parent=419"}],"wp:term":[{"taxonomy":"product_brand","embeddable":true,"href":"https:\/\/mawuartgallery.com\/fr\/wp-json\/wp\/v2\/product_brand?post=419"},{"taxonomy":"product_cat","embeddable":true,"href":"https:\/\/mawuartgallery.com\/fr\/wp-json\/wp\/v2\/product_cat?post=419"},{"taxonomy":"product_tag","embeddable":true,"href":"https:\/\/mawuartgallery.com\/fr\/wp-json\/wp\/v2\/product_tag?post=419"}],"curies":[{"name":"wp","href":"https:\/\/api.w.org\/{rel}","templated":true}]}}