{"id":414,"date":"2021-12-21T14:35:12","date_gmt":"2021-12-21T14:35:12","guid":{"rendered":"https:\/\/ginevra.qodeinteractive.com\/?post_type=product&#038;p=414"},"modified":"2025-05-21T08:11:26","modified_gmt":"2025-05-21T12:11:26","slug":"subtleenergy","status":"publish","type":"product","link":"https:\/\/mawuartgallery.com\/fr\/produit\/subtleenergy\/","title":{"rendered":"\u00c9nergie subtile"},"content":{"rendered":"<p>J\u2019ai commenc\u00e9 \u00e0 m\u00e9diter lorsque la pand\u00e9mie de Covid-19 a frapp\u00e9. Je venais de perdre mon emploi et j\u2019\u00e9prouvais beaucoup de stress et d\u2019\u00e9motions n\u00e9gatives. La m\u00e9ditation m\u2019a servi de m\u00e9canisme d\u2019adaptation. Elle fait d\u00e9sormais partie de ma routine quotidienne (le matin ou le soir) et me permet de me pr\u00e9parer \u00e0 une journ\u00e9e stressante ou de l\u2019\u00e9vacuer. Je n\u2019ai aucune id\u00e9e pr\u00e9cise de la mani\u00e8re dont se d\u00e9roule ce processus d\u2019ancrage; je m\u2019assois, respire profond\u00e9ment et me laisse aller. Les pens\u00e9es viennent et s\u2019en vont. Je ne ressens pas grand-chose, si ce n\u2019est que j\u2019existe et que je suis une source d\u2019\u00e9nergie. Je me connecte \u00e0 mon moi le plus profond.<\/p>\n<p>&nbsp;<\/p>\n<p>Tout cela pour dire que je crois que nous sommes bien plus que notre corps physique. Nous abritons \u00e9galement quelque chose de plus subtil, de plus profond, d\u2019illimit\u00e9, quelque chose de puissant que nous ne pouvons voir avec nos yeux.<\/p>","protected":false},"excerpt":{"rendered":"<h6><strong><a href=\"https:\/\/mawuartgallery.com\/fr\/about-me\/\">ARTISTE : MAWU<\/a><\/strong><\/h6>\n<p><em>S\u00e9rie \u00c9NERGIE NOIRE<\/em> \u2013 Vision 2<br \/>\nHuile sur toile<br \/>\n(36 x 24 x 1.5 in. \/ 91 x 60,5 x 4 cm)<br \/>\nCr\u00e9\u00e9e en 2021<\/p>\n<p>&nbsp;<\/p>\n<p><em>Cet article est exp\u00e9di\u00e9 tendu sur son cadre en bois d'origine, comme le montre la photo ci-contre.<\/em><\/p>\n<p>&nbsp;<\/p>\n<p><strong><em>Pour nous assurer que l'\u0153uvre r\u00e9pond \u00e0 vos attentes, nous serions ravis de vous en fournir une vid\u00e9o en haute d\u00e9finition accompagn\u00e9e des commentaires de l'artiste, avant que vous ne proc\u00e9diez \u00e0 l'achat. Pour ce faire, il vous suffit de communiquer avec nous par courriel \u00e0 <a rel=\"noopener\">mawuartgallery@gmail.com<\/a> D\u00e8s r\u00e9ception de votre demande, nous vous ferons parvenir une ou plusieurs vid\u00e9os\/photos selon votre choix.<\/em><\/strong><\/p>\n<p>&nbsp;<\/p>\n<p><strong>LIVRAISON GRATUITE POUR TOUTES LES COMMANDES<\/strong><\/p>","protected":false},"featured_media":4902,"comment_status":"open","ping_status":"closed","template":"","meta":{"nf_dc_page":""},"product_brand":[],"product_cat":[70,43],"product_tag":[32,34,42],"class_list":{"0":"post-414","1":"product","2":"type-product","3":"status-publish","4":"has-post-thumbnail","6":"product_cat-oil-painting","7":"product_cat-paintings","8":"product_tag-art","9":"product_tag-color","10":"product_tag-painting","11":"product_shipping_class-stretched-on-frame","13":"first","14":"instock","15":"sale","16":"sold-individually","17":"shipping-taxable","18":"purchasable","19":"product-type-simple"},"_links":{"self":[{"href":"https:\/\/mawuartgallery.com\/fr\/wp-json\/wp\/v2\/product\/414","targetHints":{"allow":["GET"]}}],"collection":[{"href":"https:\/\/mawuartgallery.com\/fr\/wp-json\/wp\/v2\/product"}],"about":[{"href":"https:\/\/mawuartgallery.com\/fr\/wp-json\/wp\/v2\/types\/product"}],"replies":[{"embeddable":true,"href":"https:\/\/mawuartgallery.com\/fr\/wp-json\/wp\/v2\/comments?post=414"}],"version-history":[{"count":0,"href":"https:\/\/mawuartgallery.com\/fr\/wp-json\/wp\/v2\/product\/414\/revisions"}],"wp:featuredmedia":[{"embeddable":true,"href":"https:\/\/mawuartgallery.com\/fr\/wp-json\/wp\/v2\/media\/4902"}],"wp:attachment":[{"href":"https:\/\/mawuartgallery.com\/fr\/wp-json\/wp\/v2\/media?parent=414"}],"wp:term":[{"taxonomy":"product_brand","embeddable":true,"href":"https:\/\/mawuartgallery.com\/fr\/wp-json\/wp\/v2\/product_brand?post=414"},{"taxonomy":"product_cat","embeddable":true,"href":"https:\/\/mawuartgallery.com\/fr\/wp-json\/wp\/v2\/product_cat?post=414"},{"taxonomy":"product_tag","embeddable":true,"href":"https:\/\/mawuartgallery.com\/fr\/wp-json\/wp\/v2\/product_tag?post=414"}],"curies":[{"name":"wp","href":"https:\/\/api.w.org\/{rel}","templated":true}]}}