{"id":228,"date":"2021-12-21T12:16:09","date_gmt":"2021-12-21T12:16:09","guid":{"rendered":"https:\/\/ginevra.qodeinteractive.com\/?post_type=product&#038;p=228"},"modified":"2024-12-26T10:19:57","modified_gmt":"2024-12-26T14:19:57","slug":"feelin-vitiligood","status":"publish","type":"product","link":"https:\/\/mawuartgallery.com\/fr\/produit\/feelin-vitiligood\/","title":{"rendered":"Bien dans ma peau"},"content":{"rendered":"<p>&nbsp;<\/p>\n<p>Dans sa c\u00e9l\u00e8bre chanson \u00ab Black or White \u00bb, Michael Jackson disait : \u00ab Je ne vais pas passer ma vie \u00e0 \u00eatre une couleur \u00bb. Ironiquement, il \u00e9tait atteint de vitiligo, une affection qui entra\u00eene la perte de couleur de la peau, plus pr\u00e9cis\u00e9ment de ses cellules pigmentaires (m\u00e9lanocytes). Cela peut se traduire par des taches d\u00e9color\u00e9es sur diff\u00e9rentes parties du corps, notamment la peau, les cheveux et les muqueuses. Ainsi, Michael Jackson a \u00e9t\u00e9 noir, puis blanc.<\/p>\n<p>&nbsp;<\/p>\n<p>La femme repr\u00e9sent\u00e9e dans cette \u0153uvre est noire et blanche. Je suis noir. Que retirez-vous de tout cela? Pas grand-chose. Je suppose que nous devons donc creuser davantage pour trouver des informations plus substantielles. Qui \u00e9tait Michael Jackson? Qui est la femme repr\u00e9sent\u00e9e dans cette \u0153uvre? Qui suis-je? Qui \u00eates-vous? Votre couleur vous semble-t-elle un attribut suffisant pour d\u00e9crire l'ensemble de votre personne? Quelles sont vos qualit\u00e9s ? Quels sont vos d\u00e9fauts? Vous aimez-vous en tant que personne? Je vous laisse r\u00e9fl\u00e9chir \u00e0 toutes ces questions. Pendant ce temps-l\u00e0, je vais simplement jouir de la vie et de mon sentiment de bien-\u00eatre dans ma peau, comme la femme de mon \u0153uvre.<\/p>","protected":false},"excerpt":{"rendered":"<h6><strong style=\"color: #212121; font-family: Syne, sans-serif; font-size: 19px; letter-spacing: 0px; text-transform: uppercase;\">ARTISTE : MAWU<\/strong><\/h6>\n<p>Huile sur toile<br \/>\n(40 x 30 x 1.5 po \/ 101 x 76 x 4 cm)<br \/>\nCr\u00e9\u00e9e en 2020<\/p>\n<p>&nbsp;<\/p>\n<p><em>Cet article est exp\u00e9di\u00e9 tendu sur son cadre en bois d'origine, comme le montre la photo ci-contre.<\/em><\/p>\n<p>&nbsp;<\/p>\n<p><strong><em>Pour nous assurer que l'\u0153uvre r\u00e9pond \u00e0 vos attentes, nous serions ravis de vous en fournir une vid\u00e9o en haute d\u00e9finition accompagn\u00e9e des commentaires de l'artiste, avant que vous ne proc\u00e9diez \u00e0 l'achat. Pour ce faire, il vous suffit de communiquer avec nous par courriel \u00e0 <a rel=\"noopener\">mawuartgallery@gmail.com<\/a> D\u00e8s r\u00e9ception de votre demande, nous vous ferons parvenir une ou plusieurs vid\u00e9os\/photos selon votre choix.<\/em><\/strong><\/p>\n<p>&nbsp;<\/p>\n<p><strong>LIVRAISON GRATUITE POUR TOUTES LES COMMANDES<\/strong><\/p>","protected":false},"featured_media":4864,"comment_status":"open","ping_status":"closed","template":"","meta":{"nf_dc_page":""},"product_brand":[],"product_cat":[70,43],"product_tag":[32,34,42],"class_list":{"0":"post-228","1":"product","2":"type-product","3":"status-publish","4":"has-post-thumbnail","6":"product_cat-oil-painting","7":"product_cat-paintings","8":"product_tag-art","9":"product_tag-color","10":"product_tag-painting","11":"product_shipping_class-stretched-on-frame","13":"first","14":"instock","15":"sold-individually","16":"shipping-taxable","17":"purchasable","18":"product-type-simple"},"_links":{"self":[{"href":"https:\/\/mawuartgallery.com\/fr\/wp-json\/wp\/v2\/product\/228","targetHints":{"allow":["GET"]}}],"collection":[{"href":"https:\/\/mawuartgallery.com\/fr\/wp-json\/wp\/v2\/product"}],"about":[{"href":"https:\/\/mawuartgallery.com\/fr\/wp-json\/wp\/v2\/types\/product"}],"replies":[{"embeddable":true,"href":"https:\/\/mawuartgallery.com\/fr\/wp-json\/wp\/v2\/comments?post=228"}],"version-history":[{"count":0,"href":"https:\/\/mawuartgallery.com\/fr\/wp-json\/wp\/v2\/product\/228\/revisions"}],"wp:featuredmedia":[{"embeddable":true,"href":"https:\/\/mawuartgallery.com\/fr\/wp-json\/wp\/v2\/media\/4864"}],"wp:attachment":[{"href":"https:\/\/mawuartgallery.com\/fr\/wp-json\/wp\/v2\/media?parent=228"}],"wp:term":[{"taxonomy":"product_brand","embeddable":true,"href":"https:\/\/mawuartgallery.com\/fr\/wp-json\/wp\/v2\/product_brand?post=228"},{"taxonomy":"product_cat","embeddable":true,"href":"https:\/\/mawuartgallery.com\/fr\/wp-json\/wp\/v2\/product_cat?post=228"},{"taxonomy":"product_tag","embeddable":true,"href":"https:\/\/mawuartgallery.com\/fr\/wp-json\/wp\/v2\/product_tag?post=228"}],"curies":[{"name":"wp","href":"https:\/\/api.w.org\/{rel}","templated":true}]}}