{"id":18350,"date":"2026-05-13T09:14:17","date_gmt":"2026-05-13T13:14:17","guid":{"rendered":"https:\/\/mawuartgallery.com\/?post_type=product&#038;p=18350"},"modified":"2026-05-13T09:24:41","modified_gmt":"2026-05-13T13:24:41","slug":"zuri","status":"publish","type":"product","link":"https:\/\/mawuartgallery.com\/fr\/produit\/zuri\/","title":{"rendered":"Zuri"},"content":{"rendered":"<p>Le long de la c\u00f4te swahilie d\u2019Afrique de l\u2019Est, le pr\u00e9nom Zuri est prononc\u00e9 comme une b\u00e9n\u00e9diction. Simple dans sa sonorit\u00e9 mais profond dans sa signification, il \u00e9voque la beaut\u00e9 non seulement comme quelque chose qui se voit, mais aussi comme quelque chose qui se ressent profond\u00e9ment.<br \/>\n&nbsp;<br \/>\nEn swahili, Zuri signifie beau, bon, agr\u00e9able \u2014 mais dans cette culture, la beaut\u00e9 ne se limite jamais \u00e0 l\u2019apparence seule. Elle r\u00e9side dans la gentillesse, la gr\u00e2ce, la pr\u00e9sence, dans la fa\u00e7on dont une personne \u00e9volue dans le monde et laisse les autres avec un sentiment de l\u00e9g\u00e8ret\u00e9.<br \/>\n&nbsp;<br \/>\nAppeler quelqu\u2019un Zuri est souvent une expression d\u2019affection, d\u2019admiration et d\u2019espoir. C\u2019est le souhait que cette personne devienne quelqu\u2019un dont l\u2019esprit porte l\u2019harmonie aussi naturellement que la lumi\u00e8re porte la chaleur.<br \/>\nIl y a aussi quelque chose d\u2019intemporel dans le mot lui-m\u00eame.<br \/>\n&nbsp;<br \/>\nDans la vie quotidienne des cultures swahilies, Zuri se manifeste dans les moments de joie et de positivit\u00e9 \u2014 dans les bonnes nouvelles, les \u00e9changes paisibles et la beaut\u00e9 discr\u00e8te tiss\u00e9e dans les liens humains<br \/>\n&nbsp;<br \/>\nCette \u0153uvre s\u2019inspire de cette compr\u00e9hension plus profonde de la beaut\u00e9 : non pas la perfection, mais la pr\u00e9sence ; non pas l\u2019apparence seule, mais l\u2019\u00e9nergie invisible capable d\u2019adoucir une pi\u00e8ce, d\u2019apaiser un esprit et d\u2019illuminer les vies qui l\u2019entourent.<\/p>","protected":false},"excerpt":{"rendered":"<h6><strong>Artiste : <span style=\"color: #0000ff;\"><a style=\"color: #0000ff;\" href=\"https:\/\/mawuartgallery.com\/fr\/portfolio-item\/steve-nyaga\/\">STEVE NYAGA<\/a><\/span><\/strong><\/h6>\n<p>Fusain, craie, pastels et acrylique sur toile invers\u00e9e<br \/>\n(100 x 100 cm \/ 39 x 39 po)<br \/>\nCr\u00e9\u00e9e en 2026<\/p>\n<p>&nbsp;<\/p>\n<p><em>Cet article est soigneusement enroul\u00e9 et exp\u00e9di\u00e9 dans un tube d'exp\u00e9dition afin de garantir une livraison en toute s\u00e9curit\u00e9.<\/em><\/p>\n<p>&nbsp;<\/p>\n<p><strong><em>Pour nous assurer que l'\u0153uvre r\u00e9pond \u00e0 vos attentes, nous serions ravis de vous en fournir une vid\u00e9o en haute d\u00e9finition accompagn\u00e9e des commentaires de l'artiste, avant que vous ne proc\u00e9diez \u00e0 l'achat. Pour ce faire, il vous suffit de communiquer avec nous par courriel \u00e0 <a rel=\"noopener\">mawuartgallery@gmail.com<\/a> D\u00e8s r\u00e9ception de votre demande, nous vous ferons parvenir une ou plusieurs vid\u00e9os\/photos selon votre choix.<\/em><\/strong><\/p>\n<p>&nbsp;<\/p>\n<p><strong>LIVRAISON GRATUITE POUR TOUTES LES COMMANDES<\/strong><\/p>","protected":false},"featured_media":18352,"comment_status":"open","ping_status":"closed","template":"","meta":{"nf_dc_page":""},"product_brand":[],"product_cat":[112,146,121,43,115],"product_tag":[32,34,42],"class_list":{"0":"post-18350","1":"product","2":"type-product","3":"status-publish","4":"has-post-thumbnail","6":"product_cat-acrylic","7":"product_cat-chalk","8":"product_cat-charcoal","9":"product_cat-paintings","10":"product_cat-pastel","11":"product_tag-art","12":"product_tag-color","13":"product_tag-painting","14":"product_shipping_class-mailing-tube","16":"first","17":"instock","18":"sold-individually","19":"shipping-taxable","20":"purchasable","21":"product-type-simple"},"_links":{"self":[{"href":"https:\/\/mawuartgallery.com\/fr\/wp-json\/wp\/v2\/product\/18350","targetHints":{"allow":["GET"]}}],"collection":[{"href":"https:\/\/mawuartgallery.com\/fr\/wp-json\/wp\/v2\/product"}],"about":[{"href":"https:\/\/mawuartgallery.com\/fr\/wp-json\/wp\/v2\/types\/product"}],"replies":[{"embeddable":true,"href":"https:\/\/mawuartgallery.com\/fr\/wp-json\/wp\/v2\/comments?post=18350"}],"version-history":[{"count":2,"href":"https:\/\/mawuartgallery.com\/fr\/wp-json\/wp\/v2\/product\/18350\/revisions"}],"predecessor-version":[{"id":18355,"href":"https:\/\/mawuartgallery.com\/fr\/wp-json\/wp\/v2\/product\/18350\/revisions\/18355"}],"wp:featuredmedia":[{"embeddable":true,"href":"https:\/\/mawuartgallery.com\/fr\/wp-json\/wp\/v2\/media\/18352"}],"wp:attachment":[{"href":"https:\/\/mawuartgallery.com\/fr\/wp-json\/wp\/v2\/media?parent=18350"}],"wp:term":[{"taxonomy":"product_brand","embeddable":true,"href":"https:\/\/mawuartgallery.com\/fr\/wp-json\/wp\/v2\/product_brand?post=18350"},{"taxonomy":"product_cat","embeddable":true,"href":"https:\/\/mawuartgallery.com\/fr\/wp-json\/wp\/v2\/product_cat?post=18350"},{"taxonomy":"product_tag","embeddable":true,"href":"https:\/\/mawuartgallery.com\/fr\/wp-json\/wp\/v2\/product_tag?post=18350"}],"curies":[{"name":"wp","href":"https:\/\/api.w.org\/{rel}","templated":true}]}}