{"id":18334,"date":"2026-05-13T08:29:18","date_gmt":"2026-05-13T12:29:18","guid":{"rendered":"https:\/\/mawuartgallery.com\/?post_type=product&#038;p=18334"},"modified":"2026-05-13T10:01:28","modified_gmt":"2026-05-13T14:01:28","slug":"nashipae","status":"publish","type":"product","link":"https:\/\/mawuartgallery.com\/fr\/produit\/nashipae\/","title":{"rendered":"Nashipae"},"content":{"rendered":"<p>Chez le peuple masa\u00ef d\u2019Afrique de l\u2019Est, le nom Nashipae porte en lui la r\u00e9sonance d\u2019une joie sacr\u00e9e.<br \/>\n&nbsp;<br \/>\nPlus qu\u2019un simple nom, c\u2019est une b\u00e9n\u00e9diction prononc\u00e9e pour donner vie \u2014 un souhait d\u2019une existence remplie d\u2019harmonie, de lumi\u00e8re et de liens humains. Traditionnellement associ\u00e9 au bonheur, \u00e0 la paix et \u00e0 la prosp\u00e9rit\u00e9, Nashipae peut \u00eatre donn\u00e9 \u00e0 un enfant n\u00e9 pendant une p\u00e9riode de f\u00eate ou de soulagement \u2014 un moment o\u00f9 la vie elle-m\u00eame semble respirer apr\u00e8s avoir travers\u00e9 des \u00e9preuves.<br \/>\n&nbsp;<br \/>\nMais dans la culture masa\u00ef, la joie n\u2019est jamais consid\u00e9r\u00e9e comme quelque chose de purement individuel. Elle appartient \u00e0 la communaut\u00e9. Elle se partage dans le chant, le rassemblement, le mouvement, et le rythme des gens qui se tiennent ensemble sous le m\u00eame ciel.<br \/>\n&nbsp;<br \/>\nPorter le nom de Nashipae, c\u2019est donc incarner une pr\u00e9sence qui \u00e9l\u00e8ve les autres \u2014 un rappel que le bonheur peut rayonner vers l\u2019ext\u00e9rieur et devenir une source d\u2019\u00e9quilibre pour ceux qui nous entourent.<br \/>\n&nbsp;<br \/>\nCette \u0153uvre s\u2019inspire de ce rayonnement discret : cette paix int\u00e9rieure qui ne r\u00e9clame pas d\u2019attention, mais qui transforme l\u2019atmosph\u00e8re partout o\u00f9 elle se trouve.<\/p>","protected":false},"excerpt":{"rendered":"<h6><strong>Artiste : <span style=\"color: #0000ff;\"><a style=\"color: #0000ff;\" href=\"https:\/\/mawuartgallery.com\/fr\/portfolio-item\/steve-nyaga\/\">STEVE NYAGA<\/a><\/span><\/strong><\/h6>\n<p>Fusain, craie, pastels et acrylique sur toile invers\u00e9e<br \/>\n(150 x 150 cm \/ 59 x 59 po)<br \/>\nCr\u00e9\u00e9e en 2026<\/p>\n<p>&nbsp;<\/p>\n<p><em>Cet article est soigneusement enroul\u00e9 et exp\u00e9di\u00e9 dans un tube d'exp\u00e9dition afin de garantir une livraison en toute s\u00e9curit\u00e9.<\/em><\/p>\n<p>&nbsp;<\/p>\n<p><strong><em>Pour nous assurer que l'\u0153uvre r\u00e9pond \u00e0 vos attentes, nous serions ravis de vous en fournir une vid\u00e9o en haute d\u00e9finition accompagn\u00e9e des commentaires de l'artiste, avant que vous ne proc\u00e9diez \u00e0 l'achat. Pour ce faire, il vous suffit de communiquer avec nous par courriel \u00e0 <a rel=\"noopener\">mawuartgallery@gmail.com<\/a> D\u00e8s r\u00e9ception de votre demande, nous vous ferons parvenir une ou plusieurs vid\u00e9os\/photos selon votre choix.<\/em><\/strong><\/p>\n<p>&nbsp;<\/p>\n<p><strong>LIVRAISON GRATUITE POUR TOUTES LES COMMANDES<\/strong><\/p>","protected":false},"featured_media":18339,"comment_status":"open","ping_status":"closed","template":"","meta":{"nf_dc_page":""},"product_brand":[],"product_cat":[112,146,121,43,115],"product_tag":[32,34,42],"class_list":{"0":"post-18334","1":"product","2":"type-product","3":"status-publish","4":"has-post-thumbnail","6":"product_cat-acrylic","7":"product_cat-chalk","8":"product_cat-charcoal","9":"product_cat-paintings","10":"product_cat-pastel","11":"product_tag-art","12":"product_tag-color","13":"product_tag-painting","14":"product_shipping_class-mailing-tube","16":"first","17":"instock","18":"shipping-taxable","19":"purchasable","20":"product-type-simple"},"_links":{"self":[{"href":"https:\/\/mawuartgallery.com\/fr\/wp-json\/wp\/v2\/product\/18334","targetHints":{"allow":["GET"]}}],"collection":[{"href":"https:\/\/mawuartgallery.com\/fr\/wp-json\/wp\/v2\/product"}],"about":[{"href":"https:\/\/mawuartgallery.com\/fr\/wp-json\/wp\/v2\/types\/product"}],"replies":[{"embeddable":true,"href":"https:\/\/mawuartgallery.com\/fr\/wp-json\/wp\/v2\/comments?post=18334"}],"version-history":[{"count":5,"href":"https:\/\/mawuartgallery.com\/fr\/wp-json\/wp\/v2\/product\/18334\/revisions"}],"predecessor-version":[{"id":18342,"href":"https:\/\/mawuartgallery.com\/fr\/wp-json\/wp\/v2\/product\/18334\/revisions\/18342"}],"wp:featuredmedia":[{"embeddable":true,"href":"https:\/\/mawuartgallery.com\/fr\/wp-json\/wp\/v2\/media\/18339"}],"wp:attachment":[{"href":"https:\/\/mawuartgallery.com\/fr\/wp-json\/wp\/v2\/media?parent=18334"}],"wp:term":[{"taxonomy":"product_brand","embeddable":true,"href":"https:\/\/mawuartgallery.com\/fr\/wp-json\/wp\/v2\/product_brand?post=18334"},{"taxonomy":"product_cat","embeddable":true,"href":"https:\/\/mawuartgallery.com\/fr\/wp-json\/wp\/v2\/product_cat?post=18334"},{"taxonomy":"product_tag","embeddable":true,"href":"https:\/\/mawuartgallery.com\/fr\/wp-json\/wp\/v2\/product_tag?post=18334"}],"curies":[{"name":"wp","href":"https:\/\/api.w.org\/{rel}","templated":true}]}}