{"id":18318,"date":"2026-05-12T15:35:30","date_gmt":"2026-05-12T19:35:30","guid":{"rendered":"https:\/\/mawuartgallery.com\/?post_type=product&#038;p=18318"},"modified":"2026-05-13T09:57:10","modified_gmt":"2026-05-13T13:57:10","slug":"fatuma","status":"publish","type":"product","link":"https:\/\/mawuartgallery.com\/fr\/produit\/fatuma\/","title":{"rendered":"Fatuma"},"content":{"rendered":"<p data-start=\"0\" data-end=\"283\">Le long de la c\u00f4te swahilie d'Afrique de l'Est, le pr\u00e9nom Fatuma incarne une \u00e9l\u00e9gance discr\u00e8te fa\u00e7onn\u00e9e par la foi, la m\u00e9moire et la tradition. Prononc\u00e9 dans ces lieux o\u00f9 l'oc\u00e9an rencontre des si\u00e8cles d'\u00e9changes culturels \u2014 de Mombasa \u00e0 Lamu et Malindi \u2014, ce pr\u00e9nom \u00e9voque la dignit\u00e9, la gr\u00e2ce et la force int\u00e9rieure. <em data-start=\"49\" data-end=\"57\">Fatuma<\/em> carries a quiet elegance shaped by faith, memory, and tradition. Spoken in places where the ocean meets centuries of cultural exchange \u2014 from Mombasa to Lamu and Malindi \u2014 the name evokes dignity, grace, and inner strength.<\/p>\n<p>&nbsp;<\/p>\n<p data-start=\"285\" data-end=\"495\">D\u00e9riv\u00e9 de <em data-start=\"298\" data-end=\"307\">Fatimah<\/em>, la fille profond\u00e9ment v\u00e9n\u00e9r\u00e9e du proph\u00e8te Mahomet, Fatuma est associ\u00e9 \u00e0 des qualit\u00e9s qui transcendent le temps : la puret\u00e9 du c\u0153ur, la compassion, l\u2019humilit\u00e9, la d\u00e9votion et la r\u00e9silience spirituelle.<\/p>\n<p>&nbsp;<\/p>\n<p data-start=\"497\" data-end=\"759\">Au sein de la culture swahilie, ce pr\u00e9nom se transmet souvent de g\u00e9n\u00e9ration en g\u00e9n\u00e9ration comme un h\u00e9ritage de valeurs \u2014 un rappel que la v\u00e9ritable force ne s\u2019exprime pas toujours \u00e0 voix haute. Parfois, elle r\u00e9side dans la douceur, la patience, la sagesse port\u00e9e par une confiance tranquille.<\/p>\n<p>&nbsp;<\/p>\n<p data-start=\"761\" data-end=\"892\">Fatuma symbolise l\u2019\u00e9quilibre sacr\u00e9 entre douceur et endurance, entre maternit\u00e9 et leadership, entre foi et humanit\u00e9.<\/p>\n<p>&nbsp;<\/p>\n<p data-start=\"894\" data-end=\"1077\" data-is-last-node=\"\" data-is-only-node=\"\">Cette \u0153uvre s\u2019inspire de cette pr\u00e9sence durable : la force invisible port\u00e9e par des femmes dont la gr\u00e2ce fa\u00e7onne les familles, les communaut\u00e9s et l\u2019histoire longtemps apr\u00e8s que leurs voix se sont tues.<\/p>","protected":false},"excerpt":{"rendered":"<h6><strong>Artiste : <span style=\"color: #0000ff;\"><a style=\"color: #0000ff;\" href=\"https:\/\/mawuartgallery.com\/fr\/portfolio-item\/steve-nyaga\/\">STEVE NYAGA<\/a><\/span><\/strong><\/h6>\n<p>Fusain, craie, pastels et acrylique sur toile invers\u00e9e<br \/>\n(150 x 150 cm \/ 59 x 59 po)<br \/>\nCr\u00e9\u00e9e en 2026<\/p>\n<p>&nbsp;<\/p>\n<p><em>Cet article est soigneusement enroul\u00e9 et exp\u00e9di\u00e9 dans un tube d'exp\u00e9dition afin de garantir une livraison en toute s\u00e9curit\u00e9.<\/em><\/p>\n<p>&nbsp;<\/p>\n<p><strong><em>Pour nous assurer que l'\u0153uvre r\u00e9pond \u00e0 vos attentes, nous serions ravis de vous en fournir une vid\u00e9o en haute d\u00e9finition accompagn\u00e9e des commentaires de l'artiste, avant que vous ne proc\u00e9diez \u00e0 l'achat. Pour ce faire, il vous suffit de communiquer avec nous par courriel \u00e0 <a rel=\"noopener\">mawuartgallery@gmail.com<\/a> D\u00e8s r\u00e9ception de votre demande, nous vous ferons parvenir une ou plusieurs vid\u00e9os\/photos selon votre choix.<\/em><\/strong><\/p>\n<p>&nbsp;<\/p>\n<p><strong>LIVRAISON GRATUITE POUR TOUTES LES COMMANDES<\/strong><\/p>","protected":false},"featured_media":18323,"comment_status":"open","ping_status":"closed","template":"","meta":{"nf_dc_page":""},"product_brand":[],"product_cat":[112,146,121,43,115],"product_tag":[32,34,42],"class_list":{"0":"post-18318","1":"product","2":"type-product","3":"status-publish","4":"has-post-thumbnail","6":"product_cat-acrylic","7":"product_cat-chalk","8":"product_cat-charcoal","9":"product_cat-paintings","10":"product_cat-pastel","11":"product_tag-art","12":"product_tag-color","13":"product_tag-painting","14":"product_shipping_class-mailing-tube","16":"first","17":"instock","18":"shipping-taxable","19":"purchasable","20":"product-type-simple"},"_links":{"self":[{"href":"https:\/\/mawuartgallery.com\/fr\/wp-json\/wp\/v2\/product\/18318","targetHints":{"allow":["GET"]}}],"collection":[{"href":"https:\/\/mawuartgallery.com\/fr\/wp-json\/wp\/v2\/product"}],"about":[{"href":"https:\/\/mawuartgallery.com\/fr\/wp-json\/wp\/v2\/types\/product"}],"replies":[{"embeddable":true,"href":"https:\/\/mawuartgallery.com\/fr\/wp-json\/wp\/v2\/comments?post=18318"}],"version-history":[{"count":5,"href":"https:\/\/mawuartgallery.com\/fr\/wp-json\/wp\/v2\/product\/18318\/revisions"}],"predecessor-version":[{"id":18359,"href":"https:\/\/mawuartgallery.com\/fr\/wp-json\/wp\/v2\/product\/18318\/revisions\/18359"}],"wp:featuredmedia":[{"embeddable":true,"href":"https:\/\/mawuartgallery.com\/fr\/wp-json\/wp\/v2\/media\/18323"}],"wp:attachment":[{"href":"https:\/\/mawuartgallery.com\/fr\/wp-json\/wp\/v2\/media?parent=18318"}],"wp:term":[{"taxonomy":"product_brand","embeddable":true,"href":"https:\/\/mawuartgallery.com\/fr\/wp-json\/wp\/v2\/product_brand?post=18318"},{"taxonomy":"product_cat","embeddable":true,"href":"https:\/\/mawuartgallery.com\/fr\/wp-json\/wp\/v2\/product_cat?post=18318"},{"taxonomy":"product_tag","embeddable":true,"href":"https:\/\/mawuartgallery.com\/fr\/wp-json\/wp\/v2\/product_tag?post=18318"}],"curies":[{"name":"wp","href":"https:\/\/api.w.org\/{rel}","templated":true}]}}