{"id":18297,"date":"2026-05-12T14:00:48","date_gmt":"2026-05-12T18:00:48","guid":{"rendered":"https:\/\/mawuartgallery.com\/?post_type=product&#038;p=18297"},"modified":"2026-05-13T09:59:28","modified_gmt":"2026-05-13T13:59:28","slug":"enkai","status":"publish","type":"product","link":"https:\/\/mawuartgallery.com\/fr\/produit\/enkai\/","title":{"rendered":"Enkai"},"content":{"rendered":"<p data-start=\"0\" data-end=\"260\">Chez le peuple masa\u00ef d\u2019Afrique de l\u2019Est, le nom <em data-start=\"49\" data-end=\"56\">Enkai<\/em> porte en lui tout le poids du ciel. C\u2019est le nom donn\u00e9 au Divin \u2014 cette force invisible dont on croit qu\u2019elle insuffle la vie \u00e0 la terre, au b\u00e9tail, \u00e0 la pluie, aux hommes et au rythme m\u00eame de l\u2019existence.<\/p>\n<p>&nbsp;<\/p>\n<p data-start=\"262\" data-end=\"393\">Prononcer le nom d\u2019 <em data-start=\"280\" data-end=\"287\">Enkai<\/em> ce n\u2019est pas simplement invoquer Dieu, mais reconna\u00eetre un lien vivant entre l\u2019humanit\u00e9, la nature et l\u2019esprit.<\/p>\n<p>&nbsp;<\/p>\n<p data-start=\"395\" data-end=\"588\">Dans la tradition masa\u00ef, la terre n\u2019est pas s\u00e9par\u00e9e du sacr\u00e9. Le vent, les vastes plaines, le silence avant la pluie, le soleil levant sur la savane \u2014 tout cela refl\u00e8te la pr\u00e9sence d\u2019Enkai.<\/p>\n<p>&nbsp;<\/p>\n<p data-start=\"590\" data-end=\"848\">En tant que nom symbolique, <em data-start=\"610\" data-end=\"617\">Enkai<\/em> \u00e9voque des notions de b\u00e9n\u00e9diction, de protection, d\u2019origine et d\u2019appartenance spirituelle. Il v\u00e9hicule le sentiment d\u2019\u00eatre guid\u00e9 par quelque chose de plus grand que soi \u2014 une force invisible qui fa\u00e7onne silencieusement le destin tout en restant hors de port\u00e9e de l\u2019humain.<\/p>\n<p>&nbsp;<\/p>\n<p data-start=\"850\" data-end=\"1040\" data-is-last-node=\"\" data-is-only-node=\"\">Cette \u0153uvre s\u2019inspire de cette relation sacr\u00e9e entre le visible et l\u2019invisible : entre l\u2019identit\u00e9 et l\u2019ascendance, entre l\u2019esprit humain et le vaste myst\u00e8re dont il \u00e9merge.<\/p>","protected":false},"excerpt":{"rendered":"<h6><strong>Artiste : <span style=\"color: #0000ff;\"><a style=\"color: #0000ff;\" href=\"https:\/\/mawuartgallery.com\/fr\/portfolio-item\/steve-nyaga\/\">STEVE NYAGA<\/a><\/span><\/strong><\/h6>\n<p>Fusain, craie, pastels et acrylique sur toile invers\u00e9e<br \/>\n(150 x 150 cm \/ 59 x 59 po)<br \/>\nCr\u00e9\u00e9e en 2026<\/p>\n<p>&nbsp;<\/p>\n<p><em>Cet article est soigneusement enroul\u00e9 et exp\u00e9di\u00e9 dans un tube d'exp\u00e9dition afin de garantir une livraison en toute s\u00e9curit\u00e9.<\/em><\/p>\n<p>&nbsp;<\/p>\n<p><strong><em>Pour nous assurer que l'\u0153uvre r\u00e9pond \u00e0 vos attentes, nous serions ravis de vous en fournir une vid\u00e9o en haute d\u00e9finition accompagn\u00e9e des commentaires de l'artiste, avant que vous ne proc\u00e9diez \u00e0 l'achat. Pour ce faire, il vous suffit de communiquer avec nous par courriel \u00e0 <a rel=\"noopener\">mawuartgallery@gmail.com<\/a> D\u00e8s r\u00e9ception de votre demande, nous vous ferons parvenir une ou plusieurs vid\u00e9os\/photos selon votre choix.<\/em><\/strong><\/p>\n<p>&nbsp;<\/p>\n<p><strong>LIVRAISON GRATUITE POUR TOUTES LES COMMANDES<\/strong><\/p>","protected":false},"featured_media":18300,"comment_status":"open","ping_status":"closed","template":"","meta":{"nf_dc_page":""},"product_brand":[],"product_cat":[112,146,121,43,115],"product_tag":[32,34,42],"class_list":{"0":"post-18297","1":"product","2":"type-product","3":"status-publish","4":"has-post-thumbnail","6":"product_cat-acrylic","7":"product_cat-chalk","8":"product_cat-charcoal","9":"product_cat-paintings","10":"product_cat-pastel","11":"product_tag-art","12":"product_tag-color","13":"product_tag-painting","14":"product_shipping_class-mailing-tube","16":"first","17":"instock","18":"shipping-taxable","19":"purchasable","20":"product-type-simple"},"_links":{"self":[{"href":"https:\/\/mawuartgallery.com\/fr\/wp-json\/wp\/v2\/product\/18297","targetHints":{"allow":["GET"]}}],"collection":[{"href":"https:\/\/mawuartgallery.com\/fr\/wp-json\/wp\/v2\/product"}],"about":[{"href":"https:\/\/mawuartgallery.com\/fr\/wp-json\/wp\/v2\/types\/product"}],"replies":[{"embeddable":true,"href":"https:\/\/mawuartgallery.com\/fr\/wp-json\/wp\/v2\/comments?post=18297"}],"version-history":[{"count":5,"href":"https:\/\/mawuartgallery.com\/fr\/wp-json\/wp\/v2\/product\/18297\/revisions"}],"predecessor-version":[{"id":18306,"href":"https:\/\/mawuartgallery.com\/fr\/wp-json\/wp\/v2\/product\/18297\/revisions\/18306"}],"wp:featuredmedia":[{"embeddable":true,"href":"https:\/\/mawuartgallery.com\/fr\/wp-json\/wp\/v2\/media\/18300"}],"wp:attachment":[{"href":"https:\/\/mawuartgallery.com\/fr\/wp-json\/wp\/v2\/media?parent=18297"}],"wp:term":[{"taxonomy":"product_brand","embeddable":true,"href":"https:\/\/mawuartgallery.com\/fr\/wp-json\/wp\/v2\/product_brand?post=18297"},{"taxonomy":"product_cat","embeddable":true,"href":"https:\/\/mawuartgallery.com\/fr\/wp-json\/wp\/v2\/product_cat?post=18297"},{"taxonomy":"product_tag","embeddable":true,"href":"https:\/\/mawuartgallery.com\/fr\/wp-json\/wp\/v2\/product_tag?post=18297"}],"curies":[{"name":"wp","href":"https:\/\/api.w.org\/{rel}","templated":true}]}}