{"id":18271,"date":"2026-05-07T10:27:21","date_gmt":"2026-05-07T14:27:21","guid":{"rendered":"https:\/\/mawuartgallery.com\/?post_type=product&#038;p=18271"},"modified":"2026-05-11T08:50:29","modified_gmt":"2026-05-11T12:50:29","slug":"double-meaning","status":"publish","type":"product","link":"https:\/\/mawuartgallery.com\/fr\/produit\/double-meaning\/","title":{"rendered":"Double sens"},"content":{"rendered":"<p data-start=\"754\" data-end=\"1029\">Double sens explore les contradictions humaines et l\u2019ambigu\u00eft\u00e9 des comportements. \u00c0 travers une composition vibrante et symbolique, Pierre Segoh \u00e9voque ces personnes qui avancent dans deux directions \u00e0 la fois \u2014 celles qui disent oui tout en pensant non, promettent une action sans jamais r\u00e9ellement agir.<\/p>\n<p>&nbsp;<\/p>\n<p data-start=\"1031\" data-end=\"1418\" data-is-last-node=\"\" data-is-only-node=\"\">L\u2019\u0153uvre traduit cette tension entre parole et action, entre pr\u00e9sence et immobilit\u00e9. Chaque forme, chaque symbole semble participer \u00e0 un univers instable o\u00f9 l\u2019intention demeure floue et o\u00f9 le temps finit par r\u00e9v\u00e9ler l\u2019inaction. Avec son langage visuel libre et instinctif, l\u2019artiste dresse ici un portrait critique et profond\u00e9ment humain du \u00ab double sens \u00bb dans les relations et les attitudes du quotidien.<\/p>","protected":false},"excerpt":{"rendered":"<h6><strong>Artiste : <\/strong><a href=\"https:\/\/mawuartgallery.com\/fr\/portfolio-item\/pierre-segoh\/\"><strong><span style=\"color: #0000ff;\">PIERRE SEGOH<\/span><\/strong><\/a><\/h6>\n<p>Acrylique sur toile<br \/>\n(270 x 110 cm \/ 106 x 43 po)<br \/>\nCr\u00e9\u00e9e en 2026<\/p>\n<p>&nbsp;<\/p>\n<p><em>Cet article est soigneusement enroul\u00e9 et exp\u00e9di\u00e9 dans un tube d'exp\u00e9dition afin de garantir une livraison en toute s\u00e9curit\u00e9.<\/em><\/p>\n<p>&nbsp;<\/p>\n<p><strong><em>Pour nous assurer que l'\u0153uvre r\u00e9pond \u00e0 vos attentes, nous serions ravis de vous en fournir une vid\u00e9o en haute d\u00e9finition accompagn\u00e9e des commentaires de l'artiste, avant que vous ne proc\u00e9diez \u00e0 l'achat. Pour ce faire, il vous suffit de communiquer avec nous par courriel \u00e0 <a rel=\"noopener\">mawuartgallery@gmail.com<\/a> D\u00e8s r\u00e9ception de votre demande, nous vous ferons parvenir une ou plusieurs vid\u00e9os\/photos selon votre choix.<\/em><\/strong><\/p>\n<p>&nbsp;<\/p>\n<p><strong>LIVRAISON GRATUITE POUR TOUTES LES COMMANDES<\/strong><\/p>","protected":false},"featured_media":18273,"comment_status":"open","ping_status":"closed","template":"","meta":{"nf_dc_page":""},"product_brand":[],"product_cat":[112,37,70],"product_tag":[32,34,42],"class_list":{"0":"post-18271","1":"product","2":"type-product","3":"status-publish","4":"has-post-thumbnail","6":"product_cat-acrylic","7":"product_cat-drawings","8":"product_cat-oil-painting","9":"product_tag-art","10":"product_tag-color","11":"product_tag-painting","12":"product_shipping_class-mailing-tube","14":"first","15":"instock","16":"sold-individually","17":"shipping-taxable","18":"purchasable","19":"product-type-simple"},"_links":{"self":[{"href":"https:\/\/mawuartgallery.com\/fr\/wp-json\/wp\/v2\/product\/18271","targetHints":{"allow":["GET"]}}],"collection":[{"href":"https:\/\/mawuartgallery.com\/fr\/wp-json\/wp\/v2\/product"}],"about":[{"href":"https:\/\/mawuartgallery.com\/fr\/wp-json\/wp\/v2\/types\/product"}],"replies":[{"embeddable":true,"href":"https:\/\/mawuartgallery.com\/fr\/wp-json\/wp\/v2\/comments?post=18271"}],"version-history":[{"count":2,"href":"https:\/\/mawuartgallery.com\/fr\/wp-json\/wp\/v2\/product\/18271\/revisions"}],"predecessor-version":[{"id":18278,"href":"https:\/\/mawuartgallery.com\/fr\/wp-json\/wp\/v2\/product\/18271\/revisions\/18278"}],"wp:featuredmedia":[{"embeddable":true,"href":"https:\/\/mawuartgallery.com\/fr\/wp-json\/wp\/v2\/media\/18273"}],"wp:attachment":[{"href":"https:\/\/mawuartgallery.com\/fr\/wp-json\/wp\/v2\/media?parent=18271"}],"wp:term":[{"taxonomy":"product_brand","embeddable":true,"href":"https:\/\/mawuartgallery.com\/fr\/wp-json\/wp\/v2\/product_brand?post=18271"},{"taxonomy":"product_cat","embeddable":true,"href":"https:\/\/mawuartgallery.com\/fr\/wp-json\/wp\/v2\/product_cat?post=18271"},{"taxonomy":"product_tag","embeddable":true,"href":"https:\/\/mawuartgallery.com\/fr\/wp-json\/wp\/v2\/product_tag?post=18271"}],"curies":[{"name":"wp","href":"https:\/\/api.w.org\/{rel}","templated":true}]}}