{"id":18266,"date":"2026-05-07T10:14:16","date_gmt":"2026-05-07T14:14:16","guid":{"rendered":"https:\/\/mawuartgallery.com\/?post_type=product&#038;p=18266"},"modified":"2026-05-11T09:56:53","modified_gmt":"2026-05-11T13:56:53","slug":"the-departure-of-the-leader","status":"publish","type":"product","link":"https:\/\/mawuartgallery.com\/fr\/produit\/the-departure-of-the-leader\/","title":{"rendered":"Le d\u00e9part du chef"},"content":{"rendered":"<p>Le D\u00e9part du chef est une r\u00e9flexion sur le changement, le pouvoir et l\u2019in\u00e9vitabilit\u00e9 du d\u00e9part. \u00c0 travers cette composition expressive et symbolique, Pierre Segoh rappelle qu\u2019aucune position, aucune stabilit\u00e9 et aucun pouvoir ne sont \u00e9ternels.<br \/>\n&nbsp;<br \/>\nL\u2019artiste \u00e9voque ici l\u2019id\u00e9e qu\u2019un d\u00e9part \u2014 qu\u2019il soit celui d\u2019un bon ou d\u2019un mauvais dirigeant \u2014 finit toujours par transformer profond\u00e9ment une situation, positivement ou n\u00e9gativement. Derri\u00e8re les figures, les symboles et les tensions visuelles du tableau se cache une m\u00e9ditation plus universelle sur la fragilit\u00e9 des \u00e9quilibres humains et sociaux.<br \/>\n&nbsp;<br \/>\nPour Pierre Segoh, m\u00eame ceux qui semblent solidement install\u00e9s au sommet restent confront\u00e9s \u00e0 une v\u00e9rit\u00e9 simple : tout finit par changer, et chacun est appel\u00e9 \u00e0 partir un jour. \u00c0 travers son langage visuel instinctif et engag\u00e9, l\u2019artiste livre une \u0153uvre \u00e0 la fois politique, philosophique et profond\u00e9ment humaine.<\/p>","protected":false},"excerpt":{"rendered":"<h6><strong>Artiste : <\/strong><a href=\"https:\/\/mawuartgallery.com\/fr\/portfolio-item\/pierre-segoh\/\"><strong><span style=\"color: #0000ff;\">PIERRE SEGOH<\/span><\/strong><\/a><\/h6>\n<p>Acrylique sur toile<br \/>\n(150 x 150 cm \/ 59 x 59 po)<br \/>\nCr\u00e9\u00e9e en 2026<\/p>\n<p>&nbsp;<\/p>\n<p><em>Cet article est soigneusement enroul\u00e9 et exp\u00e9di\u00e9 dans un tube d'exp\u00e9dition afin de garantir une livraison en toute s\u00e9curit\u00e9.<\/em><\/p>\n<p>&nbsp;<\/p>\n<p><strong><em>Pour nous assurer que l'\u0153uvre r\u00e9pond \u00e0 vos attentes, nous serions ravis de vous en fournir une vid\u00e9o en haute d\u00e9finition accompagn\u00e9e des commentaires de l'artiste, avant que vous ne proc\u00e9diez \u00e0 l'achat. Pour ce faire, il vous suffit de communiquer avec nous par courriel \u00e0 <a rel=\"noopener\">mawuartgallery@gmail.com<\/a> D\u00e8s r\u00e9ception de votre demande, nous vous ferons parvenir une ou plusieurs vid\u00e9os\/photos selon votre choix.<\/em><\/strong><\/p>\n<p>&nbsp;<\/p>\n<p><strong>LIVRAISON GRATUITE POUR TOUTES LES COMMANDES<\/strong><\/p>","protected":false},"featured_media":18269,"comment_status":"open","ping_status":"closed","template":"","meta":{"nf_dc_page":""},"product_brand":[],"product_cat":[112,37,70],"product_tag":[32,34,42],"class_list":{"0":"post-18266","1":"product","2":"type-product","3":"status-publish","4":"has-post-thumbnail","6":"product_cat-acrylic","7":"product_cat-drawings","8":"product_cat-oil-painting","9":"product_tag-art","10":"product_tag-color","11":"product_tag-painting","12":"product_shipping_class-mailing-tube","14":"first","15":"instock","16":"sold-individually","17":"shipping-taxable","18":"purchasable","19":"product-type-simple"},"_links":{"self":[{"href":"https:\/\/mawuartgallery.com\/fr\/wp-json\/wp\/v2\/product\/18266","targetHints":{"allow":["GET"]}}],"collection":[{"href":"https:\/\/mawuartgallery.com\/fr\/wp-json\/wp\/v2\/product"}],"about":[{"href":"https:\/\/mawuartgallery.com\/fr\/wp-json\/wp\/v2\/types\/product"}],"replies":[{"embeddable":true,"href":"https:\/\/mawuartgallery.com\/fr\/wp-json\/wp\/v2\/comments?post=18266"}],"version-history":[{"count":3,"href":"https:\/\/mawuartgallery.com\/fr\/wp-json\/wp\/v2\/product\/18266\/revisions"}],"predecessor-version":[{"id":18284,"href":"https:\/\/mawuartgallery.com\/fr\/wp-json\/wp\/v2\/product\/18266\/revisions\/18284"}],"wp:featuredmedia":[{"embeddable":true,"href":"https:\/\/mawuartgallery.com\/fr\/wp-json\/wp\/v2\/media\/18269"}],"wp:attachment":[{"href":"https:\/\/mawuartgallery.com\/fr\/wp-json\/wp\/v2\/media?parent=18266"}],"wp:term":[{"taxonomy":"product_brand","embeddable":true,"href":"https:\/\/mawuartgallery.com\/fr\/wp-json\/wp\/v2\/product_brand?post=18266"},{"taxonomy":"product_cat","embeddable":true,"href":"https:\/\/mawuartgallery.com\/fr\/wp-json\/wp\/v2\/product_cat?post=18266"},{"taxonomy":"product_tag","embeddable":true,"href":"https:\/\/mawuartgallery.com\/fr\/wp-json\/wp\/v2\/product_tag?post=18266"}],"curies":[{"name":"wp","href":"https:\/\/api.w.org\/{rel}","templated":true}]}}