{"id":18261,"date":"2026-05-07T10:07:57","date_gmt":"2026-05-07T14:07:57","guid":{"rendered":"https:\/\/mawuartgallery.com\/?post_type=product&#038;p=18261"},"modified":"2026-05-11T08:59:09","modified_gmt":"2026-05-11T12:59:09","slug":"the-elite","status":"publish","type":"product","link":"https:\/\/mawuartgallery.com\/fr\/produit\/the-elite\/","title":{"rendered":"L'\u00c9lite"},"content":{"rendered":"<p>L\u2019\u00c9lite est une r\u00e9flexion critique sur certaines \u00e9lites africaines, en particulier dans les soci\u00e9t\u00e9s francophones. \u00c0 travers une composition dense et symbolique, Pierre Segoh questionne le r\u00f4le de ceux qui pr\u00e9tendent guider la soci\u00e9t\u00e9, mais qui, selon lui, finissent souvent par privil\u00e9gier leur confort personnel au d\u00e9triment du peuple.<br \/>\n&nbsp;<br \/>\nLes figures et symboles pr\u00e9sents dans l\u2019\u0153uvre \u00e9voquent des individus qui suivent des drapeaux, des id\u00e9ologies ou des int\u00e9r\u00eats, tout en restant enferm\u00e9s dans des logiques de protection sociale et de privil\u00e8ge. Pendant ce temps, le peuple souffre, abandonn\u00e9 par ceux qui \u00e9taient cens\u00e9s organiser et diriger avec responsabilit\u00e9.<br \/>\n&nbsp;<br \/>\nLe clou suspendu au-dessus des personnages agit comme un symbole fort : malgr\u00e9 les apparences, la v\u00e9rit\u00e9 et la r\u00e9alit\u00e9 finissent toujours par rattraper ceux qui abusent du pouvoir. Avec son langage visuel instinctif et engag\u00e9, l\u2019artiste livre ici une \u0153uvre \u00e0 la fois politique, humaine et profond\u00e9ment contemporaine.<\/p>","protected":false},"excerpt":{"rendered":"<h6><strong>Artiste : <\/strong><a href=\"https:\/\/mawuartgallery.com\/fr\/portfolio-item\/pierre-segoh\/\"><strong><span style=\"color: #0000ff;\">PIERRE SEGOH<\/span><\/strong><\/a><\/h6>\n<p>Acrylique sur toile<br \/>\n(90 x 80 cm \/ 35 x 31 po)<br \/>\nCr\u00e9\u00e9e en 2026<\/p>\n<p>&nbsp;<\/p>\n<p><em>Cet article est soigneusement enroul\u00e9 et exp\u00e9di\u00e9 dans un tube d'exp\u00e9dition afin de garantir une livraison en toute s\u00e9curit\u00e9.<\/em><\/p>\n<p>&nbsp;<\/p>\n<p><strong><em>Pour nous assurer que l'\u0153uvre r\u00e9pond \u00e0 vos attentes, nous serions ravis de vous en fournir une vid\u00e9o en haute d\u00e9finition accompagn\u00e9e des commentaires de l'artiste, avant que vous ne proc\u00e9diez \u00e0 l'achat. Pour ce faire, il vous suffit de communiquer avec nous par courriel \u00e0 <a rel=\"noopener\">mawuartgallery@gmail.com<\/a> D\u00e8s r\u00e9ception de votre demande, nous vous ferons parvenir une ou plusieurs vid\u00e9os\/photos selon votre choix.<\/em><\/strong><\/p>\n<p>&nbsp;<\/p>\n<p><strong>LIVRAISON GRATUITE POUR TOUTES LES COMMANDES<\/strong><\/p>","protected":false},"featured_media":18264,"comment_status":"open","ping_status":"closed","template":"","meta":{"nf_dc_page":""},"product_brand":[],"product_cat":[112,37,70],"product_tag":[32,34,42],"class_list":{"0":"post-18261","1":"product","2":"type-product","3":"status-publish","4":"has-post-thumbnail","6":"product_cat-acrylic","7":"product_cat-drawings","8":"product_cat-oil-painting","9":"product_tag-art","10":"product_tag-color","11":"product_tag-painting","12":"product_shipping_class-mailing-tube","14":"first","15":"instock","16":"sold-individually","17":"shipping-taxable","18":"purchasable","19":"product-type-simple"},"_links":{"self":[{"href":"https:\/\/mawuartgallery.com\/fr\/wp-json\/wp\/v2\/product\/18261","targetHints":{"allow":["GET"]}}],"collection":[{"href":"https:\/\/mawuartgallery.com\/fr\/wp-json\/wp\/v2\/product"}],"about":[{"href":"https:\/\/mawuartgallery.com\/fr\/wp-json\/wp\/v2\/types\/product"}],"replies":[{"embeddable":true,"href":"https:\/\/mawuartgallery.com\/fr\/wp-json\/wp\/v2\/comments?post=18261"}],"version-history":[{"count":2,"href":"https:\/\/mawuartgallery.com\/fr\/wp-json\/wp\/v2\/product\/18261\/revisions"}],"predecessor-version":[{"id":18279,"href":"https:\/\/mawuartgallery.com\/fr\/wp-json\/wp\/v2\/product\/18261\/revisions\/18279"}],"wp:featuredmedia":[{"embeddable":true,"href":"https:\/\/mawuartgallery.com\/fr\/wp-json\/wp\/v2\/media\/18264"}],"wp:attachment":[{"href":"https:\/\/mawuartgallery.com\/fr\/wp-json\/wp\/v2\/media?parent=18261"}],"wp:term":[{"taxonomy":"product_brand","embeddable":true,"href":"https:\/\/mawuartgallery.com\/fr\/wp-json\/wp\/v2\/product_brand?post=18261"},{"taxonomy":"product_cat","embeddable":true,"href":"https:\/\/mawuartgallery.com\/fr\/wp-json\/wp\/v2\/product_cat?post=18261"},{"taxonomy":"product_tag","embeddable":true,"href":"https:\/\/mawuartgallery.com\/fr\/wp-json\/wp\/v2\/product_tag?post=18261"}],"curies":[{"name":"wp","href":"https:\/\/api.w.org\/{rel}","templated":true}]}}