{"id":18255,"date":"2026-05-07T09:24:02","date_gmt":"2026-05-07T13:24:02","guid":{"rendered":"https:\/\/mawuartgallery.com\/?post_type=product&#038;p=18255"},"modified":"2026-05-11T09:23:05","modified_gmt":"2026-05-11T13:23:05","slug":"world-news","status":"publish","type":"product","link":"https:\/\/mawuartgallery.com\/fr\/produit\/world-news\/","title":{"rendered":"L'Activit\u00e9 du monde"},"content":{"rendered":"<p>L\u2019Activit\u00e9 du monde est une r\u00e9flexion puissante sur les tensions g\u00e9opolitiques contemporaines et les rapports de force qui fa\u00e7onnent le monde actuel. \u00c0 travers une sc\u00e8ne dense et symbolique, Pierre Segoh repr\u00e9sente la Terre comme un immense terrain de jeu o\u00f9 les grandes puissances se confrontent sans toujours tenir compte des cons\u00e9quences humaines de leurs d\u00e9cisions.<br \/>\n&nbsp;<br \/>\nDans cette \u0153uvre, les missiles remplacent le ballon sur un terrain de football. Les drapeaux des grandes nations \u2014 l\u2019Union europ\u00e9enne, la Russie, l\u2019Ukraine, l\u2019OTAN et d\u2019autres puissances \u2014 deviennent les symboles d\u2019un affrontement permanent o\u00f9 chaque acteur tente d\u2019imposer son influence. La Chine, repr\u00e9sent\u00e9e au centre avec une chaise vide, \u00e9voque quant \u00e0 elle une ambition de domination ou de leadership mondial encore en attente d\u2019accomplissement.<br \/>\n&nbsp;<br \/>\nL\u2019artiste souligne \u00e9galement le r\u00f4le du p\u00e9trole, souvent associ\u00e9 aux conflits, \u00e0 l'instabilit\u00e9 et aux d\u00e9s\u00e9quilibres g\u00e9opolitiques. Les bombardements, les tensions et les d\u00e9monstrations de puissance semblent transformer la plan\u00e8te en un espace fragile o\u00f9 les plus forts imposent leurs r\u00e8gles.<br \/>\n&nbsp;<br \/>\nSans se positionner comme un activiste politique, Pierre Segoh pose une question profond\u00e9ment humaine : si les grandes puissances normalisent la guerre et les rapports de domination, quel avenir reste-t-il aux plus petites nations? \u00c0 travers son langage visuel instinctif et engag\u00e9, l\u2019artiste livre une \u0153uvre critique, actuelle et universelle sur l\u2019\u00e9tat du monde.<\/p>","protected":false},"excerpt":{"rendered":"<h6><strong>Artiste : <\/strong><a href=\"https:\/\/mawuartgallery.com\/fr\/portfolio-item\/pierre-segoh\/\"><strong><span style=\"color: #0000ff;\">PIERRE SEGOH<\/span><\/strong><\/a><\/h6>\n<p>Acrylique sur toile<br \/>\n(90 x 120 cm \/ 35 x 47 po)<br \/>\nCr\u00e9\u00e9e en 2026<\/p>\n<p>&nbsp;<\/p>\n<p><em>Cet article est soigneusement enroul\u00e9 et exp\u00e9di\u00e9 dans un tube d'exp\u00e9dition afin de garantir une livraison en toute s\u00e9curit\u00e9.<\/em><\/p>\n<p>&nbsp;<\/p>\n<p><strong><em>Pour nous assurer que l'\u0153uvre r\u00e9pond \u00e0 vos attentes, nous serions ravis de vous en fournir une vid\u00e9o en haute d\u00e9finition accompagn\u00e9e des commentaires de l'artiste, avant que vous ne proc\u00e9diez \u00e0 l'achat. Pour ce faire, il vous suffit de communiquer avec nous par courriel \u00e0 <a rel=\"noopener\">mawuartgallery@gmail.com<\/a> D\u00e8s r\u00e9ception de votre demande, nous vous ferons parvenir une ou plusieurs vid\u00e9os\/photos selon votre choix.<\/em><\/strong><\/p>\n<p>&nbsp;<\/p>\n<p><strong>LIVRAISON GRATUITE POUR TOUTES LES COMMANDES<\/strong><\/p>","protected":false},"featured_media":18258,"comment_status":"open","ping_status":"closed","template":"","meta":{"nf_dc_page":""},"product_brand":[],"product_cat":[112,37,70],"product_tag":[32,34,42],"class_list":{"0":"post-18255","1":"product","2":"type-product","3":"status-publish","4":"has-post-thumbnail","6":"product_cat-acrylic","7":"product_cat-drawings","8":"product_cat-oil-painting","9":"product_tag-art","10":"product_tag-color","11":"product_tag-painting","12":"product_shipping_class-mailing-tube","14":"first","15":"instock","16":"sold-individually","17":"shipping-taxable","18":"purchasable","19":"product-type-simple"},"_links":{"self":[{"href":"https:\/\/mawuartgallery.com\/fr\/wp-json\/wp\/v2\/product\/18255","targetHints":{"allow":["GET"]}}],"collection":[{"href":"https:\/\/mawuartgallery.com\/fr\/wp-json\/wp\/v2\/product"}],"about":[{"href":"https:\/\/mawuartgallery.com\/fr\/wp-json\/wp\/v2\/types\/product"}],"replies":[{"embeddable":true,"href":"https:\/\/mawuartgallery.com\/fr\/wp-json\/wp\/v2\/comments?post=18255"}],"version-history":[{"count":3,"href":"https:\/\/mawuartgallery.com\/fr\/wp-json\/wp\/v2\/product\/18255\/revisions"}],"predecessor-version":[{"id":18283,"href":"https:\/\/mawuartgallery.com\/fr\/wp-json\/wp\/v2\/product\/18255\/revisions\/18283"}],"wp:featuredmedia":[{"embeddable":true,"href":"https:\/\/mawuartgallery.com\/fr\/wp-json\/wp\/v2\/media\/18258"}],"wp:attachment":[{"href":"https:\/\/mawuartgallery.com\/fr\/wp-json\/wp\/v2\/media?parent=18255"}],"wp:term":[{"taxonomy":"product_brand","embeddable":true,"href":"https:\/\/mawuartgallery.com\/fr\/wp-json\/wp\/v2\/product_brand?post=18255"},{"taxonomy":"product_cat","embeddable":true,"href":"https:\/\/mawuartgallery.com\/fr\/wp-json\/wp\/v2\/product_cat?post=18255"},{"taxonomy":"product_tag","embeddable":true,"href":"https:\/\/mawuartgallery.com\/fr\/wp-json\/wp\/v2\/product_tag?post=18255"}],"curies":[{"name":"wp","href":"https:\/\/api.w.org\/{rel}","templated":true}]}}