{"id":18248,"date":"2026-05-06T14:25:13","date_gmt":"2026-05-06T18:25:13","guid":{"rendered":"https:\/\/mawuartgallery.com\/?post_type=product&#038;p=18248"},"modified":"2026-05-11T16:24:46","modified_gmt":"2026-05-11T20:24:46","slug":"give-or-take-ii","status":"publish","type":"product","link":"https:\/\/mawuartgallery.com\/fr\/produit\/give-or-take-ii\/","title":{"rendered":"\u00c0 peu pr\u00e8s (ii)"},"content":{"rendered":"<p>Cette \u0153uvre de Karuma d\u00e9ploie une pr\u00e9sence \u00e0 la fois fragile et affirm\u00e9e. \u00c0 travers une figure stylis\u00e9e aux formes fluides et presque \u00e9nigmatiques, l\u2019artiste explore les tensions entre vuln\u00e9rabilit\u00e9, intimit\u00e9 et retenue \u00e9motionnelle. Les lignes souples et les \u00e9l\u00e9ments organiques \u00e9voquent des \u00e9motions qui circulent librement, tout en restant partiellement dissimul\u00e9es.<br \/>\n&nbsp;<br \/>\nLes tons chauds et les compositions myst\u00e9rieuses cr\u00e9ent un espace o\u00f9 douceur et ambigu\u00eft\u00e9 coexistent. Fid\u00e8le \u00e0 sa pratique, Karuma aborde des th\u00e8mes profond\u00e9ment personnels \u2014 la sexualit\u00e9, la sant\u00e9 mentale et les m\u00e9canismes de r\u00e9pression \u2014 tout en les reliant aux r\u00e9alit\u00e9s culturelles africaines, o\u00f9 certains sujets demeurent souvent cod\u00e9s, tus ou abord\u00e9s avec subtilit\u00e9.<br \/>\n&nbsp;<br \/>\nDans cette \u0153uvre, le corps devient un langage silencieux : un lieu de m\u00e9moire, de r\u00e9sistance et de survie.<\/p>","protected":false},"excerpt":{"rendered":"<h6><strong>Artiste : <span style=\"color: #0000ff;\"><a style=\"color: #0000ff;\" href=\"https:\/\/mawuartgallery.com\/fr\/portfolio-item\/christine-karuma\/\">CHRISTINE KARUMA<\/a><\/span><\/strong><\/h6>\n<p>Acrylique sur toile<br \/>\n(120 x 80 cm \/ 47 x 31 po)<br \/>\nCr\u00e9\u00e9e en 2025<\/p>\n<p>&nbsp;<\/p>\n<p><em>Cet article est soigneusement enroul\u00e9 et exp\u00e9di\u00e9 dans un tube d'exp\u00e9dition afin de garantir une livraison en toute s\u00e9curit\u00e9.<\/em><\/p>\n<p>&nbsp;<\/p>\n<p><strong><em>Pour nous assurer que l'\u0153uvre r\u00e9pond \u00e0 vos attentes, nous serions ravis de vous en fournir une vid\u00e9o en haute d\u00e9finition accompagn\u00e9e des commentaires de l'artiste, avant que vous ne proc\u00e9diez \u00e0 l'achat. Pour ce faire, il vous suffit de communiquer avec nous par courriel \u00e0 <a rel=\"noopener\">mawuartgallery@gmail.com<\/a> D\u00e8s r\u00e9ception de votre demande, nous vous ferons parvenir une ou plusieurs vid\u00e9os\/photos selon votre choix.<\/em><\/strong><\/p>\n<p>&nbsp;<\/p>\n<p><strong>LIVRAISON GRATUITE POUR TOUTES LES COMMANDES<\/strong><\/p>","protected":false},"featured_media":18252,"comment_status":"open","ping_status":"closed","template":"","meta":{"nf_dc_page":""},"product_brand":[],"product_cat":[112,43],"product_tag":[32,34,42],"class_list":{"0":"post-18248","1":"product","2":"type-product","3":"status-publish","4":"has-post-thumbnail","6":"product_cat-acrylic","7":"product_cat-paintings","8":"product_tag-art","9":"product_tag-color","10":"product_tag-painting","11":"product_shipping_class-mailing-tube","13":"first","14":"instock","15":"shipping-taxable","16":"purchasable","17":"product-type-simple"},"_links":{"self":[{"href":"https:\/\/mawuartgallery.com\/fr\/wp-json\/wp\/v2\/product\/18248","targetHints":{"allow":["GET"]}}],"collection":[{"href":"https:\/\/mawuartgallery.com\/fr\/wp-json\/wp\/v2\/product"}],"about":[{"href":"https:\/\/mawuartgallery.com\/fr\/wp-json\/wp\/v2\/types\/product"}],"replies":[{"embeddable":true,"href":"https:\/\/mawuartgallery.com\/fr\/wp-json\/wp\/v2\/comments?post=18248"}],"version-history":[{"count":4,"href":"https:\/\/mawuartgallery.com\/fr\/wp-json\/wp\/v2\/product\/18248\/revisions"}],"predecessor-version":[{"id":18287,"href":"https:\/\/mawuartgallery.com\/fr\/wp-json\/wp\/v2\/product\/18248\/revisions\/18287"}],"wp:featuredmedia":[{"embeddable":true,"href":"https:\/\/mawuartgallery.com\/fr\/wp-json\/wp\/v2\/media\/18252"}],"wp:attachment":[{"href":"https:\/\/mawuartgallery.com\/fr\/wp-json\/wp\/v2\/media?parent=18248"}],"wp:term":[{"taxonomy":"product_brand","embeddable":true,"href":"https:\/\/mawuartgallery.com\/fr\/wp-json\/wp\/v2\/product_brand?post=18248"},{"taxonomy":"product_cat","embeddable":true,"href":"https:\/\/mawuartgallery.com\/fr\/wp-json\/wp\/v2\/product_cat?post=18248"},{"taxonomy":"product_tag","embeddable":true,"href":"https:\/\/mawuartgallery.com\/fr\/wp-json\/wp\/v2\/product_tag?post=18248"}],"curies":[{"name":"wp","href":"https:\/\/api.w.org\/{rel}","templated":true}]}}