{"id":18243,"date":"2026-05-06T11:58:11","date_gmt":"2026-05-06T15:58:11","guid":{"rendered":"https:\/\/mawuartgallery.com\/?post_type=product&#038;p=18243"},"modified":"2026-05-11T16:31:32","modified_gmt":"2026-05-11T20:31:32","slug":"resilience-i","status":"publish","type":"product","link":"https:\/\/mawuartgallery.com\/fr\/produit\/resilience-i\/","title":{"rendered":"R\u00e9silience (i)"},"content":{"rendered":"<p>\u00c0 travers cette composition minimaliste et symbolique, Karuma explore la r\u00e9silience \u00e9motionnelle et les couches invisibles de l\u2019exp\u00e9rience int\u00e9rieure. La figure centrale, partiellement dissimul\u00e9e derri\u00e8re des formes g\u00e9om\u00e9triques et des textures translucides, semble osciller entre exposition et protection.<br \/>\n&nbsp;<br \/>\nL\u2019\u0153uvre \u00e9voque les m\u00e9canismes de d\u00e9fense que l\u2019on construit face aux blessures, aux attentes sociales et aux silences impos\u00e9s. Le regard plac\u00e9 au centre agit comme une pr\u00e9sence silencieuse \u2014 \u00e0 la fois t\u00e9moin, conscience et m\u00e9moire int\u00e9rieure.<br \/>\n&nbsp;<br \/>\nComme dans l\u2019ensemble de sa pratique, Karuma utilise une esth\u00e9tique subtilement myst\u00e9rieuse pour aborder des th\u00e8mes li\u00e9s \u00e0 la vuln\u00e9rabilit\u00e9, \u00e0 la r\u00e9pression \u00e9motionnelle et \u00e0 la mani\u00e8re dont les soci\u00e9t\u00e9s africaines n\u00e9gocient les sujets sensibles. Entre abstraction et \u00e9motion, cette \u0153uvre invite \u00e0 une contemplation intime et profond\u00e9ment humaine.<\/p>","protected":false},"excerpt":{"rendered":"<h6><strong>Artiste : <span style=\"color: #0000ff;\"><a style=\"color: #0000ff;\" href=\"https:\/\/mawuartgallery.com\/fr\/portfolio-item\/christine-karuma\/\">CHRISTINE KARUMA<\/a><\/span><\/strong><\/h6>\n<p>Acrylique sur toile<br \/>\n(146 x 73 cm \/ 57 x 28 po)<br \/>\nCr\u00e9\u00e9e en 2025<\/p>\n<p>&nbsp;<\/p>\n<p><em>Cet article est soigneusement enroul\u00e9 et exp\u00e9di\u00e9 dans un tube d'exp\u00e9dition afin de garantir une livraison en toute s\u00e9curit\u00e9.<\/em><\/p>\n<p>&nbsp;<\/p>\n<p><strong><em>Pour nous assurer que l'\u0153uvre r\u00e9pond \u00e0 vos attentes, nous serions ravis de vous en fournir une vid\u00e9o en haute d\u00e9finition accompagn\u00e9e des commentaires de l'artiste, avant que vous ne proc\u00e9diez \u00e0 l'achat. Pour ce faire, il vous suffit de communiquer avec nous par courriel \u00e0 <a rel=\"noopener\">mawuartgallery@gmail.com<\/a> D\u00e8s r\u00e9ception de votre demande, nous vous ferons parvenir une ou plusieurs vid\u00e9os\/photos selon votre choix.<\/em><\/strong><\/p>\n<p>&nbsp;<\/p>\n<p><strong>LIVRAISON GRATUITE POUR TOUTES LES COMMANDES<\/strong><\/p>","protected":false},"featured_media":18244,"comment_status":"open","ping_status":"closed","template":"","meta":{"nf_dc_page":""},"product_brand":[],"product_cat":[112,43],"product_tag":[32,34,42],"class_list":{"0":"post-18243","1":"product","2":"type-product","3":"status-publish","4":"has-post-thumbnail","6":"product_cat-acrylic","7":"product_cat-paintings","8":"product_tag-art","9":"product_tag-color","10":"product_tag-painting","11":"product_shipping_class-mailing-tube","13":"first","14":"instock","15":"shipping-taxable","16":"purchasable","17":"product-type-simple"},"_links":{"self":[{"href":"https:\/\/mawuartgallery.com\/fr\/wp-json\/wp\/v2\/product\/18243","targetHints":{"allow":["GET"]}}],"collection":[{"href":"https:\/\/mawuartgallery.com\/fr\/wp-json\/wp\/v2\/product"}],"about":[{"href":"https:\/\/mawuartgallery.com\/fr\/wp-json\/wp\/v2\/types\/product"}],"replies":[{"embeddable":true,"href":"https:\/\/mawuartgallery.com\/fr\/wp-json\/wp\/v2\/comments?post=18243"}],"version-history":[{"count":2,"href":"https:\/\/mawuartgallery.com\/fr\/wp-json\/wp\/v2\/product\/18243\/revisions"}],"predecessor-version":[{"id":18288,"href":"https:\/\/mawuartgallery.com\/fr\/wp-json\/wp\/v2\/product\/18243\/revisions\/18288"}],"wp:featuredmedia":[{"embeddable":true,"href":"https:\/\/mawuartgallery.com\/fr\/wp-json\/wp\/v2\/media\/18244"}],"wp:attachment":[{"href":"https:\/\/mawuartgallery.com\/fr\/wp-json\/wp\/v2\/media?parent=18243"}],"wp:term":[{"taxonomy":"product_brand","embeddable":true,"href":"https:\/\/mawuartgallery.com\/fr\/wp-json\/wp\/v2\/product_brand?post=18243"},{"taxonomy":"product_cat","embeddable":true,"href":"https:\/\/mawuartgallery.com\/fr\/wp-json\/wp\/v2\/product_cat?post=18243"},{"taxonomy":"product_tag","embeddable":true,"href":"https:\/\/mawuartgallery.com\/fr\/wp-json\/wp\/v2\/product_tag?post=18243"}],"curies":[{"name":"wp","href":"https:\/\/api.w.org\/{rel}","templated":true}]}}