{"id":18187,"date":"2026-04-24T15:22:00","date_gmt":"2026-04-24T19:22:00","guid":{"rendered":"https:\/\/mawuartgallery.com\/?post_type=product&#038;p=18187"},"modified":"2026-04-24T15:57:45","modified_gmt":"2026-04-24T19:57:45","slug":"little-dreamer-i","status":"publish","type":"product","link":"https:\/\/mawuartgallery.com\/fr\/produit\/little-dreamer-i\/","title":{"rendered":"Little Dreamer I"},"content":{"rendered":"<p data-start=\"106\" data-end=\"546\">In the painting <em data-start=\"124\" data-end=\"140\">Little Dreamer I<\/em>, a young girl sits on the stairs, attempting to play the cello, her gaze drifting into the distance with wonder and curiosity.<\/p>\n<p>She has often watched her parents rehearse in their music room, mesmerized by the way her father\u2019s fingers dance across the strings and her mother\u2019s bow glides effortlessly. With each moment, her fascination deepens, drawn to the way music comes alive when they play together.<\/p>\n<p data-start=\"548\" data-end=\"791\">As she holds the cello, she feels both excitement and trepidation. She longs to be like her parents\u2014to create music that touches hearts and brings joy. Eager to learn, to practice, and to grow, she begins to imagine what might be possible.<\/p>\n<p>&nbsp;<\/p>\n<p data-start=\"793\" data-end=\"964\" data-is-last-node=\"\" data-is-only-node=\"\">The painting captures a quiet moment of reflection, as she contemplates her next step. Will she find her own voice through the cello, or forge a path entirely her own?<\/p>","protected":false},"excerpt":{"rendered":"<h6><strong>Artiste : <span style=\"color: #0000ff;\"><a style=\"color: #0000ff;\" href=\"https:\/\/mawuartgallery.com\/fr\/portfolio-item\/john-akande\/\">JOHN AKANDE<\/a><\/span><\/strong><\/h6>\n<p>Acrylique sur toile<br \/>\n(60 x 42 in \/ 152 x 106 cm)<br \/>\nCr\u00e9\u00e9e en 2025<\/p>\n<p>&nbsp;<\/p>\n<p><em>Cet article est soigneusement enroul\u00e9 et exp\u00e9di\u00e9 dans un tube d'exp\u00e9dition afin de garantir une livraison en toute s\u00e9curit\u00e9.<\/em><\/p>\n<p>&nbsp;<\/p>\n<p><strong><em>Pour nous assurer que l'\u0153uvre r\u00e9pond \u00e0 vos attentes, nous serions ravis de vous en fournir une vid\u00e9o en haute d\u00e9finition accompagn\u00e9e des commentaires de l'artiste, avant que vous ne proc\u00e9diez \u00e0 l'achat. Pour ce faire, il vous suffit de communiquer avec nous par courriel \u00e0 <a rel=\"noopener\">mawuartgallery@gmail.com<\/a> D\u00e8s r\u00e9ception de votre demande, nous vous ferons parvenir une ou plusieurs vid\u00e9os\/photos selon votre choix.<\/em><\/strong><\/p>\n<p>&nbsp;<\/p>\n<p><strong>LIVRAISON GRATUITE POUR TOUTES LES COMMANDES<\/strong><\/p>","protected":false},"featured_media":18190,"comment_status":"open","ping_status":"closed","template":"","meta":{"nf_dc_page":""},"product_brand":[],"product_cat":[112,43],"product_tag":[32,34,42],"class_list":{"0":"post-18187","1":"product","2":"type-product","3":"status-publish","4":"has-post-thumbnail","6":"product_cat-acrylic","7":"product_cat-paintings","8":"product_tag-art","9":"product_tag-color","10":"product_tag-painting","11":"product_shipping_class-mailing-tube","13":"first","14":"instock","15":"shipping-taxable","16":"purchasable","17":"product-type-simple"},"_links":{"self":[{"href":"https:\/\/mawuartgallery.com\/fr\/wp-json\/wp\/v2\/product\/18187","targetHints":{"allow":["GET"]}}],"collection":[{"href":"https:\/\/mawuartgallery.com\/fr\/wp-json\/wp\/v2\/product"}],"about":[{"href":"https:\/\/mawuartgallery.com\/fr\/wp-json\/wp\/v2\/types\/product"}],"replies":[{"embeddable":true,"href":"https:\/\/mawuartgallery.com\/fr\/wp-json\/wp\/v2\/comments?post=18187"}],"version-history":[{"count":5,"href":"https:\/\/mawuartgallery.com\/fr\/wp-json\/wp\/v2\/product\/18187\/revisions"}],"predecessor-version":[{"id":18195,"href":"https:\/\/mawuartgallery.com\/fr\/wp-json\/wp\/v2\/product\/18187\/revisions\/18195"}],"wp:featuredmedia":[{"embeddable":true,"href":"https:\/\/mawuartgallery.com\/fr\/wp-json\/wp\/v2\/media\/18190"}],"wp:attachment":[{"href":"https:\/\/mawuartgallery.com\/fr\/wp-json\/wp\/v2\/media?parent=18187"}],"wp:term":[{"taxonomy":"product_brand","embeddable":true,"href":"https:\/\/mawuartgallery.com\/fr\/wp-json\/wp\/v2\/product_brand?post=18187"},{"taxonomy":"product_cat","embeddable":true,"href":"https:\/\/mawuartgallery.com\/fr\/wp-json\/wp\/v2\/product_cat?post=18187"},{"taxonomy":"product_tag","embeddable":true,"href":"https:\/\/mawuartgallery.com\/fr\/wp-json\/wp\/v2\/product_tag?post=18187"}],"curies":[{"name":"wp","href":"https:\/\/api.w.org\/{rel}","templated":true}]}}