{"id":18182,"date":"2026-04-24T15:03:24","date_gmt":"2026-04-24T19:03:24","guid":{"rendered":"https:\/\/mawuartgallery.com\/?post_type=product&#038;p=18182"},"modified":"2026-04-24T15:17:26","modified_gmt":"2026-04-24T19:17:26","slug":"african-radiance-iii","status":"publish","type":"product","link":"https:\/\/mawuartgallery.com\/fr\/produit\/african-radiance-iii\/","title":{"rendered":"African Radiance III"},"content":{"rendered":"<p>Embracing the glow of heritage and beauty, this work radiates strength, elegance, and pride. It is a celebration of melanated beauty and inner light, where identity is honored and presence is luminous\u2014where culture meets elegance.<\/p>","protected":false},"excerpt":{"rendered":"<h6><strong>Artiste : <span style=\"color: #0000ff;\"><a style=\"color: #0000ff;\" href=\"https:\/\/mawuartgallery.com\/fr\/portfolio-item\/john-akande\/\">JOHN AKANDE<\/a><\/span><\/strong><\/h6>\n<p>Acrylique sur toile<br \/>\n(121 x 91 cm \/ 48 x 36 po)<br \/>\nCr\u00e9\u00e9e en 2025<\/p>\n<p>&nbsp;<\/p>\n<p><em>Cet article est soigneusement enroul\u00e9 et exp\u00e9di\u00e9 dans un tube d'exp\u00e9dition afin de garantir une livraison en toute s\u00e9curit\u00e9.<\/em><\/p>\n<p>&nbsp;<\/p>\n<p><strong><em>Pour nous assurer que l'\u0153uvre r\u00e9pond \u00e0 vos attentes, nous serions ravis de vous en fournir une vid\u00e9o en haute d\u00e9finition accompagn\u00e9e des commentaires de l'artiste, avant que vous ne proc\u00e9diez \u00e0 l'achat. Pour ce faire, il vous suffit de communiquer avec nous par courriel \u00e0 <a rel=\"noopener\">mawuartgallery@gmail.com<\/a> D\u00e8s r\u00e9ception de votre demande, nous vous ferons parvenir une ou plusieurs vid\u00e9os\/photos selon votre choix.<\/em><\/strong><\/p>\n<p>&nbsp;<\/p>\n<p><strong>LIVRAISON GRATUITE POUR TOUTES LES COMMANDES<\/strong><\/p>","protected":false},"featured_media":18186,"comment_status":"open","ping_status":"closed","template":"","meta":{"nf_dc_page":""},"product_brand":[],"product_cat":[112,43],"product_tag":[32,34,42],"class_list":{"0":"post-18182","1":"product","2":"type-product","3":"status-publish","4":"has-post-thumbnail","6":"product_cat-acrylic","7":"product_cat-paintings","8":"product_tag-art","9":"product_tag-color","10":"product_tag-painting","11":"product_shipping_class-mailing-tube","13":"first","14":"instock","15":"shipping-taxable","16":"purchasable","17":"product-type-simple"},"_links":{"self":[{"href":"https:\/\/mawuartgallery.com\/fr\/wp-json\/wp\/v2\/product\/18182","targetHints":{"allow":["GET"]}}],"collection":[{"href":"https:\/\/mawuartgallery.com\/fr\/wp-json\/wp\/v2\/product"}],"about":[{"href":"https:\/\/mawuartgallery.com\/fr\/wp-json\/wp\/v2\/types\/product"}],"replies":[{"embeddable":true,"href":"https:\/\/mawuartgallery.com\/fr\/wp-json\/wp\/v2\/comments?post=18182"}],"version-history":[{"count":1,"href":"https:\/\/mawuartgallery.com\/fr\/wp-json\/wp\/v2\/product\/18182\/revisions"}],"predecessor-version":[{"id":18183,"href":"https:\/\/mawuartgallery.com\/fr\/wp-json\/wp\/v2\/product\/18182\/revisions\/18183"}],"wp:featuredmedia":[{"embeddable":true,"href":"https:\/\/mawuartgallery.com\/fr\/wp-json\/wp\/v2\/media\/18186"}],"wp:attachment":[{"href":"https:\/\/mawuartgallery.com\/fr\/wp-json\/wp\/v2\/media?parent=18182"}],"wp:term":[{"taxonomy":"product_brand","embeddable":true,"href":"https:\/\/mawuartgallery.com\/fr\/wp-json\/wp\/v2\/product_brand?post=18182"},{"taxonomy":"product_cat","embeddable":true,"href":"https:\/\/mawuartgallery.com\/fr\/wp-json\/wp\/v2\/product_cat?post=18182"},{"taxonomy":"product_tag","embeddable":true,"href":"https:\/\/mawuartgallery.com\/fr\/wp-json\/wp\/v2\/product_tag?post=18182"}],"curies":[{"name":"wp","href":"https:\/\/api.w.org\/{rel}","templated":true}]}}