{"id":18130,"date":"2026-04-21T14:18:27","date_gmt":"2026-04-21T18:18:27","guid":{"rendered":"https:\/\/mawuartgallery.com\/?post_type=product&#038;p=18130"},"modified":"2026-04-21T15:25:57","modified_gmt":"2026-04-21T19:25:57","slug":"queen-of-the-night-cereus-cactus","status":"publish","type":"product","link":"https:\/\/mawuartgallery.com\/fr\/produit\/queen-of-the-night-cereus-cactus\/","title":{"rendered":"Reine de la nuit (cactus c\u00e9reus)"},"content":{"rendered":"<p data-start=\"107\" data-end=\"252\">Elle resplendit dans sa floraison,<br data-start=\"130\" data-end=\"133\" \/>telle l\u2019exp\u00e9rience du r\u00e9veil,<br data-start=\"166\" data-end=\"169\" \/>dans la lumi\u00e8re et la beaut\u00e9,<br data-start=\"192\" data-end=\"195\" \/>au-del\u00e0 de la dur\u00e9e du jour,<br data-start=\"223\" data-end=\"226\" \/>quand personne ne la regarde.<\/p>\n<p data-start=\"254\" data-end=\"347\">Le c\u00e9reus est une reine \u2014<br data-start=\"272\" data-end=\"275\" \/>Reine de la nuit, on l\u2019appelle,<br data-start=\"309\" data-end=\"312\" \/>avec ses \u00e9pines pour guider son ego.<\/p>\n<p data-start=\"349\" data-end=\"494\">Elle s'\u00e9panouit dans un moment de transition \u00e9nigmatique et orn\u00e9, enroul\u00e9e dans la f\u00e9licit\u00e9,<br data-start=\"428\" data-end=\"431\" \/>au-del\u00e0 de la beaut\u00e9 du coucher de soleil,<br data-start=\"459\" data-end=\"462\" \/>plus qu'un rythme harmonieux.<\/p>\n<p data-start=\"496\" data-end=\"602\">Un souvenir d'un court instant<br data-start=\"520\" data-end=\"523\" \/>qui dure \u00e9ternellement dans un cycle continu,<br data-start=\"564\" data-end=\"567\" \/>pour ceux qui aper\u00e7oivent un tel moment.<\/p>\n<p data-start=\"604\" data-end=\"659\">Vous ne croyez peut-\u00eatre pas aux r\u00eaves,<br data-start=\"634\" data-end=\"637\" \/>mais ceci est de l'extase.<\/p>","protected":false},"excerpt":{"rendered":"<h6><strong>Artiste : <\/strong><a href=\"https:\/\/mawuartgallery.com\/fr\/portfolio-item\/asare-koduah\/\"><strong><span style=\"color: #0000ff;\">PHILIP KODUAH ASARE<\/span><\/strong><\/a><\/h6>\n<p>Huile sur toile<br \/>\n(91 x 91 cm \/ 36 x 36 po)<br \/>\nCr\u00e9\u00e9e en 2025<\/p>\n<p>&nbsp;<\/p>\n<p><em>Cet article est soigneusement enroul\u00e9 et exp\u00e9di\u00e9 dans un tube d'exp\u00e9dition afin de garantir une livraison en toute s\u00e9curit\u00e9.<\/em><\/p>\n<p>&nbsp;<\/p>\n<p><strong><em>Pour nous assurer que l'\u0153uvre r\u00e9pond \u00e0 vos attentes, nous serions ravis de vous en fournir une vid\u00e9o en haute d\u00e9finition accompagn\u00e9e des commentaires de l'artiste, avant que vous ne proc\u00e9diez \u00e0 l'achat. Pour ce faire, il vous suffit de communiquer avec nous par courriel \u00e0 <a rel=\"noopener\">mawuartgallery@gmail.com<\/a> D\u00e8s r\u00e9ception de votre demande, nous vous ferons parvenir une ou plusieurs vid\u00e9os\/photos selon votre choix.<\/em><\/strong><\/p>\n<p>&nbsp;<\/p>\n<p><strong>LIVRAISON GRATUITE POUR TOUTES LES COMMANDES<\/strong><\/p>","protected":false},"featured_media":18132,"comment_status":"open","ping_status":"closed","template":"","meta":{"nf_dc_page":""},"product_brand":[],"product_cat":[37,70,43],"product_tag":[32,34,42],"class_list":{"0":"post-18130","1":"product","2":"type-product","3":"status-publish","4":"has-post-thumbnail","6":"product_cat-drawings","7":"product_cat-oil-painting","8":"product_cat-paintings","9":"product_tag-art","10":"product_tag-color","11":"product_tag-painting","12":"product_shipping_class-mailing-tube","14":"first","15":"instock","16":"sold-individually","17":"shipping-taxable","18":"purchasable","19":"product-type-simple"},"_links":{"self":[{"href":"https:\/\/mawuartgallery.com\/fr\/wp-json\/wp\/v2\/product\/18130","targetHints":{"allow":["GET"]}}],"collection":[{"href":"https:\/\/mawuartgallery.com\/fr\/wp-json\/wp\/v2\/product"}],"about":[{"href":"https:\/\/mawuartgallery.com\/fr\/wp-json\/wp\/v2\/types\/product"}],"replies":[{"embeddable":true,"href":"https:\/\/mawuartgallery.com\/fr\/wp-json\/wp\/v2\/comments?post=18130"}],"version-history":[{"count":1,"href":"https:\/\/mawuartgallery.com\/fr\/wp-json\/wp\/v2\/product\/18130\/revisions"}],"predecessor-version":[{"id":18131,"href":"https:\/\/mawuartgallery.com\/fr\/wp-json\/wp\/v2\/product\/18130\/revisions\/18131"}],"wp:featuredmedia":[{"embeddable":true,"href":"https:\/\/mawuartgallery.com\/fr\/wp-json\/wp\/v2\/media\/18132"}],"wp:attachment":[{"href":"https:\/\/mawuartgallery.com\/fr\/wp-json\/wp\/v2\/media?parent=18130"}],"wp:term":[{"taxonomy":"product_brand","embeddable":true,"href":"https:\/\/mawuartgallery.com\/fr\/wp-json\/wp\/v2\/product_brand?post=18130"},{"taxonomy":"product_cat","embeddable":true,"href":"https:\/\/mawuartgallery.com\/fr\/wp-json\/wp\/v2\/product_cat?post=18130"},{"taxonomy":"product_tag","embeddable":true,"href":"https:\/\/mawuartgallery.com\/fr\/wp-json\/wp\/v2\/product_tag?post=18130"}],"curies":[{"name":"wp","href":"https:\/\/api.w.org\/{rel}","templated":true}]}}