{"id":18123,"date":"2026-04-17T16:43:32","date_gmt":"2026-04-17T20:43:32","guid":{"rendered":"https:\/\/mawuartgallery.com\/?post_type=product&#038;p=18123"},"modified":"2026-04-17T16:53:22","modified_gmt":"2026-04-17T20:53:22","slug":"koinonia-3","status":"publish","type":"product","link":"https:\/\/mawuartgallery.com\/fr\/produit\/koinonia-3\/","title":{"rendered":"Koinonia 3"},"content":{"rendered":"<p data-start=\"180\" data-end=\"370\">Cette \u0153uvre explore l'interd\u00e9pendance entre la lumi\u00e8re et l'obscurit\u00e9 \u2014 non pas comme des forces oppos\u00e9es, mais comme des \u00e9tats compl\u00e9mentaires, chacun ayant sa propre saison et sa propre signification, qui fa\u00e7onnent la dynamique de la vie.<\/p>\n<p>&nbsp;<\/p>\n<p data-start=\"372\" data-end=\"535\">L\u2019obscurit\u00e9 \u00e9voque des p\u00e9riodes de silence et de croissance discr\u00e8te dans l\u2019ombre, tandis que la lumi\u00e8re symbolise la visibilit\u00e9, l\u2019expression et la manifestation.<\/p>\n<p>&nbsp;<\/p>\n<p data-start=\"537\" data-end=\"751\">Au centre de la composition, la figure f\u00e9minine se tient \u00e0 la crois\u00e9e des deux. Elle n\u2019est pas une victime de l\u2019obscurit\u00e9, mais un canal, maintenant les deux \u00e9tats en \u00e9quilibre, imperturbable face \u00e0 l\u2019obscurit\u00e9 et inchang\u00e9e par la lumi\u00e8re.<\/p>\n<p>&nbsp;<\/p>\n<p data-start=\"753\" data-end=\"862\">Son aura tranquille, presque extatique, sugg\u00e8re une ma\u00eetrise sereine, une compr\u00e9hension de la dualit\u00e9 qui transcende le temps.<\/p>","protected":false},"excerpt":{"rendered":"<h6><strong>Artiste : <span style=\"color: #0000ff;\"><a style=\"color: #0000ff;\" href=\"https:\/\/mawuartgallery.com\/fr\/portfolio-item\/peter-eneji\/\">PETER ENEJI<\/a><\/span><\/strong><\/h6>\n<p>Huile sur toile<br \/>\n(96 x 76 cm \/ 38 x 30 po)<br \/>\nCr\u00e9\u00e9e en 2025<\/p>\n<p>&nbsp;<\/p>\n<p><em>Cet article est soigneusement enroul\u00e9 et exp\u00e9di\u00e9 dans un tube d'exp\u00e9dition afin de garantir une livraison en toute s\u00e9curit\u00e9.<\/em><\/p>\n<p>&nbsp;<\/p>\n<p><strong><em>Pour nous assurer que l'\u0153uvre r\u00e9pond \u00e0 vos attentes, nous serions ravis de vous en fournir une vid\u00e9o en haute d\u00e9finition accompagn\u00e9e des commentaires de l'artiste, avant que vous ne proc\u00e9diez \u00e0 l'achat. Pour ce faire, il vous suffit de communiquer avec nous par courriel \u00e0 <a rel=\"noopener\">mawuartgallery@gmail.com<\/a> D\u00e8s r\u00e9ception de votre demande, nous vous ferons parvenir une ou plusieurs vid\u00e9os\/photos selon votre choix.\u00a0<\/em><\/strong><\/p>\n<p>&nbsp;<\/p>\n<p><strong>LIVRAISON GRATUITE POUR TOUTES LES COMMANDES<\/strong><\/p>","protected":false},"featured_media":18127,"comment_status":"open","ping_status":"closed","template":"","meta":{"nf_dc_page":""},"product_brand":[],"product_cat":[112,43],"product_tag":[32,34,42],"class_list":{"0":"post-18123","1":"product","2":"type-product","3":"status-publish","4":"has-post-thumbnail","6":"product_cat-acrylic","7":"product_cat-paintings","8":"product_tag-art","9":"product_tag-color","10":"product_tag-painting","11":"product_shipping_class-mailing-tube","13":"first","14":"instock","15":"sold-individually","16":"shipping-taxable","17":"purchasable","18":"product-type-simple"},"_links":{"self":[{"href":"https:\/\/mawuartgallery.com\/fr\/wp-json\/wp\/v2\/product\/18123","targetHints":{"allow":["GET"]}}],"collection":[{"href":"https:\/\/mawuartgallery.com\/fr\/wp-json\/wp\/v2\/product"}],"about":[{"href":"https:\/\/mawuartgallery.com\/fr\/wp-json\/wp\/v2\/types\/product"}],"replies":[{"embeddable":true,"href":"https:\/\/mawuartgallery.com\/fr\/wp-json\/wp\/v2\/comments?post=18123"}],"version-history":[{"count":2,"href":"https:\/\/mawuartgallery.com\/fr\/wp-json\/wp\/v2\/product\/18123\/revisions"}],"predecessor-version":[{"id":18125,"href":"https:\/\/mawuartgallery.com\/fr\/wp-json\/wp\/v2\/product\/18123\/revisions\/18125"}],"wp:featuredmedia":[{"embeddable":true,"href":"https:\/\/mawuartgallery.com\/fr\/wp-json\/wp\/v2\/media\/18127"}],"wp:attachment":[{"href":"https:\/\/mawuartgallery.com\/fr\/wp-json\/wp\/v2\/media?parent=18123"}],"wp:term":[{"taxonomy":"product_brand","embeddable":true,"href":"https:\/\/mawuartgallery.com\/fr\/wp-json\/wp\/v2\/product_brand?post=18123"},{"taxonomy":"product_cat","embeddable":true,"href":"https:\/\/mawuartgallery.com\/fr\/wp-json\/wp\/v2\/product_cat?post=18123"},{"taxonomy":"product_tag","embeddable":true,"href":"https:\/\/mawuartgallery.com\/fr\/wp-json\/wp\/v2\/product_tag?post=18123"}],"curies":[{"name":"wp","href":"https:\/\/api.w.org\/{rel}","templated":true}]}}