{"id":18117,"date":"2026-04-17T16:26:24","date_gmt":"2026-04-17T20:26:24","guid":{"rendered":"https:\/\/mawuartgallery.com\/?post_type=product&#038;p=18117"},"modified":"2026-04-17T16:41:49","modified_gmt":"2026-04-17T20:41:49","slug":"litany-of-sweet-nothings","status":"publish","type":"product","link":"https:\/\/mawuartgallery.com\/fr\/produit\/litany-of-sweet-nothings\/","title":{"rendered":"Litanie de mots doux"},"content":{"rendered":"<p data-start=\"173\" data-end=\"502\">\u00ab Litanie de mots doux \u00bb explore les th\u00e8mes de la royaut\u00e9, de la pr\u00e9destination et du processus de devenir, \u00e0 travers le prisme de l\u2019histoire, de la spiritualit\u00e9 et de l\u2019exp\u00e9rience personnelle. L\u2019\u0153uvre sugg\u00e8re que chaque individu porte en lui un \u00ab parchemin \u00bb du destin, issu du monde invisible, en attente d\u2019\u00eatre d\u00e9couvert puis inscrit dans les annales du temps.<\/p>\n<p>&nbsp;<\/p>\n<p data-start=\"504\" data-end=\"750\">La figure centrale est celle d\u2019une chercheuse, majestueusement par\u00e9e, dont la robe fluide est orn\u00e9e d\u2019anciens symboles africains de royaut\u00e9 et de divinit\u00e9. Son expression m\u00eale anticipation et s\u00e9r\u00e9nit\u00e9, comme suspendue entre nostalgie et devenir.<\/p>\n<p>&nbsp;<\/p>\n<p data-start=\"752\" data-end=\"934\">\u00c0 ses c\u00f4t\u00e9s, la machine \u00e0 coudre agit comme une m\u00e9taphore puissante : \u00e0 la fois image du d\u00e9roulement du voyage de la vie, et symbole d\u2019un potentiel cr\u00e9atif, d\u2019une capacit\u00e9 \u00e0 fa\u00e7onner son propre chemin.<\/p>\n<p>&nbsp;<\/p>\n<p data-start=\"936\" data-end=\"1091\">\u00c0 l\u2019arri\u00e8re-plan, une hutte lointaine et illumin\u00e9e se dresse comme l\u2019embl\u00e8me de d\u00e9buts modestes, mais aussi de la clart\u00e9 qui na\u00eet de la solitude et de la d\u00e9couverte de soi.<\/p>\n<p>&nbsp;<\/p>\n<p data-start=\"936\" data-end=\"1091\">Dans son ensemble, le tableau fait office de pont entre le pr\u00e9sent, un pass\u00e9 transcendant et un avenir en devenir \u2014 fa\u00e7onn\u00e9 par les exp\u00e9riences, les choix, les actions et l\u2019alignement int\u00e9rieur. Il invite le spectateur \u00e0 faire une pause, \u00e0 r\u00e9fl\u00e9chir et \u00e0 \u00e9couter la voix int\u00e9rieure de l\u2019\u00e2me \u2014 cette boussole silencieuse qui guide notre \u00e9ph\u00e9m\u00e8re passage sur terre.<\/p>","protected":false},"excerpt":{"rendered":"<h6><strong>Artiste : <span style=\"color: #0000ff;\"><a style=\"color: #0000ff;\" href=\"https:\/\/mawuartgallery.com\/fr\/portfolio-item\/peter-eneji\/\">PETER ENEJI<\/a><\/span><\/strong><\/h6>\n<p>Huile sur toile<br \/>\n(149 x 120 cm \/ 59 x 47,5 po)<br \/>\nCr\u00e9\u00e9e en 2025<\/p>\n<p>&nbsp;<\/p>\n<p><em>Cet article est soigneusement enroul\u00e9 et exp\u00e9di\u00e9 dans un tube d'exp\u00e9dition afin de garantir une livraison en toute s\u00e9curit\u00e9.<\/em><\/p>\n<p>&nbsp;<\/p>\n<p><strong><em>Pour nous assurer que l'\u0153uvre r\u00e9pond \u00e0 vos attentes, nous serions ravis de vous en fournir une vid\u00e9o en haute d\u00e9finition accompagn\u00e9e des commentaires de l'artiste, avant que vous ne proc\u00e9diez \u00e0 l'achat. Pour ce faire, il vous suffit de communiquer avec nous par courriel \u00e0 <a rel=\"noopener\">mawuartgallery@gmail.com<\/a> D\u00e8s r\u00e9ception de votre demande, nous vous ferons parvenir une ou plusieurs vid\u00e9os\/photos selon votre choix.\u00a0<\/em><\/strong><\/p>\n<p>&nbsp;<\/p>\n<p><strong>LIVRAISON GRATUITE POUR TOUTES LES COMMANDES<\/strong><\/p>","protected":false},"featured_media":18120,"comment_status":"open","ping_status":"closed","template":"","meta":{"nf_dc_page":""},"product_brand":[],"product_cat":[70,43],"product_tag":[32,34,42],"class_list":{"0":"post-18117","1":"product","2":"type-product","3":"status-publish","4":"has-post-thumbnail","6":"product_cat-oil-painting","7":"product_cat-paintings","8":"product_tag-art","9":"product_tag-color","10":"product_tag-painting","11":"product_shipping_class-mailing-tube","13":"first","14":"instock","15":"sold-individually","16":"shipping-taxable","17":"purchasable","18":"product-type-simple"},"_links":{"self":[{"href":"https:\/\/mawuartgallery.com\/fr\/wp-json\/wp\/v2\/product\/18117","targetHints":{"allow":["GET"]}}],"collection":[{"href":"https:\/\/mawuartgallery.com\/fr\/wp-json\/wp\/v2\/product"}],"about":[{"href":"https:\/\/mawuartgallery.com\/fr\/wp-json\/wp\/v2\/types\/product"}],"replies":[{"embeddable":true,"href":"https:\/\/mawuartgallery.com\/fr\/wp-json\/wp\/v2\/comments?post=18117"}],"version-history":[{"count":2,"href":"https:\/\/mawuartgallery.com\/fr\/wp-json\/wp\/v2\/product\/18117\/revisions"}],"predecessor-version":[{"id":18122,"href":"https:\/\/mawuartgallery.com\/fr\/wp-json\/wp\/v2\/product\/18117\/revisions\/18122"}],"wp:featuredmedia":[{"embeddable":true,"href":"https:\/\/mawuartgallery.com\/fr\/wp-json\/wp\/v2\/media\/18120"}],"wp:attachment":[{"href":"https:\/\/mawuartgallery.com\/fr\/wp-json\/wp\/v2\/media?parent=18117"}],"wp:term":[{"taxonomy":"product_brand","embeddable":true,"href":"https:\/\/mawuartgallery.com\/fr\/wp-json\/wp\/v2\/product_brand?post=18117"},{"taxonomy":"product_cat","embeddable":true,"href":"https:\/\/mawuartgallery.com\/fr\/wp-json\/wp\/v2\/product_cat?post=18117"},{"taxonomy":"product_tag","embeddable":true,"href":"https:\/\/mawuartgallery.com\/fr\/wp-json\/wp\/v2\/product_tag?post=18117"}],"curies":[{"name":"wp","href":"https:\/\/api.w.org\/{rel}","templated":true}]}}