{"id":18110,"date":"2026-04-17T16:08:55","date_gmt":"2026-04-17T20:08:55","guid":{"rendered":"https:\/\/mawuartgallery.com\/?post_type=product&#038;p=18110"},"modified":"2026-04-17T16:24:08","modified_gmt":"2026-04-17T20:24:08","slug":"wishes-are-dead-horses","status":"publish","type":"product","link":"https:\/\/mawuartgallery.com\/fr\/produit\/wishes-are-dead-horses\/","title":{"rendered":"Les v\u0153ux ne changent rien"},"content":{"rendered":"<p data-start=\"173\" data-end=\"323\">Cette \u0153uvre rec\u00e8le, dans chaque trait, une multitude d\u2019\u00e9motions. Elle explore le dilemme qui consiste \u00e0 affronter ses propres ins\u00e9curit\u00e9s face \u00e0 un immense potentiel.<\/p>\n<p>&nbsp;<\/p>\n<p data-start=\"325\" data-end=\"807\">\u00c0 travers une m\u00e9taphore riche, elle explore la distance qui s\u00e9pare le d\u00e9sir de l\u2019action audacieuse, r\u00e9v\u00e9lant ces r\u00e9sistances int\u00e9rieures qui \u00e9touffent les r\u00eaves et les laissent en suspens, comme des r\u00eaves inachev\u00e9s.<\/p>\n<p>&nbsp;<br \/>\nLe doute du r\u00eaveur, l\u2019inertie n\u00e9e du confort de la routine \u2014 source de procrastination \u2014, la pression de l\u2019atychiphobie (peur de l\u2019\u00e9chec), le caract\u00e8re \u00e9ph\u00e9m\u00e8re du temps qui s\u2019\u00e9coule tandis que l\u2019on reste pi\u00e9g\u00e9 dans les sables mouvants de l\u2019ind\u00e9cision, et la voix douce du destin qui invite \u00e0 faire le grand saut.<\/p>\n<p>&nbsp;<\/p>\n<p data-start=\"809\" data-end=\"934\">Les v\u0153ux ne changent rien met le spectateur au d\u00e9fi non seulement d\u2019oser r\u00eaver, mais aussi de trouver le courage de poursuivre ces r\u00eaves.<\/p>","protected":false},"excerpt":{"rendered":"<h6><strong>Artiste : <span style=\"color: #0000ff;\"><a style=\"color: #0000ff;\" href=\"https:\/\/mawuartgallery.com\/fr\/portfolio-item\/peter-eneji\/\">PETER ENEJI<\/a><\/span><\/strong><\/h6>\n<p>Huile sur toile<br \/>\n(149 x 120 cm \/ 59 x 47,5 po)<br \/>\nCr\u00e9\u00e9e en 2025<\/p>\n<p>&nbsp;<\/p>\n<p><em>Cet article est soigneusement enroul\u00e9 et exp\u00e9di\u00e9 dans un tube d'exp\u00e9dition afin de garantir une livraison en toute s\u00e9curit\u00e9.<\/em><\/p>\n<p>&nbsp;<\/p>\n<p><strong><em>Pour nous assurer que l'\u0153uvre r\u00e9pond \u00e0 vos attentes, nous serions ravis de vous en fournir une vid\u00e9o en haute d\u00e9finition accompagn\u00e9e des commentaires de l'artiste, avant que vous ne proc\u00e9diez \u00e0 l'achat. Pour ce faire, il vous suffit de communiquer avec nous par courriel \u00e0 <a rel=\"noopener\">mawuartgallery@gmail.com<\/a> D\u00e8s r\u00e9ception de votre demande, nous vous ferons parvenir une ou plusieurs vid\u00e9os\/photos selon votre choix.\u00a0<\/em><\/strong><\/p>\n<p>&nbsp;<\/p>\n<p><strong>LIVRAISON GRATUITE POUR TOUTES LES COMMANDES<\/strong><\/p>","protected":false},"featured_media":18113,"comment_status":"open","ping_status":"closed","template":"","meta":{"nf_dc_page":""},"product_brand":[],"product_cat":[70,43],"product_tag":[32,34,42],"class_list":{"0":"post-18110","1":"product","2":"type-product","3":"status-publish","4":"has-post-thumbnail","6":"product_cat-oil-painting","7":"product_cat-paintings","8":"product_tag-art","9":"product_tag-color","10":"product_tag-painting","11":"product_shipping_class-mailing-tube","13":"first","14":"instock","15":"sold-individually","16":"shipping-taxable","17":"purchasable","18":"product-type-simple"},"_links":{"self":[{"href":"https:\/\/mawuartgallery.com\/fr\/wp-json\/wp\/v2\/product\/18110","targetHints":{"allow":["GET"]}}],"collection":[{"href":"https:\/\/mawuartgallery.com\/fr\/wp-json\/wp\/v2\/product"}],"about":[{"href":"https:\/\/mawuartgallery.com\/fr\/wp-json\/wp\/v2\/types\/product"}],"replies":[{"embeddable":true,"href":"https:\/\/mawuartgallery.com\/fr\/wp-json\/wp\/v2\/comments?post=18110"}],"version-history":[{"count":3,"href":"https:\/\/mawuartgallery.com\/fr\/wp-json\/wp\/v2\/product\/18110\/revisions"}],"predecessor-version":[{"id":18116,"href":"https:\/\/mawuartgallery.com\/fr\/wp-json\/wp\/v2\/product\/18110\/revisions\/18116"}],"wp:featuredmedia":[{"embeddable":true,"href":"https:\/\/mawuartgallery.com\/fr\/wp-json\/wp\/v2\/media\/18113"}],"wp:attachment":[{"href":"https:\/\/mawuartgallery.com\/fr\/wp-json\/wp\/v2\/media?parent=18110"}],"wp:term":[{"taxonomy":"product_brand","embeddable":true,"href":"https:\/\/mawuartgallery.com\/fr\/wp-json\/wp\/v2\/product_brand?post=18110"},{"taxonomy":"product_cat","embeddable":true,"href":"https:\/\/mawuartgallery.com\/fr\/wp-json\/wp\/v2\/product_cat?post=18110"},{"taxonomy":"product_tag","embeddable":true,"href":"https:\/\/mawuartgallery.com\/fr\/wp-json\/wp\/v2\/product_tag?post=18110"}],"curies":[{"name":"wp","href":"https:\/\/api.w.org\/{rel}","templated":true}]}}