{"id":18105,"date":"2026-04-17T15:21:57","date_gmt":"2026-04-17T19:21:57","guid":{"rendered":"https:\/\/mawuartgallery.com\/?post_type=product&#038;p=18105"},"modified":"2026-04-17T15:32:09","modified_gmt":"2026-04-17T19:32:09","slug":"lake-of-dreams-2","status":"publish","type":"product","link":"https:\/\/mawuartgallery.com\/fr\/produit\/lake-of-dreams-2\/","title":{"rendered":"Le Lac des r\u00eaves 2"},"content":{"rendered":"<p data-start=\"184\" data-end=\"394\">Le Lac des r\u00eaves saisit un instant fugace dans la course effr\u00e9n\u00e9e de la vie : une conqu\u00eate de soi, ou une lutte contre les \u00e9l\u00e9ments. L\u2019\u0153uvre se lit comme une parabole sur la mani\u00e8re dont les opportunit\u00e9s peuvent \u00eatre saisies \u2014 ou perdues face \u00e0 l\u2019adversit\u00e9.<\/p>\n<p>&nbsp;<\/p>\n<p data-start=\"396\" data-end=\"683\">Elle v\u00e9hicule un message subtil : les r\u00eaves sont l\u00e9gitimes, mais nombreux sont ceux qui p\u00eachent dans le m\u00eame lac. On peut choisir de poursuivre les siens, ou risquer d\u2019\u00eatre d\u00e9pass\u00e9 par des concurrents plus acharn\u00e9s. Pourtant, au c\u0153ur de ce magnifique chaos, le personnage central demeure imperturbable \u2014 confiante en son unicit\u00e9, affirmant avec s\u00e9r\u00e9nit\u00e9 :<\/p>\n<p>&nbsp;<\/p>\n<p data-start=\"685\" data-end=\"773\"><em data-start=\"685\" data-end=\"773\">\u00ab Je suis ancr\u00e9e en moi-m\u00eame. Je ne me bats pas pour une place. Mon poisson rouge trouvera ma ligne. \u00bb<\/em><\/p>\n<p>&nbsp;<\/p>\n<p data-start=\"775\" data-end=\"971\">Le tableau invite le spectateur \u00e0 faire confiance \u00e0 son propre chemin \u2014 \u00e0 accueillir la dynamique de son histoire : les petites victoires, les angoisses, et tout ce qui se d\u00e9ploie entre les deux, au fil du voyage du devenir.<\/p>","protected":false},"excerpt":{"rendered":"<h6><strong>Artiste : <span style=\"color: #0000ff;\"><a style=\"color: #0000ff;\" href=\"https:\/\/mawuartgallery.com\/fr\/portfolio-item\/peter-eneji\/\">PETER ENEJI<\/a><\/span><\/strong><\/h6>\n<p>Huile sur toile<br \/>\n(116 x 120 cm \/ 46 x 47,5 po)<br \/>\nCr\u00e9\u00e9e en 2025<\/p>\n<p>&nbsp;<\/p>\n<p><em>Cet article est soigneusement enroul\u00e9 et exp\u00e9di\u00e9 dans un tube d'exp\u00e9dition afin de garantir une livraison en toute s\u00e9curit\u00e9.<\/em><\/p>\n<p>&nbsp;<\/p>\n<p><strong><em>Pour nous assurer que l'\u0153uvre r\u00e9pond \u00e0 vos attentes, nous serions ravis de vous en fournir une vid\u00e9o en haute d\u00e9finition accompagn\u00e9e des commentaires de l'artiste, avant que vous ne proc\u00e9diez \u00e0 l'achat. Pour ce faire, il vous suffit de communiquer avec nous par courriel \u00e0 <a rel=\"noopener\">mawuartgallery@gmail.com<\/a> D\u00e8s r\u00e9ception de votre demande, nous vous ferons parvenir une ou plusieurs vid\u00e9os\/photos selon votre choix.\u00a0<\/em><\/strong><\/p>\n<p>&nbsp;<\/p>\n<p><strong>LIVRAISON GRATUITE POUR TOUTES LES COMMANDES<\/strong><\/p>","protected":false},"featured_media":18109,"comment_status":"open","ping_status":"closed","template":"","meta":{"nf_dc_page":""},"product_brand":[],"product_cat":[70,43],"product_tag":[32,34,42],"class_list":{"0":"post-18105","1":"product","2":"type-product","3":"status-publish","4":"has-post-thumbnail","6":"product_cat-oil-painting","7":"product_cat-paintings","8":"product_tag-art","9":"product_tag-color","10":"product_tag-painting","11":"product_shipping_class-mailing-tube","13":"first","14":"instock","15":"sold-individually","16":"shipping-taxable","17":"purchasable","18":"product-type-simple"},"_links":{"self":[{"href":"https:\/\/mawuartgallery.com\/fr\/wp-json\/wp\/v2\/product\/18105","targetHints":{"allow":["GET"]}}],"collection":[{"href":"https:\/\/mawuartgallery.com\/fr\/wp-json\/wp\/v2\/product"}],"about":[{"href":"https:\/\/mawuartgallery.com\/fr\/wp-json\/wp\/v2\/types\/product"}],"replies":[{"embeddable":true,"href":"https:\/\/mawuartgallery.com\/fr\/wp-json\/wp\/v2\/comments?post=18105"}],"version-history":[{"count":1,"href":"https:\/\/mawuartgallery.com\/fr\/wp-json\/wp\/v2\/product\/18105\/revisions"}],"predecessor-version":[{"id":18106,"href":"https:\/\/mawuartgallery.com\/fr\/wp-json\/wp\/v2\/product\/18105\/revisions\/18106"}],"wp:featuredmedia":[{"embeddable":true,"href":"https:\/\/mawuartgallery.com\/fr\/wp-json\/wp\/v2\/media\/18109"}],"wp:attachment":[{"href":"https:\/\/mawuartgallery.com\/fr\/wp-json\/wp\/v2\/media?parent=18105"}],"wp:term":[{"taxonomy":"product_brand","embeddable":true,"href":"https:\/\/mawuartgallery.com\/fr\/wp-json\/wp\/v2\/product_brand?post=18105"},{"taxonomy":"product_cat","embeddable":true,"href":"https:\/\/mawuartgallery.com\/fr\/wp-json\/wp\/v2\/product_cat?post=18105"},{"taxonomy":"product_tag","embeddable":true,"href":"https:\/\/mawuartgallery.com\/fr\/wp-json\/wp\/v2\/product_tag?post=18105"}],"curies":[{"name":"wp","href":"https:\/\/api.w.org\/{rel}","templated":true}]}}