{"id":17991,"date":"2026-04-08T16:40:11","date_gmt":"2026-04-08T20:40:11","guid":{"rendered":"https:\/\/mawuartgallery.com\/?post_type=product&#038;p=17991"},"modified":"2026-04-08T17:32:05","modified_gmt":"2026-04-08T21:32:05","slug":"everyone-is-looking-for-something-4","status":"publish","type":"product","link":"https:\/\/mawuartgallery.com\/fr\/produit\/everyone-is-looking-for-something-4\/","title":{"rendered":"Tout le monde cherche quelque chose 4"},"content":{"rendered":"<p data-start=\"97\" data-end=\"275\">Nous cherchons un sens et un but dans des lieux que nous croyons porteurs de joie et de bonheur. Pourtant, il est possible que nous soyons nous-m\u00eames le sens que quelqu\u2019un d\u2019autre cherche dans sa propre vie.<\/p>\n<p>&nbsp;<\/p>\n<p data-start=\"277\" data-end=\"445\">On peut voyager d\u2019un endroit \u00e0 l\u2019autre, parcourir le monde \u00e0 la recherche de ce sens, sans se rendre compte qu\u2019il \u00e9tait en soi depuis le d\u00e9but.<\/p>\n<p>&nbsp;<\/p>\n<p data-start=\"447\" data-end=\"603\">Parfois, la vie nous apprend \u00e0 appr\u00e9cier les petites choses, ces moments simples du quotidien. Et l\u2019on r\u00e9alise que c\u2019est peut-\u00eatre cela que nous cherchions depuis toutes ces ann\u00e9es.<\/p>","protected":false},"excerpt":{"rendered":"<h6><strong>Artiste : <\/strong><span style=\"color: #0000ff;\"><a style=\"color: #0000ff;\" href=\"https:\/\/mawuartgallery.com\/fr\/portfolio-item\/onyekachi-c-opara\/\"><strong>Courage <\/strong><strong>Onyekachi\u00a0<\/strong><strong>Opara\u00a0<\/strong><\/a><\/span><\/h6>\n<p>Huile sur toile<br \/>\n(20 x 24 in. \/ 50 x 60 cm)<br \/>\nCr\u00e9\u00e9e en 2025<\/p>\n<p>&nbsp;<\/p>\n<p><em>Cet article est soigneusement enroul\u00e9 et exp\u00e9di\u00e9 dans un tube d'exp\u00e9dition afin de garantir une livraison en toute s\u00e9curit\u00e9.<\/em><\/p>\n<p>&nbsp;<\/p>\n<p><strong><em>Pour nous assurer que l'\u0153uvre r\u00e9pond \u00e0 vos attentes, nous serions ravis de vous en fournir une vid\u00e9o en haute d\u00e9finition accompagn\u00e9e des commentaires de l'artiste, avant que vous ne proc\u00e9diez \u00e0 l'achat. Pour ce faire, il vous suffit de communiquer avec nous par courriel \u00e0 <a rel=\"noopener\">mawuartgallery@gmail.com<\/a> D\u00e8s r\u00e9ception de votre demande, nous vous ferons parvenir une ou plusieurs vid\u00e9os\/photos selon votre choix.\u00a0<\/em><\/strong><\/p>\n<p>&nbsp;<\/p>\n<p><strong>LIVRAISON GRATUITE POUR TOUTES LES COMMANDES<\/strong><\/p>","protected":false},"featured_media":17994,"comment_status":"open","ping_status":"closed","template":"","meta":{"nf_dc_page":""},"product_brand":[],"product_cat":[70,43],"product_tag":[32,34,42],"class_list":{"0":"post-17991","1":"product","2":"type-product","3":"status-publish","4":"has-post-thumbnail","6":"product_cat-oil-painting","7":"product_cat-paintings","8":"product_tag-art","9":"product_tag-color","10":"product_tag-painting","11":"product_shipping_class-mailing-tube","13":"first","14":"instock","15":"sold-individually","16":"shipping-taxable","17":"purchasable","18":"product-type-simple"},"_links":{"self":[{"href":"https:\/\/mawuartgallery.com\/fr\/wp-json\/wp\/v2\/product\/17991","targetHints":{"allow":["GET"]}}],"collection":[{"href":"https:\/\/mawuartgallery.com\/fr\/wp-json\/wp\/v2\/product"}],"about":[{"href":"https:\/\/mawuartgallery.com\/fr\/wp-json\/wp\/v2\/types\/product"}],"replies":[{"embeddable":true,"href":"https:\/\/mawuartgallery.com\/fr\/wp-json\/wp\/v2\/comments?post=17991"}],"version-history":[{"count":1,"href":"https:\/\/mawuartgallery.com\/fr\/wp-json\/wp\/v2\/product\/17991\/revisions"}],"predecessor-version":[{"id":17992,"href":"https:\/\/mawuartgallery.com\/fr\/wp-json\/wp\/v2\/product\/17991\/revisions\/17992"}],"wp:featuredmedia":[{"embeddable":true,"href":"https:\/\/mawuartgallery.com\/fr\/wp-json\/wp\/v2\/media\/17994"}],"wp:attachment":[{"href":"https:\/\/mawuartgallery.com\/fr\/wp-json\/wp\/v2\/media?parent=17991"}],"wp:term":[{"taxonomy":"product_brand","embeddable":true,"href":"https:\/\/mawuartgallery.com\/fr\/wp-json\/wp\/v2\/product_brand?post=17991"},{"taxonomy":"product_cat","embeddable":true,"href":"https:\/\/mawuartgallery.com\/fr\/wp-json\/wp\/v2\/product_cat?post=17991"},{"taxonomy":"product_tag","embeddable":true,"href":"https:\/\/mawuartgallery.com\/fr\/wp-json\/wp\/v2\/product_tag?post=17991"}],"curies":[{"name":"wp","href":"https:\/\/api.w.org\/{rel}","templated":true}]}}