{"id":17986,"date":"2026-04-08T16:28:33","date_gmt":"2026-04-08T20:28:33","guid":{"rendered":"https:\/\/mawuartgallery.com\/?post_type=product&#038;p=17986"},"modified":"2026-04-09T14:13:07","modified_gmt":"2026-04-09T18:13:07","slug":"everyone-is-looking-for-something-3","status":"publish","type":"product","link":"https:\/\/mawuartgallery.com\/fr\/produit\/everyone-is-looking-for-something-3\/","title":{"rendered":"Tout le monde cherche quelque chose 3"},"content":{"rendered":"<p data-start=\"108\" data-end=\"282\">Quiconque a la vue peut admirer et appr\u00e9cier la beaut\u00e9 de la nature et les merveilles du monde. Mais dans un monde o\u00f9 la vue rev\u00eat une telle importance, la vision semble de r\u00e9v\u00e9ler encore plus puissante.<\/p>\n<p>&nbsp;<\/p>\n<p data-start=\"284\" data-end=\"409\">Les pionniers, les inventeurs, les g\u00e9nies et les esprits extraordinaires sont des personnes dot\u00e9es d'une vision. Ils voient au-del\u00e0 de ce qui est imm\u00e9diatement visible.<\/p>\n<p>&nbsp;<\/p>\n<p data-start=\"411\" data-end=\"583\">C'est comme contempler une montagne depuis le balcon d'un penthouse; on voit plus loin, plus clairement et avec une meilleure perspective. Pour vraiment voir ce qui nous attend, il faut prendre de la hauteur.<\/p>","protected":false},"excerpt":{"rendered":"<h6><strong>Artiste : <\/strong><span style=\"color: #0000ff;\"><a style=\"color: #0000ff;\" href=\"https:\/\/mawuartgallery.com\/fr\/portfolio-item\/onyekachi-c-opara\/\"><strong>Courage <\/strong><strong>Onyekachi\u00a0<\/strong><strong>Opara\u00a0<\/strong><\/a><\/span><\/h6>\n<p>Huile sur toile<br \/>\n(60 x 50 cm \/ 24 x 20 po)<br \/>\nCr\u00e9\u00e9e en 2025<\/p>\n<p>&nbsp;<\/p>\n<p><em>Cet article est soigneusement enroul\u00e9 et exp\u00e9di\u00e9 dans un tube d'exp\u00e9dition afin de garantir une livraison en toute s\u00e9curit\u00e9.<\/em><\/p>\n<p>&nbsp;<\/p>\n<p><strong><em>Pour nous assurer que l'\u0153uvre r\u00e9pond \u00e0 vos attentes, nous serions ravis de vous en fournir une vid\u00e9o en haute d\u00e9finition accompagn\u00e9e des commentaires de l'artiste, avant que vous ne proc\u00e9diez \u00e0 l'achat. Pour ce faire, il vous suffit de communiquer avec nous par courriel \u00e0 <a rel=\"noopener\">mawuartgallery@gmail.com<\/a> D\u00e8s r\u00e9ception de votre demande, nous vous ferons parvenir une ou plusieurs vid\u00e9os\/photos selon votre choix.\u00a0<\/em><\/strong><\/p>\n<p>&nbsp;<\/p>\n<p><strong>LIVRAISON GRATUITE POUR TOUTES LES COMMANDES<\/strong><\/p>","protected":false},"featured_media":17989,"comment_status":"open","ping_status":"closed","template":"","meta":{"nf_dc_page":""},"product_brand":[],"product_cat":[70,43],"product_tag":[32,34,42],"class_list":{"0":"post-17986","1":"product","2":"type-product","3":"status-publish","4":"has-post-thumbnail","6":"product_cat-oil-painting","7":"product_cat-paintings","8":"product_tag-art","9":"product_tag-color","10":"product_tag-painting","11":"product_shipping_class-mailing-tube","13":"first","14":"instock","15":"sold-individually","16":"shipping-taxable","17":"purchasable","18":"product-type-simple"},"_links":{"self":[{"href":"https:\/\/mawuartgallery.com\/fr\/wp-json\/wp\/v2\/product\/17986","targetHints":{"allow":["GET"]}}],"collection":[{"href":"https:\/\/mawuartgallery.com\/fr\/wp-json\/wp\/v2\/product"}],"about":[{"href":"https:\/\/mawuartgallery.com\/fr\/wp-json\/wp\/v2\/types\/product"}],"replies":[{"embeddable":true,"href":"https:\/\/mawuartgallery.com\/fr\/wp-json\/wp\/v2\/comments?post=17986"}],"version-history":[{"count":1,"href":"https:\/\/mawuartgallery.com\/fr\/wp-json\/wp\/v2\/product\/17986\/revisions"}],"predecessor-version":[{"id":17987,"href":"https:\/\/mawuartgallery.com\/fr\/wp-json\/wp\/v2\/product\/17986\/revisions\/17987"}],"wp:featuredmedia":[{"embeddable":true,"href":"https:\/\/mawuartgallery.com\/fr\/wp-json\/wp\/v2\/media\/17989"}],"wp:attachment":[{"href":"https:\/\/mawuartgallery.com\/fr\/wp-json\/wp\/v2\/media?parent=17986"}],"wp:term":[{"taxonomy":"product_brand","embeddable":true,"href":"https:\/\/mawuartgallery.com\/fr\/wp-json\/wp\/v2\/product_brand?post=17986"},{"taxonomy":"product_cat","embeddable":true,"href":"https:\/\/mawuartgallery.com\/fr\/wp-json\/wp\/v2\/product_cat?post=17986"},{"taxonomy":"product_tag","embeddable":true,"href":"https:\/\/mawuartgallery.com\/fr\/wp-json\/wp\/v2\/product_tag?post=17986"}],"curies":[{"name":"wp","href":"https:\/\/api.w.org\/{rel}","templated":true}]}}