{"id":17980,"date":"2026-04-08T16:16:09","date_gmt":"2026-04-08T20:16:09","guid":{"rendered":"https:\/\/mawuartgallery.com\/?post_type=product&#038;p=17980"},"modified":"2026-04-09T14:07:01","modified_gmt":"2026-04-09T18:07:01","slug":"everyone-is-looking-for-something-2","status":"publish","type":"product","link":"https:\/\/mawuartgallery.com\/fr\/produit\/everyone-is-looking-for-something-2\/","title":{"rendered":"Tout le monde cherche quelque chose 2"},"content":{"rendered":"<p data-start=\"104\" data-end=\"237\">Ma vision du monde est bien diff\u00e9rente de celle des autres. L'interpr\u00e9tation que je fais de ce que je vois fa\u00e7onne ma perception du monde.<\/p>\n<p>&nbsp;<\/p>\n<p data-start=\"239\" data-end=\"371\">Cela d\u00e9pend de l'endroit o\u00f9 je me trouve, autrement dit, de mon point de vue. Telles sont les complexit\u00e9s des r\u00e9alit\u00e9s de la vie.<\/p>\n<p>&nbsp;<\/p>\n<p data-start=\"373\" data-end=\"441\">Ce que vous voyez de votre point de vue correspond-il \u00e0 ce que voient les autres?<\/p>\n<p>&nbsp;<\/p>\n<p data-start=\"443\" data-end=\"477\">Tout le monde cherche quelque chose.<\/p>","protected":false},"excerpt":{"rendered":"<h6><strong>Artiste : <\/strong><span style=\"color: #0000ff;\"><a style=\"color: #0000ff;\" href=\"https:\/\/mawuartgallery.com\/fr\/portfolio-item\/onyekachi-c-opara\/\"><strong>Courage <\/strong><strong>Onyekachi\u00a0<\/strong><strong>Opara\u00a0<\/strong><\/a><\/span><\/h6>\n<p>Huile sur toile<br \/>\n(60 x 50 cm \/ 24 x 20 po)<br \/>\nCr\u00e9\u00e9e en 2025<\/p>\n<p>&nbsp;<\/p>\n<p><em>Cet article est soigneusement enroul\u00e9 et exp\u00e9di\u00e9 dans un tube d'exp\u00e9dition afin de garantir une livraison en toute s\u00e9curit\u00e9.<\/em><\/p>\n<p>&nbsp;<\/p>\n<p><strong><em>Pour nous assurer que l'\u0153uvre r\u00e9pond \u00e0 vos attentes, nous serions ravis de vous en fournir une vid\u00e9o en haute d\u00e9finition accompagn\u00e9e des commentaires de l'artiste, avant que vous ne proc\u00e9diez \u00e0 l'achat. Pour ce faire, il vous suffit de communiquer avec nous par courriel \u00e0 <a rel=\"noopener\">mawuartgallery@gmail.com<\/a> D\u00e8s r\u00e9ception de votre demande, nous vous ferons parvenir une ou plusieurs vid\u00e9os\/photos selon votre choix.\u00a0<\/em><\/strong><\/p>\n<p>&nbsp;<\/p>\n<p><strong>LIVRAISON GRATUITE POUR TOUTES LES COMMANDES<\/strong><\/p>","protected":false},"featured_media":17983,"comment_status":"open","ping_status":"closed","template":"","meta":{"nf_dc_page":""},"product_brand":[],"product_cat":[70,43],"product_tag":[32,34,42],"class_list":{"0":"post-17980","1":"product","2":"type-product","3":"status-publish","4":"has-post-thumbnail","6":"product_cat-oil-painting","7":"product_cat-paintings","8":"product_tag-art","9":"product_tag-color","10":"product_tag-painting","11":"product_shipping_class-mailing-tube","13":"first","14":"instock","15":"sold-individually","16":"shipping-taxable","17":"purchasable","18":"product-type-simple"},"_links":{"self":[{"href":"https:\/\/mawuartgallery.com\/fr\/wp-json\/wp\/v2\/product\/17980","targetHints":{"allow":["GET"]}}],"collection":[{"href":"https:\/\/mawuartgallery.com\/fr\/wp-json\/wp\/v2\/product"}],"about":[{"href":"https:\/\/mawuartgallery.com\/fr\/wp-json\/wp\/v2\/types\/product"}],"replies":[{"embeddable":true,"href":"https:\/\/mawuartgallery.com\/fr\/wp-json\/wp\/v2\/comments?post=17980"}],"version-history":[{"count":2,"href":"https:\/\/mawuartgallery.com\/fr\/wp-json\/wp\/v2\/product\/17980\/revisions"}],"predecessor-version":[{"id":17985,"href":"https:\/\/mawuartgallery.com\/fr\/wp-json\/wp\/v2\/product\/17980\/revisions\/17985"}],"wp:featuredmedia":[{"embeddable":true,"href":"https:\/\/mawuartgallery.com\/fr\/wp-json\/wp\/v2\/media\/17983"}],"wp:attachment":[{"href":"https:\/\/mawuartgallery.com\/fr\/wp-json\/wp\/v2\/media?parent=17980"}],"wp:term":[{"taxonomy":"product_brand","embeddable":true,"href":"https:\/\/mawuartgallery.com\/fr\/wp-json\/wp\/v2\/product_brand?post=17980"},{"taxonomy":"product_cat","embeddable":true,"href":"https:\/\/mawuartgallery.com\/fr\/wp-json\/wp\/v2\/product_cat?post=17980"},{"taxonomy":"product_tag","embeddable":true,"href":"https:\/\/mawuartgallery.com\/fr\/wp-json\/wp\/v2\/product_tag?post=17980"}],"curies":[{"name":"wp","href":"https:\/\/api.w.org\/{rel}","templated":true}]}}