{"id":17972,"date":"2026-04-08T15:31:13","date_gmt":"2026-04-08T19:31:13","guid":{"rendered":"https:\/\/mawuartgallery.com\/?post_type=product&#038;p=17972"},"modified":"2026-04-09T14:04:07","modified_gmt":"2026-04-09T18:04:07","slug":"everyone-is-looking-for-something-1","status":"publish","type":"product","link":"https:\/\/mawuartgallery.com\/fr\/produit\/everyone-is-looking-for-something-1\/","title":{"rendered":"Tout le monde cherche quelque chose 1"},"content":{"rendered":"<p data-start=\"100\" data-end=\"329\">La qu\u00eate de sens, d\u2019un but, d\u2019amour et d\u2019\u00e9panouissement est une exp\u00e9rience humaine. Elle se d\u00e9roule diff\u00e9remment pour chacun. Chaque individu est anim\u00e9 par le d\u00e9sir d\u2019atteindre ses objectifs, de trouver sa raison d\u2019\u00eatre et de conna\u00eetre un sentiment d\u2019\u00e9panouissement.<\/p>\n<p>&nbsp;<\/p>\n<p data-start=\"331\" data-end=\"531\">Ma plus grande source de force et d\u2019\u00e9panouissement r\u00e9side dans la cr\u00e9ation d\u2019\u0153uvres qui refl\u00e8tent mes exp\u00e9riences. Je sais qu\u2019il y a des gens qui ont besoin de ce genre de force, mais qui ne parviennent pas \u00e0 l\u2019exprimer eux-m\u00eames.<\/p>\n<p>&nbsp;<\/p>\n<p data-start=\"533\" data-end=\"608\">J'esp\u00e8re que vous trouverez un jour ce que vous cherchez. J'esp\u00e8re que mon art les trouvera.<\/p>","protected":false},"excerpt":{"rendered":"<h6><strong>Artiste : <\/strong><span style=\"color: #0000ff;\"><a style=\"color: #0000ff;\" href=\"https:\/\/mawuartgallery.com\/fr\/portfolio-item\/onyekachi-c-opara\/\"><strong>Courage <\/strong><strong>Onyekachi\u00a0<\/strong><strong>Opara\u00a0<\/strong><\/a><\/span><\/h6>\n<p>Huile sur toile<br \/>\n(20 x 24 in. \/ 50 x 60 cm)<br \/>\nCr\u00e9\u00e9e en 2025<\/p>\n<p>&nbsp;<\/p>\n<p><em>Cet article est soigneusement enroul\u00e9 et exp\u00e9di\u00e9 dans un tube d'exp\u00e9dition afin de garantir une livraison en toute s\u00e9curit\u00e9.<\/em><\/p>\n<p>&nbsp;<\/p>\n<p><strong><em>Pour nous assurer que l'\u0153uvre r\u00e9pond \u00e0 vos attentes, nous serions ravis de vous en fournir une vid\u00e9o en haute d\u00e9finition accompagn\u00e9e des commentaires de l'artiste, avant que vous ne proc\u00e9diez \u00e0 l'achat. Pour ce faire, il vous suffit de communiquer avec nous par courriel \u00e0 <a rel=\"noopener\">mawuartgallery@gmail.com<\/a> D\u00e8s r\u00e9ception de votre demande, nous vous ferons parvenir une ou plusieurs vid\u00e9os\/photos selon votre choix.\u00a0<\/em><\/strong><\/p>\n<p>&nbsp;<\/p>\n<p><strong>LIVRAISON GRATUITE POUR TOUTES LES COMMANDES<\/strong><\/p>","protected":false},"featured_media":17978,"comment_status":"open","ping_status":"closed","template":"","meta":{"nf_dc_page":""},"product_brand":[],"product_cat":[70,43],"product_tag":[32,34,42],"class_list":{"0":"post-17972","1":"product","2":"type-product","3":"status-publish","4":"has-post-thumbnail","6":"product_cat-oil-painting","7":"product_cat-paintings","8":"product_tag-art","9":"product_tag-color","10":"product_tag-painting","11":"product_shipping_class-mailing-tube","13":"first","14":"instock","15":"sold-individually","16":"shipping-taxable","17":"purchasable","18":"product-type-simple"},"_links":{"self":[{"href":"https:\/\/mawuartgallery.com\/fr\/wp-json\/wp\/v2\/product\/17972","targetHints":{"allow":["GET"]}}],"collection":[{"href":"https:\/\/mawuartgallery.com\/fr\/wp-json\/wp\/v2\/product"}],"about":[{"href":"https:\/\/mawuartgallery.com\/fr\/wp-json\/wp\/v2\/types\/product"}],"replies":[{"embeddable":true,"href":"https:\/\/mawuartgallery.com\/fr\/wp-json\/wp\/v2\/comments?post=17972"}],"version-history":[{"count":4,"href":"https:\/\/mawuartgallery.com\/fr\/wp-json\/wp\/v2\/product\/17972\/revisions"}],"predecessor-version":[{"id":17979,"href":"https:\/\/mawuartgallery.com\/fr\/wp-json\/wp\/v2\/product\/17972\/revisions\/17979"}],"wp:featuredmedia":[{"embeddable":true,"href":"https:\/\/mawuartgallery.com\/fr\/wp-json\/wp\/v2\/media\/17978"}],"wp:attachment":[{"href":"https:\/\/mawuartgallery.com\/fr\/wp-json\/wp\/v2\/media?parent=17972"}],"wp:term":[{"taxonomy":"product_brand","embeddable":true,"href":"https:\/\/mawuartgallery.com\/fr\/wp-json\/wp\/v2\/product_brand?post=17972"},{"taxonomy":"product_cat","embeddable":true,"href":"https:\/\/mawuartgallery.com\/fr\/wp-json\/wp\/v2\/product_cat?post=17972"},{"taxonomy":"product_tag","embeddable":true,"href":"https:\/\/mawuartgallery.com\/fr\/wp-json\/wp\/v2\/product_tag?post=17972"}],"curies":[{"name":"wp","href":"https:\/\/api.w.org\/{rel}","templated":true}]}}