{"id":17959,"date":"2026-04-06T10:44:27","date_gmt":"2026-04-06T14:44:27","guid":{"rendered":"https:\/\/mawuartgallery.com\/?post_type=product&#038;p=17959"},"modified":"2026-04-06T11:05:41","modified_gmt":"2026-04-06T15:05:41","slug":"resonance-of-three-kingdoms","status":"publish","type":"product","link":"https:\/\/mawuartgallery.com\/fr\/produit\/resonance-of-three-kingdoms\/","title":{"rendered":"La r\u00e9sonance des Trois Royaumes"},"content":{"rendered":"<p>Cette composition pleine de vie illustre l'unit\u00e9 du Nigeria \u00e0 travers la musique, en repr\u00e9sentant trois musiciens stylis\u00e9s qui symbolisent les principales tribus du pays : les Igbos, les Yorubas et les Haoussas. Chaque personnage, v\u00eatu d'un costume et de couleurs distincts, refl\u00e8te son identit\u00e9 culturelle tout en tenant des instruments traditionnels qui font \u00e9cho \u00e0 son patrimoine musical unique.<br \/>\n&nbsp;<br \/>\nLes formes fluides et le fond textur\u00e9 fusionnent le rythme et le mouvement, sugg\u00e9rant une harmonie au-del\u00e0 de la diversit\u00e9. Bien que diff\u00e9rents dans leur expression et leurs traditions, les musiciens se tiennent c\u00f4te \u00e0 c\u00f4te, cr\u00e9ant une symphonie visuelle qui c\u00e9l\u00e8bre la riche mosa\u00efque culturelle du Nigeria, o\u00f9 le son devient un langage unificateur entre les tribus.<\/p>","protected":false},"excerpt":{"rendered":"<h6><strong>Artiste : <span style=\"color: #0000ff;\"><a style=\"color: #0000ff;\" href=\"https:\/\/mawuartgallery.com\/fr\/portfolio-item\/uchechi-udochukwu\/\">UCHECHI UDOCHUKWU<\/a><\/span><\/strong><\/h6>\n<p>M\u00e9dias mixtes sur toile<br \/>\n(91 x 91 cm \/ 36 x 36 po)<br \/>\nCreated in 2026<\/p>\n<p>&nbsp;<\/p>\n<p><em>Cet article est soigneusement enroul\u00e9 et exp\u00e9di\u00e9 dans un tube d'exp\u00e9dition afin de garantir une livraison en toute s\u00e9curit\u00e9.<\/em><\/p>\n<p>&nbsp;<\/p>\n<p><strong><em>Pour nous assurer que l'\u0153uvre r\u00e9pond \u00e0 vos attentes, nous serions ravis de vous en fournir une vid\u00e9o en haute d\u00e9finition accompagn\u00e9e des commentaires de l'artiste, avant que vous ne proc\u00e9diez \u00e0 l'achat. Pour ce faire, il vous suffit de communiquer avec nous par courriel \u00e0 <a rel=\"noopener\">mawuartgallery@gmail.com<\/a> D\u00e8s r\u00e9ception de votre demande, nous vous ferons parvenir une ou plusieurs vid\u00e9os\/photos selon votre choix.<\/em><\/strong><\/p>\n<p>&nbsp;<\/p>\n<p><strong>LIVRAISON GRATUITE POUR TOUTES LES COMMANDES<\/strong><\/p>","protected":false},"featured_media":17965,"comment_status":"open","ping_status":"closed","template":"","meta":{"nf_dc_page":""},"product_brand":[],"product_cat":[113],"product_tag":[32,34,42],"class_list":{"0":"post-17959","1":"product","2":"type-product","3":"status-publish","4":"has-post-thumbnail","6":"product_cat-mixed-media","7":"product_tag-art","8":"product_tag-color","9":"product_tag-painting","10":"product_shipping_class-mailing-tube","12":"first","13":"instock","14":"sold-individually","15":"shipping-taxable","16":"purchasable","17":"product-type-simple"},"_links":{"self":[{"href":"https:\/\/mawuartgallery.com\/fr\/wp-json\/wp\/v2\/product\/17959","targetHints":{"allow":["GET"]}}],"collection":[{"href":"https:\/\/mawuartgallery.com\/fr\/wp-json\/wp\/v2\/product"}],"about":[{"href":"https:\/\/mawuartgallery.com\/fr\/wp-json\/wp\/v2\/types\/product"}],"replies":[{"embeddable":true,"href":"https:\/\/mawuartgallery.com\/fr\/wp-json\/wp\/v2\/comments?post=17959"}],"version-history":[{"count":5,"href":"https:\/\/mawuartgallery.com\/fr\/wp-json\/wp\/v2\/product\/17959\/revisions"}],"predecessor-version":[{"id":17969,"href":"https:\/\/mawuartgallery.com\/fr\/wp-json\/wp\/v2\/product\/17959\/revisions\/17969"}],"wp:featuredmedia":[{"embeddable":true,"href":"https:\/\/mawuartgallery.com\/fr\/wp-json\/wp\/v2\/media\/17965"}],"wp:attachment":[{"href":"https:\/\/mawuartgallery.com\/fr\/wp-json\/wp\/v2\/media?parent=17959"}],"wp:term":[{"taxonomy":"product_brand","embeddable":true,"href":"https:\/\/mawuartgallery.com\/fr\/wp-json\/wp\/v2\/product_brand?post=17959"},{"taxonomy":"product_cat","embeddable":true,"href":"https:\/\/mawuartgallery.com\/fr\/wp-json\/wp\/v2\/product_cat?post=17959"},{"taxonomy":"product_tag","embeddable":true,"href":"https:\/\/mawuartgallery.com\/fr\/wp-json\/wp\/v2\/product_tag?post=17959"}],"curies":[{"name":"wp","href":"https:\/\/api.w.org\/{rel}","templated":true}]}}