{"id":17945,"date":"2026-04-01T10:59:44","date_gmt":"2026-04-01T14:59:44","guid":{"rendered":"https:\/\/mawuartgallery.com\/?post_type=product&#038;p=17945"},"modified":"2026-04-01T11:17:26","modified_gmt":"2026-04-01T15:17:26","slug":"resonance-of-ancestral-echoes","status":"publish","type":"product","link":"https:\/\/mawuartgallery.com\/fr\/produit\/resonance-of-ancestral-echoes\/","title":{"rendered":"La r\u00e9sonance des \u00e9chos ancestraux"},"content":{"rendered":"<p>Cette composition visuellement saisissante met en sc\u00e8ne trois silhouettes masculines allong\u00e9es en pleine expression musicale, leurs instruments symbolisant la voix, l\u2019identit\u00e9 et la m\u00e9moire culturelle. La surface richement textur\u00e9e, aux allures de mosa\u00efque, cr\u00e9e un langage visuel rythmique qui refl\u00e8te \u00e0 la fois le son et la finesse de l\u2019artisanat autochtone.<br \/>\n&nbsp;<br \/>\nUn d\u00e9grad\u00e9 harmonieux allant des tons chauds aux tons froids renforce la profondeur \u00e9motionnelle de l'\u0153uvre, sugg\u00e9rant un voyage de la vitalit\u00e9 \u00e0 l'introspection. Les motifs circulaires au sein des figures \u00e9voquent les th\u00e8mes de la continuit\u00e9, de la pl\u00e9nitude et du lien spirituel, ancrant la composition dans une signification culturelle et symbolique.<br \/>\n&nbsp;<br \/>\nC\u00e9l\u00e9brant l'unit\u00e9, le patrimoine et l'identit\u00e9 collective, cette peinture transforme l'abstraction en un r\u00e9cit puissant o\u00f9 convergent le rythme, la tradition et l'harmonie visuelle.<\/p>","protected":false},"excerpt":{"rendered":"<h6><strong>Artiste : <span style=\"color: #0000ff;\"><a style=\"color: #0000ff;\" href=\"https:\/\/mawuartgallery.com\/fr\/portfolio-item\/uchechi-udochukwu\/\">UCHECHI UDOCHUKWU<\/a><\/span><\/strong><\/h6>\n<p>M\u00e9dias mixtes sur toile<br \/>\n(91 x 91 cm \/ 36 x 36 po)<br \/>\nCreated in 2026<\/p>\n<p>&nbsp;<\/p>\n<p><em>Cet article est soigneusement enroul\u00e9 et exp\u00e9di\u00e9 dans un tube d'exp\u00e9dition afin de garantir une livraison en toute s\u00e9curit\u00e9.<\/em><\/p>\n<p>&nbsp;<\/p>\n<p><strong><em>Pour nous assurer que l'\u0153uvre r\u00e9pond \u00e0 vos attentes, nous serions ravis de vous en fournir une vid\u00e9o en haute d\u00e9finition accompagn\u00e9e des commentaires de l'artiste, avant que vous ne proc\u00e9diez \u00e0 l'achat. Pour ce faire, il vous suffit de communiquer avec nous par courriel \u00e0 <a rel=\"noopener\">mawuartgallery@gmail.com<\/a> D\u00e8s r\u00e9ception de votre demande, nous vous ferons parvenir une ou plusieurs vid\u00e9os\/photos selon votre choix.<\/em><\/strong><\/p>\n<p>&nbsp;<\/p>\n<p><strong>LIVRAISON GRATUITE POUR TOUTES LES COMMANDES<\/strong><\/p>","protected":false},"featured_media":17948,"comment_status":"open","ping_status":"closed","template":"","meta":{"nf_dc_page":""},"product_brand":[],"product_cat":[113],"product_tag":[32,34,42],"class_list":{"0":"post-17945","1":"product","2":"type-product","3":"status-publish","4":"has-post-thumbnail","6":"product_cat-mixed-media","7":"product_tag-art","8":"product_tag-color","9":"product_tag-painting","10":"product_shipping_class-mailing-tube","12":"first","13":"instock","14":"sold-individually","15":"shipping-taxable","16":"purchasable","17":"product-type-simple"},"_links":{"self":[{"href":"https:\/\/mawuartgallery.com\/fr\/wp-json\/wp\/v2\/product\/17945","targetHints":{"allow":["GET"]}}],"collection":[{"href":"https:\/\/mawuartgallery.com\/fr\/wp-json\/wp\/v2\/product"}],"about":[{"href":"https:\/\/mawuartgallery.com\/fr\/wp-json\/wp\/v2\/types\/product"}],"replies":[{"embeddable":true,"href":"https:\/\/mawuartgallery.com\/fr\/wp-json\/wp\/v2\/comments?post=17945"}],"version-history":[{"count":2,"href":"https:\/\/mawuartgallery.com\/fr\/wp-json\/wp\/v2\/product\/17945\/revisions"}],"predecessor-version":[{"id":17950,"href":"https:\/\/mawuartgallery.com\/fr\/wp-json\/wp\/v2\/product\/17945\/revisions\/17950"}],"wp:featuredmedia":[{"embeddable":true,"href":"https:\/\/mawuartgallery.com\/fr\/wp-json\/wp\/v2\/media\/17948"}],"wp:attachment":[{"href":"https:\/\/mawuartgallery.com\/fr\/wp-json\/wp\/v2\/media?parent=17945"}],"wp:term":[{"taxonomy":"product_brand","embeddable":true,"href":"https:\/\/mawuartgallery.com\/fr\/wp-json\/wp\/v2\/product_brand?post=17945"},{"taxonomy":"product_cat","embeddable":true,"href":"https:\/\/mawuartgallery.com\/fr\/wp-json\/wp\/v2\/product_cat?post=17945"},{"taxonomy":"product_tag","embeddable":true,"href":"https:\/\/mawuartgallery.com\/fr\/wp-json\/wp\/v2\/product_tag?post=17945"}],"curies":[{"name":"wp","href":"https:\/\/api.w.org\/{rel}","templated":true}]}}