{"id":17790,"date":"2026-03-03T15:20:33","date_gmt":"2026-03-03T19:20:33","guid":{"rendered":"https:\/\/mawuartgallery.com\/?post_type=product&#038;p=17790"},"modified":"2026-03-05T11:27:44","modified_gmt":"2026-03-05T15:27:44","slug":"valiantworkers_2","status":"publish","type":"product","link":"https:\/\/mawuartgallery.com\/fr\/produit\/valiantworkers_2\/","title":{"rendered":"Vaillants travailleurs 2"},"content":{"rendered":"<p>Quatre silhouettes se rassemblent autour du poids tremblant de la machine qu'op\u00e8re l'un d'eux. Le sol tremble sous le rythme r\u00e9gulier de leur travail, tandis que la poussi\u00e8re et la lumi\u00e8re se m\u00ealent dans l'air comme un voile silencieux. Dans cet instant fugace d'effort commun, la force et la coordination deviennent un dialogue silencieux entre les mains, les outils et la terre. Ce qui se d\u00e9roule ici est plus qu'un simple travail : c'est la patiente construction de la ville elle-m\u00eame, men\u00e9e \u00e0 bien par ceux dont la pr\u00e9sence passe souvent inaper\u00e7ue.<\/p>\n<p>&nbsp;<\/p>","protected":false},"excerpt":{"rendered":"<h6><strong>Artiste : <\/strong><a href=\"https:\/\/mawuartgallery.com\/fr\/portfolio-item\/achille-kwagn\/\"><strong><span style=\"color: #0000ff;\">ACHILLES KWAGN<\/span><\/strong><\/a><\/h6>\n<p>Huile sur toile<br \/>\n(16 x 20 in. \/ 41 x 51 cm)<br \/>\nCr\u00e9\u00e9e en 2022<\/p>\n<p>&nbsp;<\/p>\n<h6>\ud83d\udd04Dans cette ench\u00e8re invers\u00e9e, le prix baisse quotidiennement\ud83d\udcc9. SOYEZ LE 1er ou la 1re \u00e0 atteindre le myst\u00e9rieux prix minimum de l'artiste\ud83c\udfafet l'\u0153uvre\ud83d\uddbc\ufe0f est \u00e0 vous! Ench\u00e9rissez avec audace!<\/h6>\n<p>&nbsp;<\/p>\n<p><strong>LIVRAISON GRATUITE POUR TOUTES LES COMMANDES<\/strong><\/p>","protected":false},"featured_media":17792,"comment_status":"open","ping_status":"closed","template":"","meta":{"nf_dc_page":""},"product_brand":[],"product_cat":[37,70,43],"product_tag":[32,34,42],"class_list":{"0":"post-17790","1":"product","2":"type-product","3":"status-publish","4":"has-post-thumbnail","6":"product_cat-drawings","7":"product_cat-oil-painting","8":"product_cat-paintings","9":"product_tag-art","10":"product_tag-color","11":"product_tag-painting","12":"product_shipping_class-mailing-tube","14":"first","15":"instock","16":"sold-individually","17":"shipping-taxable","18":"purchasable","19":"product-type-auction"},"_links":{"self":[{"href":"https:\/\/mawuartgallery.com\/fr\/wp-json\/wp\/v2\/product\/17790","targetHints":{"allow":["GET"]}}],"collection":[{"href":"https:\/\/mawuartgallery.com\/fr\/wp-json\/wp\/v2\/product"}],"about":[{"href":"https:\/\/mawuartgallery.com\/fr\/wp-json\/wp\/v2\/types\/product"}],"replies":[{"embeddable":true,"href":"https:\/\/mawuartgallery.com\/fr\/wp-json\/wp\/v2\/comments?post=17790"}],"version-history":[{"count":3,"href":"https:\/\/mawuartgallery.com\/fr\/wp-json\/wp\/v2\/product\/17790\/revisions"}],"predecessor-version":[{"id":17814,"href":"https:\/\/mawuartgallery.com\/fr\/wp-json\/wp\/v2\/product\/17790\/revisions\/17814"}],"wp:featuredmedia":[{"embeddable":true,"href":"https:\/\/mawuartgallery.com\/fr\/wp-json\/wp\/v2\/media\/17792"}],"wp:attachment":[{"href":"https:\/\/mawuartgallery.com\/fr\/wp-json\/wp\/v2\/media?parent=17790"}],"wp:term":[{"taxonomy":"product_brand","embeddable":true,"href":"https:\/\/mawuartgallery.com\/fr\/wp-json\/wp\/v2\/product_brand?post=17790"},{"taxonomy":"product_cat","embeddable":true,"href":"https:\/\/mawuartgallery.com\/fr\/wp-json\/wp\/v2\/product_cat?post=17790"},{"taxonomy":"product_tag","embeddable":true,"href":"https:\/\/mawuartgallery.com\/fr\/wp-json\/wp\/v2\/product_tag?post=17790"}],"curies":[{"name":"wp","href":"https:\/\/api.w.org\/{rel}","templated":true}]}}