{"id":17779,"date":"2026-03-03T12:33:10","date_gmt":"2026-03-03T16:33:10","guid":{"rendered":"https:\/\/mawuartgallery.com\/?post_type=product&#038;p=17779"},"modified":"2026-03-05T11:37:58","modified_gmt":"2026-03-05T15:37:58","slug":"a-night-on-saint-hubert-street-in-montreal","status":"publish","type":"product","link":"https:\/\/mawuartgallery.com\/fr\/produit\/a-night-on-saint-hubert-street-in-montreal\/","title":{"rendered":"Une nuit \u00e0 la rue Saint-Hubert de Montr\u00e9al"},"content":{"rendered":"<p>Sous la lueur ambr\u00e9e des lampadaires, un travailleur solitaire \u00e9volue dans la chor\u00e9graphie silencieuse de la nuit. La circulation s'est calm\u00e9e, le brouhaha de la ville s'est att\u00e9nu\u00e9, ne laissant que le rythme du travail se d\u00e9rouler dans l'ombre. Les barri\u00e8res de chantier, qui brillent de tons chauds, deviennent les t\u00e9moins silencieux d'un moment rarement remarqu\u00e9, mais essentiel \u00e0 la vie des rues. Dans cette lumi\u00e8re tamis\u00e9e, l'effort devient presque sculptural, une image de patience, d'endurance et de mains invisibles qui fa\u00e7onnent la ville longtemps apr\u00e8s la fin de la journ\u00e9e.<\/p>\n<p>&nbsp;<\/p>","protected":false},"excerpt":{"rendered":"<h6><strong>Artiste : <\/strong><a href=\"https:\/\/mawuartgallery.com\/fr\/portfolio-item\/achille-kwagn\/\"><strong><span style=\"color: #0000ff;\">ACHILLES KWAGN<\/span><\/strong><\/a><\/h6>\n<p>Huile sur toile<br \/>\n(16 x 20 in. \/ 41 x 51 cm)<br \/>\nCr\u00e9\u00e9e en 2022<\/p>\n<p>&nbsp;<\/p>\n<h6>\ud83d\udd04Dans cette ench\u00e8re invers\u00e9e, le prix baisse quotidiennement\ud83d\udcc9. SOYEZ LE 1er ou la 1re \u00e0 atteindre le myst\u00e9rieux prix minimum de l'artiste\ud83c\udfafet l'\u0153uvre\ud83d\uddbc\ufe0f est \u00e0 vous! Ench\u00e9rissez avec audace!<\/h6>\n<p>&nbsp;<\/p>\n<p><strong>LIVRAISON GRATUITE POUR TOUTES LES COMMANDES<\/strong><\/p>","protected":false},"featured_media":17782,"comment_status":"open","ping_status":"closed","template":"","meta":{"nf_dc_page":""},"product_brand":[],"product_cat":[37,70,43],"product_tag":[32,34,42],"class_list":{"0":"post-17779","1":"product","2":"type-product","3":"status-publish","4":"has-post-thumbnail","6":"product_cat-drawings","7":"product_cat-oil-painting","8":"product_cat-paintings","9":"product_tag-art","10":"product_tag-color","11":"product_tag-painting","12":"product_shipping_class-mailing-tube","14":"first","15":"instock","16":"sold-individually","17":"shipping-taxable","18":"purchasable","19":"product-type-auction"},"_links":{"self":[{"href":"https:\/\/mawuartgallery.com\/fr\/wp-json\/wp\/v2\/product\/17779","targetHints":{"allow":["GET"]}}],"collection":[{"href":"https:\/\/mawuartgallery.com\/fr\/wp-json\/wp\/v2\/product"}],"about":[{"href":"https:\/\/mawuartgallery.com\/fr\/wp-json\/wp\/v2\/types\/product"}],"replies":[{"embeddable":true,"href":"https:\/\/mawuartgallery.com\/fr\/wp-json\/wp\/v2\/comments?post=17779"}],"version-history":[{"count":2,"href":"https:\/\/mawuartgallery.com\/fr\/wp-json\/wp\/v2\/product\/17779\/revisions"}],"predecessor-version":[{"id":17812,"href":"https:\/\/mawuartgallery.com\/fr\/wp-json\/wp\/v2\/product\/17779\/revisions\/17812"}],"wp:featuredmedia":[{"embeddable":true,"href":"https:\/\/mawuartgallery.com\/fr\/wp-json\/wp\/v2\/media\/17782"}],"wp:attachment":[{"href":"https:\/\/mawuartgallery.com\/fr\/wp-json\/wp\/v2\/media?parent=17779"}],"wp:term":[{"taxonomy":"product_brand","embeddable":true,"href":"https:\/\/mawuartgallery.com\/fr\/wp-json\/wp\/v2\/product_brand?post=17779"},{"taxonomy":"product_cat","embeddable":true,"href":"https:\/\/mawuartgallery.com\/fr\/wp-json\/wp\/v2\/product_cat?post=17779"},{"taxonomy":"product_tag","embeddable":true,"href":"https:\/\/mawuartgallery.com\/fr\/wp-json\/wp\/v2\/product_tag?post=17779"}],"curies":[{"name":"wp","href":"https:\/\/api.w.org\/{rel}","templated":true}]}}