{"id":17772,"date":"2026-03-02T15:24:36","date_gmt":"2026-03-02T19:24:36","guid":{"rendered":"https:\/\/mawuartgallery.com\/?post_type=product&#038;p=17772"},"modified":"2026-03-05T12:15:16","modified_gmt":"2026-03-05T16:15:16","slug":"one-evening-in-october","status":"publish","type":"product","link":"https:\/\/mawuartgallery.com\/fr\/produit\/one-evening-in-october\/","title":{"rendered":"Un soir d\u2019octobre"},"content":{"rendered":"<p>Le soir tombe doucement sur la rue tandis que deux ouvriers poursuivent leur t\u00e2che, leurs mouvements r\u00e9guliers et d\u00e9termin\u00e9s au milieu de la poussi\u00e8re et de la lumi\u00e8re d\u00e9clinante. La sc\u00e8ne vibre de l'intensit\u00e9 tranquille du travail : les outils frappent le sol, les muscles sont sollicit\u00e9s, la ville se transforme lentement sous leurs mains. Des tons chauds et des ombres discr\u00e8tes enveloppent ce moment d'une impression de temps qui passe, o\u00f9 l'effort devient rythme et o\u00f9 l'ordinaire r\u00e9v\u00e8le sa grandeur tranquille. Ici, la rue n'est pas seulement r\u00e9par\u00e9e ; elle est v\u00e9cue, construite et port\u00e9e par ceux qui la fa\u00e7onnent.<\/p>\n<p>&nbsp;<\/p>","protected":false},"excerpt":{"rendered":"<h6><strong>Artiste : <\/strong><a href=\"https:\/\/mawuartgallery.com\/fr\/portfolio-item\/achille-kwagn\/\"><strong><span style=\"color: #0000ff;\">ACHILLES KWAGN<\/span><\/strong><\/a><\/h6>\n<p>Huile sur toile<br \/>\n(16 x 20 in. \/ 41 x 51 cm)<br \/>\nCr\u00e9\u00e9e en 2022<\/p>\n<p>&nbsp;<\/p>\n<h6>\ud83d\udd04Dans cette ench\u00e8re invers\u00e9e, le prix baisse quotidiennement\ud83d\udcc9. SOYEZ LE 1er ou la 1re \u00e0 atteindre le myst\u00e9rieux prix minimum de l'artiste\ud83c\udfafet l'\u0153uvre\ud83d\uddbc\ufe0f est \u00e0 vous! Ench\u00e9rissez avec audace!<\/h6>\n<p>&nbsp;<\/p>\n<p><strong>LIVRAISON GRATUITE POUR TOUTES LES COMMANDES<\/strong><\/p>","protected":false},"featured_media":17817,"comment_status":"open","ping_status":"closed","template":"","meta":{"nf_dc_page":""},"product_brand":[],"product_cat":[37,70,43],"product_tag":[32,34,42],"class_list":{"0":"post-17772","1":"product","2":"type-product","3":"status-publish","4":"has-post-thumbnail","6":"product_cat-drawings","7":"product_cat-oil-painting","8":"product_cat-paintings","9":"product_tag-art","10":"product_tag-color","11":"product_tag-painting","12":"product_shipping_class-mailing-tube","14":"first","15":"instock","16":"sold-individually","17":"shipping-taxable","18":"purchasable","19":"product-type-auction"},"_links":{"self":[{"href":"https:\/\/mawuartgallery.com\/fr\/wp-json\/wp\/v2\/product\/17772","targetHints":{"allow":["GET"]}}],"collection":[{"href":"https:\/\/mawuartgallery.com\/fr\/wp-json\/wp\/v2\/product"}],"about":[{"href":"https:\/\/mawuartgallery.com\/fr\/wp-json\/wp\/v2\/types\/product"}],"replies":[{"embeddable":true,"href":"https:\/\/mawuartgallery.com\/fr\/wp-json\/wp\/v2\/comments?post=17772"}],"version-history":[{"count":2,"href":"https:\/\/mawuartgallery.com\/fr\/wp-json\/wp\/v2\/product\/17772\/revisions"}],"predecessor-version":[{"id":17811,"href":"https:\/\/mawuartgallery.com\/fr\/wp-json\/wp\/v2\/product\/17772\/revisions\/17811"}],"wp:featuredmedia":[{"embeddable":true,"href":"https:\/\/mawuartgallery.com\/fr\/wp-json\/wp\/v2\/media\/17817"}],"wp:attachment":[{"href":"https:\/\/mawuartgallery.com\/fr\/wp-json\/wp\/v2\/media?parent=17772"}],"wp:term":[{"taxonomy":"product_brand","embeddable":true,"href":"https:\/\/mawuartgallery.com\/fr\/wp-json\/wp\/v2\/product_brand?post=17772"},{"taxonomy":"product_cat","embeddable":true,"href":"https:\/\/mawuartgallery.com\/fr\/wp-json\/wp\/v2\/product_cat?post=17772"},{"taxonomy":"product_tag","embeddable":true,"href":"https:\/\/mawuartgallery.com\/fr\/wp-json\/wp\/v2\/product_tag?post=17772"}],"curies":[{"name":"wp","href":"https:\/\/api.w.org\/{rel}","templated":true}]}}