{"id":17756,"date":"2026-03-02T10:07:06","date_gmt":"2026-03-02T14:07:06","guid":{"rendered":"https:\/\/mawuartgallery.com\/?post_type=product&#038;p=17756"},"modified":"2026-03-05T11:35:11","modified_gmt":"2026-03-05T15:35:11","slug":"after-the-storm","status":"publish","type":"product","link":"https:\/\/mawuartgallery.com\/fr\/produit\/after-the-storm\/","title":{"rendered":"Apr\u00e8s la temp\u00eate"},"content":{"rendered":"<p>Dans cette paisible sc\u00e8ne hivernale, l'artiste transforme un moment urbain ordinaire en une m\u00e9ditation sur la r\u00e9silience. La palette de couleurs sourdes et la lumi\u00e8re adoucie semblent absorber le bruit de la ville, laissant derri\u00e8re elles un paysage suspendu entre immobilit\u00e9 et renouveau. La machine solitaire qui d\u00e9blaye la neige devient presque symbolique, un geste silencieux de pers\u00e9v\u00e9rance face au poids de l'hiver. \u00c0 travers sa lumi\u00e8re sobre et ses textures patin\u00e9es, l'artiste nous invite \u00e0 voir la beaut\u00e9 non pas dans le spectacle, mais dans la dignit\u00e9 tranquille de la vie quotidienne qui retrouve lentement son rythme.<\/p>\n<p>&nbsp;<\/p>","protected":false},"excerpt":{"rendered":"<h6><strong>Artiste : <\/strong><a href=\"https:\/\/mawuartgallery.com\/fr\/portfolio-item\/achille-kwagn\/\"><strong><span style=\"color: #0000ff;\">ACHILLES KWAGN<\/span><\/strong><\/a><\/h6>\n<p>Huile sur toile<br \/>\n(30 x 30 cm \/ 12 x 12 in.)<br \/>\nCr\u00e9\u00e9e en 2022<\/p>\n<p>&nbsp;<\/p>\n<h6>\ud83d\udd04Dans cette ench\u00e8re invers\u00e9e, le prix baisse quotidiennement\ud83d\udcc9. SOYEZ LE 1er ou la 1re \u00e0 atteindre le myst\u00e9rieux prix minimum de l'artiste\ud83c\udfafet l'\u0153uvre\ud83d\uddbc\ufe0f est \u00e0 vous! Ench\u00e9rissez avec audace!<\/h6>\n<p>&nbsp;<\/p>\n<p><strong>LIVRAISON GRATUITE POUR TOUTES LES COMMANDES<\/strong><\/p>","protected":false},"featured_media":17759,"comment_status":"open","ping_status":"closed","template":"","meta":{"nf_dc_page":""},"product_brand":[],"product_cat":[37,70,43],"product_tag":[32,34,42],"class_list":{"0":"post-17756","1":"product","2":"type-product","3":"status-publish","4":"has-post-thumbnail","6":"product_cat-drawings","7":"product_cat-oil-painting","8":"product_cat-paintings","9":"product_tag-art","10":"product_tag-color","11":"product_tag-painting","12":"product_shipping_class-mailing-tube","14":"first","15":"instock","16":"sold-individually","17":"shipping-taxable","18":"purchasable","19":"product-type-auction"},"_links":{"self":[{"href":"https:\/\/mawuartgallery.com\/fr\/wp-json\/wp\/v2\/product\/17756","targetHints":{"allow":["GET"]}}],"collection":[{"href":"https:\/\/mawuartgallery.com\/fr\/wp-json\/wp\/v2\/product"}],"about":[{"href":"https:\/\/mawuartgallery.com\/fr\/wp-json\/wp\/v2\/types\/product"}],"replies":[{"embeddable":true,"href":"https:\/\/mawuartgallery.com\/fr\/wp-json\/wp\/v2\/comments?post=17756"}],"version-history":[{"count":2,"href":"https:\/\/mawuartgallery.com\/fr\/wp-json\/wp\/v2\/product\/17756\/revisions"}],"predecessor-version":[{"id":17807,"href":"https:\/\/mawuartgallery.com\/fr\/wp-json\/wp\/v2\/product\/17756\/revisions\/17807"}],"wp:featuredmedia":[{"embeddable":true,"href":"https:\/\/mawuartgallery.com\/fr\/wp-json\/wp\/v2\/media\/17759"}],"wp:attachment":[{"href":"https:\/\/mawuartgallery.com\/fr\/wp-json\/wp\/v2\/media?parent=17756"}],"wp:term":[{"taxonomy":"product_brand","embeddable":true,"href":"https:\/\/mawuartgallery.com\/fr\/wp-json\/wp\/v2\/product_brand?post=17756"},{"taxonomy":"product_cat","embeddable":true,"href":"https:\/\/mawuartgallery.com\/fr\/wp-json\/wp\/v2\/product_cat?post=17756"},{"taxonomy":"product_tag","embeddable":true,"href":"https:\/\/mawuartgallery.com\/fr\/wp-json\/wp\/v2\/product_tag?post=17756"}],"curies":[{"name":"wp","href":"https:\/\/api.w.org\/{rel}","templated":true}]}}