{"id":17712,"date":"2026-02-12T11:24:06","date_gmt":"2026-02-12T15:24:06","guid":{"rendered":"https:\/\/mawuartgallery.com\/?post_type=product&#038;p=17712"},"modified":"2026-02-12T12:35:03","modified_gmt":"2026-02-12T16:35:03","slug":"mother-nature","status":"publish","type":"product","link":"https:\/\/mawuartgallery.com\/fr\/produit\/mother-nature\/","title":{"rendered":"Mother Nature"},"content":{"rendered":"<p data-start=\"49\" data-end=\"306\">Beginning with the background, I incorporated two powerful symbols. The circular form with three rays of light is known as the <strong data-start=\"176\" data-end=\"184\">Awen<\/strong> symbol, while the other is the <strong data-start=\"216\" data-end=\"230\">Triskelion<\/strong>. Both are deeply connected to nature, movement, and the continuity of life.<\/p>\n<p>&nbsp;<\/p>\n<p data-start=\"308\" data-end=\"496\">Naturally, I chose a woman as the muse \u2014 a visual embodiment of the word <em data-start=\"381\" data-end=\"389\">Mother<\/em>. She represents origin, creation, and the nurturing force at the heart of both humanity and nature itself.<\/p>","protected":false},"excerpt":{"rendered":"<h6><strong>Artiste : <span style=\"color: #0000ff;\"><a style=\"color: #0000ff;\" href=\"https:\/\/mawuartgallery.com\/fr\/portfolio-item\/jayeoba-oluwole\/\">JAYEOBA OLUWOLE<\/a><\/span><\/strong><\/h6>\n<p>Crayon sur papier<br \/>\n(91 x 60 cm \/ (36 x 24 po)<br \/>\nCr\u00e9\u00e9e en 2022<\/p>\n<p>&nbsp;<\/p>\n<p><em>Cet article est soigneusement enroul\u00e9 et exp\u00e9di\u00e9 dans un tube d'exp\u00e9dition afin de garantir une livraison en toute s\u00e9curit\u00e9.<\/em><\/p>\n<p>&nbsp;<\/p>\n<p><strong><em>Pour nous assurer que l'\u0153uvre r\u00e9pond \u00e0 vos attentes, nous serions ravis de vous en fournir une vid\u00e9o en haute d\u00e9finition accompagn\u00e9e des commentaires de l'artiste, avant que vous ne proc\u00e9diez \u00e0 l'achat. Pour ce faire, il vous suffit de communiquer avec nous par courriel \u00e0 <a rel=\"noopener\">mawuartgallery@gmail.com<\/a> D\u00e8s r\u00e9ception de votre demande, nous vous ferons parvenir une ou plusieurs vid\u00e9os\/photos selon votre choix.<\/em><\/strong><\/p>\n<p>&nbsp;<\/p>\n<p><strong>LIVRAISON GRATUITE POUR TOUTES LES COMMANDES<\/strong><\/p>","protected":false},"featured_media":17717,"comment_status":"open","ping_status":"closed","template":"","meta":{"nf_dc_page":""},"product_brand":[],"product_cat":[37,117],"product_tag":[32,34,42],"class_list":{"0":"post-17712","1":"product","2":"type-product","3":"status-publish","4":"has-post-thumbnail","6":"product_cat-drawings","7":"product_cat-pencil","8":"product_tag-art","9":"product_tag-color","10":"product_tag-painting","11":"product_shipping_class-mailing-tube","13":"first","14":"instock","15":"sold-individually","16":"shipping-taxable","17":"purchasable","18":"product-type-simple"},"_links":{"self":[{"href":"https:\/\/mawuartgallery.com\/fr\/wp-json\/wp\/v2\/product\/17712","targetHints":{"allow":["GET"]}}],"collection":[{"href":"https:\/\/mawuartgallery.com\/fr\/wp-json\/wp\/v2\/product"}],"about":[{"href":"https:\/\/mawuartgallery.com\/fr\/wp-json\/wp\/v2\/types\/product"}],"replies":[{"embeddable":true,"href":"https:\/\/mawuartgallery.com\/fr\/wp-json\/wp\/v2\/comments?post=17712"}],"version-history":[{"count":3,"href":"https:\/\/mawuartgallery.com\/fr\/wp-json\/wp\/v2\/product\/17712\/revisions"}],"predecessor-version":[{"id":17715,"href":"https:\/\/mawuartgallery.com\/fr\/wp-json\/wp\/v2\/product\/17712\/revisions\/17715"}],"wp:featuredmedia":[{"embeddable":true,"href":"https:\/\/mawuartgallery.com\/fr\/wp-json\/wp\/v2\/media\/17717"}],"wp:attachment":[{"href":"https:\/\/mawuartgallery.com\/fr\/wp-json\/wp\/v2\/media?parent=17712"}],"wp:term":[{"taxonomy":"product_brand","embeddable":true,"href":"https:\/\/mawuartgallery.com\/fr\/wp-json\/wp\/v2\/product_brand?post=17712"},{"taxonomy":"product_cat","embeddable":true,"href":"https:\/\/mawuartgallery.com\/fr\/wp-json\/wp\/v2\/product_cat?post=17712"},{"taxonomy":"product_tag","embeddable":true,"href":"https:\/\/mawuartgallery.com\/fr\/wp-json\/wp\/v2\/product_tag?post=17712"}],"curies":[{"name":"wp","href":"https:\/\/api.w.org\/{rel}","templated":true}]}}