{"id":17696,"date":"2026-02-12T10:15:59","date_gmt":"2026-02-12T14:15:59","guid":{"rendered":"https:\/\/mawuartgallery.com\/?post_type=product&#038;p=17696"},"modified":"2026-02-12T12:30:48","modified_gmt":"2026-02-12T16:30:48","slug":"broken-chords-living-roots","status":"publish","type":"product","link":"https:\/\/mawuartgallery.com\/fr\/produit\/broken-chords-living-roots\/","title":{"rendered":"Broken Chords, Living Roots"},"content":{"rendered":"<p data-start=\"87\" data-end=\"257\">This artwork pays tribute to the fallen legends of the reggae industry \u2014 Lucky Dube, Majek Fashek, Bob Marley, and many others whose voices continue to echo through time.<\/p>\n<p>&nbsp;<\/p>\n<p data-start=\"259\" data-end=\"612\">Reggae artists often share recognizable traits. When you see a person with dreadlocks holding a guitar, you can almost instantly associate them with reggae music. That visual identity inspired the concept of the dreadlocks flowing from the guitar in this piece \u2014 a symbolic fusion of the artist and the instrument, united in rhythm, culture, and spirit.<\/p>","protected":false},"excerpt":{"rendered":"<h6><strong>Artiste : <span style=\"color: #0000ff;\"><a style=\"color: #0000ff;\" href=\"https:\/\/mawuartgallery.com\/fr\/portfolio-item\/jayeoba-oluwole\/\">JAYEOBA OLUWOLE<\/a><\/span><\/strong><\/h6>\n<p>Crayon sur papier<br \/>\n(20 x 16 in. \/ 50 x 40 cm)<br \/>\nCr\u00e9\u00e9e en 2025<\/p>\n<p>&nbsp;<\/p>\n<p><em>Cet article est soigneusement enroul\u00e9 et exp\u00e9di\u00e9 dans un tube d'exp\u00e9dition afin de garantir une livraison en toute s\u00e9curit\u00e9.<\/em><\/p>\n<p>&nbsp;<\/p>\n<p><strong><em>Pour nous assurer que l'\u0153uvre r\u00e9pond \u00e0 vos attentes, nous serions ravis de vous en fournir une vid\u00e9o en haute d\u00e9finition accompagn\u00e9e des commentaires de l'artiste, avant que vous ne proc\u00e9diez \u00e0 l'achat. Pour ce faire, il vous suffit de communiquer avec nous par courriel \u00e0 <a rel=\"noopener\">mawuartgallery@gmail.com<\/a> D\u00e8s r\u00e9ception de votre demande, nous vous ferons parvenir une ou plusieurs vid\u00e9os\/photos selon votre choix.<\/em><\/strong><\/p>\n<p>&nbsp;<\/p>\n<p><strong>LIVRAISON GRATUITE POUR TOUTES LES COMMANDES<\/strong><\/p>","protected":false},"featured_media":17700,"comment_status":"open","ping_status":"closed","template":"","meta":{"nf_dc_page":""},"product_brand":[],"product_cat":[37,117],"product_tag":[32,34,42],"class_list":{"0":"post-17696","1":"product","2":"type-product","3":"status-publish","4":"has-post-thumbnail","6":"product_cat-drawings","7":"product_cat-pencil","8":"product_tag-art","9":"product_tag-color","10":"product_tag-painting","11":"product_shipping_class-mailing-tube","13":"first","14":"instock","15":"sold-individually","16":"shipping-taxable","17":"purchasable","18":"product-type-simple"},"_links":{"self":[{"href":"https:\/\/mawuartgallery.com\/fr\/wp-json\/wp\/v2\/product\/17696","targetHints":{"allow":["GET"]}}],"collection":[{"href":"https:\/\/mawuartgallery.com\/fr\/wp-json\/wp\/v2\/product"}],"about":[{"href":"https:\/\/mawuartgallery.com\/fr\/wp-json\/wp\/v2\/types\/product"}],"replies":[{"embeddable":true,"href":"https:\/\/mawuartgallery.com\/fr\/wp-json\/wp\/v2\/comments?post=17696"}],"version-history":[{"count":4,"href":"https:\/\/mawuartgallery.com\/fr\/wp-json\/wp\/v2\/product\/17696\/revisions"}],"predecessor-version":[{"id":17702,"href":"https:\/\/mawuartgallery.com\/fr\/wp-json\/wp\/v2\/product\/17696\/revisions\/17702"}],"wp:featuredmedia":[{"embeddable":true,"href":"https:\/\/mawuartgallery.com\/fr\/wp-json\/wp\/v2\/media\/17700"}],"wp:attachment":[{"href":"https:\/\/mawuartgallery.com\/fr\/wp-json\/wp\/v2\/media?parent=17696"}],"wp:term":[{"taxonomy":"product_brand","embeddable":true,"href":"https:\/\/mawuartgallery.com\/fr\/wp-json\/wp\/v2\/product_brand?post=17696"},{"taxonomy":"product_cat","embeddable":true,"href":"https:\/\/mawuartgallery.com\/fr\/wp-json\/wp\/v2\/product_cat?post=17696"},{"taxonomy":"product_tag","embeddable":true,"href":"https:\/\/mawuartgallery.com\/fr\/wp-json\/wp\/v2\/product_tag?post=17696"}],"curies":[{"name":"wp","href":"https:\/\/api.w.org\/{rel}","templated":true}]}}