{"id":17528,"date":"2026-01-30T14:56:57","date_gmt":"2026-01-30T18:56:57","guid":{"rendered":"https:\/\/mawuartgallery.com\/?post_type=product&#038;p=17528"},"modified":"2026-04-28T09:58:12","modified_gmt":"2026-04-28T13:58:12","slug":"reflection","status":"publish","type":"product","link":"https:\/\/mawuartgallery.com\/fr\/produit\/reflection\/","title":{"rendered":"Reflet"},"content":{"rendered":"<p data-start=\"146\" data-end=\"483\">\u00ab Reflet \u00bb immortalise un moment calme et intime, empreint de la curiosit\u00e9 et de l\u2019innocence de l\u2019enfance. Le tableau repr\u00e9sente une petite fille assise tranquillement, tenant un petit bouquet de fleurs sauvages tout en contemplant une flaque d\u2019eau. Son regard fix\u00e9 sur son reflet sugg\u00e8re un moment de d\u00e9couverte tout en douceur, o\u00f9 la conscience et la compr\u00e9hension de soi commencent \u00e0 prendre forme.<\/p>\n<p>&nbsp;<\/p>\n<p data-start=\"485\" data-end=\"889\">L'arri\u00e8re-plan doux et chaleureux maintient une atmosph\u00e8re paisible et attire l'attention sur l'expression pensive de l'enfant. Son manteau jaune, son pantalon bleu et ses bottes roses ajoutent un contraste vivant \u00e0 la sc\u00e8ne, s'harmonisant naturellement avec le teint de sa peau et les fleurs \u00e9parpill\u00e9es autour d'elle. Le reflet dans l'eau renforce l'id\u00e9e de conscience de soi, cr\u00e9ant un lien silencieux entre l'enfant et son environnement.<\/p>\n<p>&nbsp;<\/p>\n<p data-start=\"891\" data-end=\"1184\">Les fleurs symbolisent la puret\u00e9, la croissance et la beaut\u00e9 fragile de l\u2019enfance, tandis que la main de l'enfant plong\u00e9e dans l\u2019eau d\u00e9montre sa curiosit\u00e9 et son \u00e9merveillement. <em data-start=\"1045\" data-end=\"1057\">Reflet<\/em> d\u00e9passe le simple instant physique; il devient une m\u00e9ditation tranquille sur l\u2019identit\u00e9, la croissance et les tendres pr\u00e9mices de la d\u00e9couverte de soi.<\/p>","protected":false},"excerpt":{"rendered":"<h6><strong>Artiste : <span style=\"color: #0000ff;\"><a style=\"color: #0000ff;\" href=\"https:\/\/mawuartgallery.com\/fr\/portfolio-item\/afeez-aregbede\/\">AFEEZ AREGBEDE<\/a><\/span><\/strong><\/h6>\n<p>Huile et acrylique sur toile<br \/>\n(100 x 76 cm  \/ 39 x 29 po)<br \/>\nCr\u00e9\u00e9e en 2025<\/p>\n<p>&nbsp;<\/p>\n<p><em>Cet article est soigneusement enroul\u00e9 et exp\u00e9di\u00e9 dans un tube d'exp\u00e9dition afin de garantir une livraison en toute s\u00e9curit\u00e9.<\/em><\/p>\n<p>&nbsp;<\/p>\n<p><strong><em>Pour nous assurer que l'\u0153uvre r\u00e9pond \u00e0 vos attentes, nous serions ravis de vous en fournir une vid\u00e9o en haute d\u00e9finition accompagn\u00e9e des commentaires de l'artiste, avant que vous ne proc\u00e9diez \u00e0 l'achat. Pour ce faire, il vous suffit de communiquer avec nous par courriel \u00e0 <a rel=\"noopener\">mawuartgallery@gmail.com<\/a> D\u00e8s r\u00e9ception de votre demande, nous vous ferons parvenir une ou plusieurs vid\u00e9os\/photos selon votre choix.<\/em><\/strong><\/p>\n<p>&nbsp;<\/p>\n<p><strong>LIVRAISON GRATUITE POUR TOUTES LES COMMANDES<\/strong><\/p>","protected":false},"featured_media":17532,"comment_status":"open","ping_status":"closed","template":"","meta":{"nf_dc_page":""},"product_brand":[],"product_cat":[112,70,43],"product_tag":[32,34,42],"class_list":{"0":"post-17528","1":"product","2":"type-product","3":"status-publish","4":"has-post-thumbnail","6":"product_cat-acrylic","7":"product_cat-oil-painting","8":"product_cat-paintings","9":"product_tag-art","10":"product_tag-color","11":"product_tag-painting","12":"product_shipping_class-mailing-tube","14":"first","15":"instock","16":"sold-individually","17":"shipping-taxable","18":"purchasable","19":"product-type-simple"},"_links":{"self":[{"href":"https:\/\/mawuartgallery.com\/fr\/wp-json\/wp\/v2\/product\/17528","targetHints":{"allow":["GET"]}}],"collection":[{"href":"https:\/\/mawuartgallery.com\/fr\/wp-json\/wp\/v2\/product"}],"about":[{"href":"https:\/\/mawuartgallery.com\/fr\/wp-json\/wp\/v2\/types\/product"}],"replies":[{"embeddable":true,"href":"https:\/\/mawuartgallery.com\/fr\/wp-json\/wp\/v2\/comments?post=17528"}],"version-history":[{"count":2,"href":"https:\/\/mawuartgallery.com\/fr\/wp-json\/wp\/v2\/product\/17528\/revisions"}],"predecessor-version":[{"id":17530,"href":"https:\/\/mawuartgallery.com\/fr\/wp-json\/wp\/v2\/product\/17528\/revisions\/17530"}],"wp:featuredmedia":[{"embeddable":true,"href":"https:\/\/mawuartgallery.com\/fr\/wp-json\/wp\/v2\/media\/17532"}],"wp:attachment":[{"href":"https:\/\/mawuartgallery.com\/fr\/wp-json\/wp\/v2\/media?parent=17528"}],"wp:term":[{"taxonomy":"product_brand","embeddable":true,"href":"https:\/\/mawuartgallery.com\/fr\/wp-json\/wp\/v2\/product_brand?post=17528"},{"taxonomy":"product_cat","embeddable":true,"href":"https:\/\/mawuartgallery.com\/fr\/wp-json\/wp\/v2\/product_cat?post=17528"},{"taxonomy":"product_tag","embeddable":true,"href":"https:\/\/mawuartgallery.com\/fr\/wp-json\/wp\/v2\/product_tag?post=17528"}],"curies":[{"name":"wp","href":"https:\/\/api.w.org\/{rel}","templated":true}]}}