{"id":17409,"date":"2026-01-17T10:33:48","date_gmt":"2026-01-17T14:33:48","guid":{"rendered":"https:\/\/mawuartgallery.com\/?post_type=product&#038;p=17409"},"modified":"2026-01-17T10:35:54","modified_gmt":"2026-01-17T14:35:54","slug":"little-companion-2-2","status":"publish","type":"product","link":"https:\/\/mawuartgallery.com\/fr\/produit\/little-companion-2-2\/","title":{"rendered":"Petit compagnon 2"},"content":{"rendered":"<p data-start=\"153\" data-end=\"645\">Cette peinture est une r\u00e9flexion sur la beaut\u00e9, la pr\u00e9sence et le pouvoir tranquille du lien avec la nature. Le personnage central, v\u00eatu d'une robe orange \u00e9clatante, se tient debout avec assurance dans un d\u00e9cor rural serein, le regard tourn\u00e9 vers l'horizon, sugg\u00e9rant la contemplation, la r\u00e9silience et la conscience de soi. Son teint riche et \u00e9clatant contraste magnifiquement avec les couleurs vives de sa robe et l'immensit\u00e9 du ciel bleu, cr\u00e9ant une puissante harmonie visuelle qui \u00e9voque \u00e0 la fois la force et l'\u00e9l\u00e9gance.<\/p>\n<p>&nbsp;<\/p>\n<p data-start=\"647\" data-end=\"945\">La pr\u00e9sence du papillon et de l'oiseau introduit des symboles de transformation, de libert\u00e9 et de l'interaction d\u00e9licate entre l'humanit\u00e9 et le monde naturel. La cl\u00f4ture en bois et le champ ouvert derri\u00e8re elle \u00e9voquent les th\u00e8mes des fronti\u00e8res et de l'ouverture, sugg\u00e9rant un \u00e9quilibre entre confinement et possibilit\u00e9.<\/p>\n<p>&nbsp;<\/p>\n<p data-start=\"947\" data-end=\"1186\">Cette \u0153uvre c\u00e9l\u00e8bre la f\u00e9minit\u00e9, la gr\u00e2ce et la dignit\u00e9 des femmes noires d'une mani\u00e8re \u00e0 la fois terre-\u00e0-terre et \u00e9th\u00e9r\u00e9e. Elle invite les spectateurs \u00e0 r\u00e9fl\u00e9chir \u00e0 l'identit\u00e9, \u00e0 l'environnement et aux r\u00e9cits tacites v\u00e9hicul\u00e9s par l'attitude et l'expression du sujet.<\/p>","protected":false},"excerpt":{"rendered":"<h6><strong>Artiste : <\/strong><a href=\"https:\/\/mawuartgallery.com\/fr\/portfolio-item\/linus-aba\/\"><strong><span style=\"color: #0000ff;\">LINUS ABA<\/span><\/strong><\/a><\/h6>\n<p>Acrylique sur toile<br \/>\n(121 x 96 cm \/ (48 x 38 in.)<br \/>\nCr\u00e9\u00e9e en 2025<\/p>\n<p>&nbsp;<\/p>\n<h6>\ud83d\udd04Dans cette ench\u00e8re invers\u00e9e, le prix baisse quotidiennement\ud83d\udcc9. SOYEZ LE 1er ou la 1re \u00e0 atteindre le myst\u00e9rieux prix minimum de l'artiste\ud83c\udfafet l'\u0153uvre\ud83d\uddbc\ufe0f est \u00e0 vous! Ench\u00e9rissez avec audace!<\/h6>\n<p>&nbsp;<\/p>\n<p><strong>LIVRAISON GRATUITE POUR TOUTES LES COMMANDES<\/strong><\/p>","protected":false},"featured_media":17380,"comment_status":"open","ping_status":"closed","template":"","meta":{"nf_dc_page":""},"product_brand":[],"product_cat":[70,43],"product_tag":[32,34,42],"class_list":{"0":"post-17409","1":"product","2":"type-product","3":"status-publish","4":"has-post-thumbnail","6":"product_cat-oil-painting","7":"product_cat-paintings","8":"product_tag-art","9":"product_tag-color","10":"product_tag-painting","11":"product_shipping_class-mailing-tube","13":"first","14":"instock","15":"sold-individually","16":"shipping-taxable","17":"purchasable","18":"product-type-auction"},"_links":{"self":[{"href":"https:\/\/mawuartgallery.com\/fr\/wp-json\/wp\/v2\/product\/17409","targetHints":{"allow":["GET"]}}],"collection":[{"href":"https:\/\/mawuartgallery.com\/fr\/wp-json\/wp\/v2\/product"}],"about":[{"href":"https:\/\/mawuartgallery.com\/fr\/wp-json\/wp\/v2\/types\/product"}],"replies":[{"embeddable":true,"href":"https:\/\/mawuartgallery.com\/fr\/wp-json\/wp\/v2\/comments?post=17409"}],"version-history":[{"count":1,"href":"https:\/\/mawuartgallery.com\/fr\/wp-json\/wp\/v2\/product\/17409\/revisions"}],"predecessor-version":[{"id":17410,"href":"https:\/\/mawuartgallery.com\/fr\/wp-json\/wp\/v2\/product\/17409\/revisions\/17410"}],"wp:featuredmedia":[{"embeddable":true,"href":"https:\/\/mawuartgallery.com\/fr\/wp-json\/wp\/v2\/media\/17380"}],"wp:attachment":[{"href":"https:\/\/mawuartgallery.com\/fr\/wp-json\/wp\/v2\/media?parent=17409"}],"wp:term":[{"taxonomy":"product_brand","embeddable":true,"href":"https:\/\/mawuartgallery.com\/fr\/wp-json\/wp\/v2\/product_brand?post=17409"},{"taxonomy":"product_cat","embeddable":true,"href":"https:\/\/mawuartgallery.com\/fr\/wp-json\/wp\/v2\/product_cat?post=17409"},{"taxonomy":"product_tag","embeddable":true,"href":"https:\/\/mawuartgallery.com\/fr\/wp-json\/wp\/v2\/product_tag?post=17409"}],"curies":[{"name":"wp","href":"https:\/\/api.w.org\/{rel}","templated":true}]}}