{"id":17403,"date":"2026-01-17T10:08:35","date_gmt":"2026-01-17T14:08:35","guid":{"rendered":"https:\/\/mawuartgallery.com\/?post_type=product&#038;p=17403"},"modified":"2026-01-17T10:27:44","modified_gmt":"2026-01-17T14:27:44","slug":"quiet-moment-2","status":"publish","type":"product","link":"https:\/\/mawuartgallery.com\/fr\/produit\/quiet-moment-2\/","title":{"rendered":"Moment de calme"},"content":{"rendered":"<p>Cette \u0153uvre \u00e9voque la recherche d'un moment d'intimit\u00e9 pour une conversation, qu'elle soit positive ou pleine de r\u00e9flexion. Bien d'entre nous recherchent un tel moment \u00e0 l'occasion.<\/p>","protected":false},"excerpt":{"rendered":"<h6><strong>Artiste : <\/strong><strong><span style=\"color: #0000ff;\">MAYOWA AKINGBADE<\/span><\/strong><\/h6>\n<p>Acrylique sur toile<br \/>\n(121 x 106 cm \/ 48 x 42 po)<br \/>\nCr\u00e9\u00e9e en 2023<\/p>\n<p>&nbsp;<\/p>\n<h6>\ud83d\udd04Dans cette ench\u00e8re invers\u00e9e, le prix baisse quotidiennement\ud83d\udcc9. SOYEZ LE 1er ou la 1re \u00e0 atteindre le myst\u00e9rieux prix minimum de l'artiste\ud83c\udfafet l'\u0153uvre\ud83d\uddbc\ufe0f est \u00e0 vous! Ench\u00e9rissez avec audace!<\/h6>\n<p>&nbsp;<\/p>\n<p><strong>LIVRAISON GRATUITE POUR TOUTES LES COMMANDES<\/strong><\/p>","protected":false},"featured_media":14580,"comment_status":"open","ping_status":"closed","template":"","meta":{"nf_dc_page":""},"product_brand":[],"product_cat":[112,43],"product_tag":[32,34,42],"class_list":{"0":"post-17403","1":"product","2":"type-product","3":"status-publish","4":"has-post-thumbnail","6":"product_cat-acrylic","7":"product_cat-paintings","8":"product_tag-art","9":"product_tag-color","10":"product_tag-painting","11":"product_shipping_class-mailing-tube","13":"first","14":"instock","15":"sold-individually","16":"shipping-taxable","17":"purchasable","18":"product-type-auction"},"_links":{"self":[{"href":"https:\/\/mawuartgallery.com\/fr\/wp-json\/wp\/v2\/product\/17403","targetHints":{"allow":["GET"]}}],"collection":[{"href":"https:\/\/mawuartgallery.com\/fr\/wp-json\/wp\/v2\/product"}],"about":[{"href":"https:\/\/mawuartgallery.com\/fr\/wp-json\/wp\/v2\/types\/product"}],"replies":[{"embeddable":true,"href":"https:\/\/mawuartgallery.com\/fr\/wp-json\/wp\/v2\/comments?post=17403"}],"version-history":[{"count":1,"href":"https:\/\/mawuartgallery.com\/fr\/wp-json\/wp\/v2\/product\/17403\/revisions"}],"predecessor-version":[{"id":17404,"href":"https:\/\/mawuartgallery.com\/fr\/wp-json\/wp\/v2\/product\/17403\/revisions\/17404"}],"wp:featuredmedia":[{"embeddable":true,"href":"https:\/\/mawuartgallery.com\/fr\/wp-json\/wp\/v2\/media\/14580"}],"wp:attachment":[{"href":"https:\/\/mawuartgallery.com\/fr\/wp-json\/wp\/v2\/media?parent=17403"}],"wp:term":[{"taxonomy":"product_brand","embeddable":true,"href":"https:\/\/mawuartgallery.com\/fr\/wp-json\/wp\/v2\/product_brand?post=17403"},{"taxonomy":"product_cat","embeddable":true,"href":"https:\/\/mawuartgallery.com\/fr\/wp-json\/wp\/v2\/product_cat?post=17403"},{"taxonomy":"product_tag","embeddable":true,"href":"https:\/\/mawuartgallery.com\/fr\/wp-json\/wp\/v2\/product_tag?post=17403"}],"curies":[{"name":"wp","href":"https:\/\/api.w.org\/{rel}","templated":true}]}}