{"id":17394,"date":"2026-01-17T09:54:48","date_gmt":"2026-01-17T13:54:48","guid":{"rendered":"https:\/\/mawuartgallery.com\/?post_type=product&#038;p=17394"},"modified":"2026-01-17T11:03:56","modified_gmt":"2026-01-17T15:03:56","slug":"thirsty-moment-2","status":"publish","type":"product","link":"https:\/\/mawuartgallery.com\/fr\/produit\/thirsty-moment-2\/","title":{"rendered":"Moment de soif"},"content":{"rendered":"<p>Pour cette \u0153uvre, j'ai \u00e9t\u00e9 inspir\u00e9 par un \u00e9v\u00e9nement auquel j'avais assist\u00e9 avec mes jeunes cousines il y a quelque temps. Puisqu'elles avaient soif, je leur avais apport\u00e9 \u00e0 boire. L'une d'entre elles avait tellement soif que je me suis senti oblig\u00e9 de capturer le moment avec mon appareil photo pour le peindre plus tard.<\/p>","protected":false},"excerpt":{"rendered":"<h6><strong>Artiste : <\/strong><strong><span style=\"color: #0000ff;\">MAYOWA AKINGBADE<\/span><\/strong><\/h6>\n<p>Acrylique sur toile<br \/>\n(91 x 76 cm \/ 36 x 30 po)<br \/>\nCr\u00e9\u00e9e en 2023<\/p>\n<p>&nbsp;<\/p>\n<h6>\ud83d\udd04Dans cette ench\u00e8re invers\u00e9e, le prix baisse quotidiennement\ud83d\udcc9. SOYEZ LE 1er ou la 1re \u00e0 atteindre le myst\u00e9rieux prix minimum de l'artiste\ud83c\udfafet l'\u0153uvre\ud83d\uddbc\ufe0f est \u00e0 vous! Ench\u00e9rissez avec audace!<\/h6>\n<p>&nbsp;<\/p>\n<p><strong>LIVRAISON GRATUITE POUR TOUTES LES COMMANDES<\/strong><\/p>","protected":false},"featured_media":12561,"comment_status":"open","ping_status":"closed","template":"","meta":{"nf_dc_page":""},"product_brand":[],"product_cat":[112,43],"product_tag":[32,34,42],"class_list":{"0":"post-17394","1":"product","2":"type-product","3":"status-publish","4":"has-post-thumbnail","6":"product_cat-acrylic","7":"product_cat-paintings","8":"product_tag-art","9":"product_tag-color","10":"product_tag-painting","11":"product_shipping_class-mailing-tube","13":"first","14":"instock","15":"sold-individually","16":"shipping-taxable","17":"purchasable","18":"product-type-auction"},"_links":{"self":[{"href":"https:\/\/mawuartgallery.com\/fr\/wp-json\/wp\/v2\/product\/17394","targetHints":{"allow":["GET"]}}],"collection":[{"href":"https:\/\/mawuartgallery.com\/fr\/wp-json\/wp\/v2\/product"}],"about":[{"href":"https:\/\/mawuartgallery.com\/fr\/wp-json\/wp\/v2\/types\/product"}],"replies":[{"embeddable":true,"href":"https:\/\/mawuartgallery.com\/fr\/wp-json\/wp\/v2\/comments?post=17394"}],"version-history":[{"count":1,"href":"https:\/\/mawuartgallery.com\/fr\/wp-json\/wp\/v2\/product\/17394\/revisions"}],"predecessor-version":[{"id":17395,"href":"https:\/\/mawuartgallery.com\/fr\/wp-json\/wp\/v2\/product\/17394\/revisions\/17395"}],"wp:featuredmedia":[{"embeddable":true,"href":"https:\/\/mawuartgallery.com\/fr\/wp-json\/wp\/v2\/media\/12561"}],"wp:attachment":[{"href":"https:\/\/mawuartgallery.com\/fr\/wp-json\/wp\/v2\/media?parent=17394"}],"wp:term":[{"taxonomy":"product_brand","embeddable":true,"href":"https:\/\/mawuartgallery.com\/fr\/wp-json\/wp\/v2\/product_brand?post=17394"},{"taxonomy":"product_cat","embeddable":true,"href":"https:\/\/mawuartgallery.com\/fr\/wp-json\/wp\/v2\/product_cat?post=17394"},{"taxonomy":"product_tag","embeddable":true,"href":"https:\/\/mawuartgallery.com\/fr\/wp-json\/wp\/v2\/product_tag?post=17394"}],"curies":[{"name":"wp","href":"https:\/\/api.w.org\/{rel}","templated":true}]}}