{"id":17204,"date":"2025-12-30T09:31:44","date_gmt":"2025-12-30T13:31:44","guid":{"rendered":"https:\/\/mawuartgallery.com\/?post_type=product&#038;p=17204"},"modified":"2025-12-30T11:17:33","modified_gmt":"2025-12-30T15:17:33","slug":"reason-for-a-truce","status":"publish","type":"product","link":"https:\/\/mawuartgallery.com\/fr\/produit\/reason-for-a-truce\/","title":{"rendered":"Raison d'une tr\u00eave"},"content":{"rendered":"<h6 data-start=\"145\" data-end=\"174\"><strong data-start=\"149\" data-end=\"174\">S\u00e9rie \u00ab Territoires disput\u00e9s \u00bb<\/strong><\/h6>\n<p data-start=\"176\" data-end=\"363\">\u00c0 mesure que les for\u00eats et les espaces sauvages sont d\u00e9frich\u00e9s pour faire place aux villes, aux exploitations agricoles et aux industries, les animaux sont chass\u00e9s de leur habitat naturel, ce qui perturbe les \u00e9cosyst\u00e8mes et menace la biodiversit\u00e9.<\/p>\n<p>&nbsp;<\/p>\n<p data-start=\"365\" data-end=\"697\">Cette s\u00e9rie de peintures cherche \u00e0 mettre subtilement en lumi\u00e8re l'attaque vorace de l'humanit\u00e9 contre la nature, ainsi que la lutte que m\u00e8nent les autres esp\u00e8ces pour s'adapter aux d\u00e9fis impos\u00e9s par un autre acteur, l'humanit\u00e9. Elle pr\u00e9sente finalement cette coexistence difficile comme une nouvelle norme troublante, qui rec\u00e8le une beaut\u00e9 inattendue et d\u00e9concertante.<\/p>\n<p>&nbsp;<\/p>\n<p data-start=\"699\" data-end=\"994\">Il est important de noter que si certaines esp\u00e8ces disparaissent, d'autres s'\u00e9loignent du danger et se disputent ce qui reste d'un habitat naturel en constante diminution.<\/p>\n<p>Pendant ce temps, une poign\u00e9e d'entre elles choisissent malgr\u00e9 tout de cohabiter avec les humains, une \u00e9volution qui attise notre curiosit\u00e9 et, parfois, notre inqui\u00e9tude.<\/p>\n<p>&nbsp;<\/p>\n<p data-start=\"996\" data-end=\"1342\">Il n'est plus rare d'apercevoir des aigles dans les grandes villes, nichant sur les toits des gratte-ciel construits \u00e0 partir de d\u00e9chets recycl\u00e9s, survivant en planant au-dessus des toits tout en scrutant les rues en contrebas \u00e0 la recherche d'animaux domestiques. On trouve des pythons rampant dans les sous-sols, des alligators se cachant dans les syst\u00e8mes d'\u00e9gouts urbains, des fourmili\u00e8res \u00e9mergeant dans les parcs urbains et bien d'autres choses encore.<\/p>\n<p>&nbsp;<\/p>\n<p data-start=\"1344\" data-end=\"1598\">Ces sc\u00e8nes deviennent alarmantes. Mais lorsque les territoires naturellement attribu\u00e9s \u00e0 la faune sauvage sont envahis, \u00e0 quoi d'autre pouvons-nous nous attendre? L'empi\u00e8tement n'est pas seulement une question d'espace, c'est une question de survie pour les animaux et, en fin de compte, pour nous aussi.<\/p>\n<p>&nbsp;<\/p>\n<p data-start=\"1600\" data-end=\"1802\">La protection des habitats naturels ne consiste donc pas seulement \u00e0 sauver les animaux, mais aussi \u00e0 pr\u00e9server l'\u00e9quilibre de la vie elle-m\u00eame. Si nous n'agissons pas, ce ne sont pas seulement eux qui en subiront les cons\u00e9quences, mais nous aussi.<\/p>","protected":false},"excerpt":{"rendered":"<h6><strong>Artiste : <\/strong><strong><span style=\"color: #0000ff;\"><a style=\"color: #0000ff;\" href=\"https:\/\/mawuartgallery.com\/fr\/portfolio-item\/dudu-emmanuel\/\">DUDU ARUGHA EMMANUEL<\/a><\/span><\/strong><\/h6>\n<p>Huile sur toile<br \/>\n(30 x 24 in. \/ 76 x 60 cm)<br \/>\nCr\u00e9\u00e9e en 2025<\/p>\n<p>&nbsp;<\/p>\n<p><em>Cet article est soigneusement enroul\u00e9 et exp\u00e9di\u00e9 dans un tube d'exp\u00e9dition afin de garantir une livraison en toute s\u00e9curit\u00e9.<\/em><\/p>\n<p>&nbsp;<\/p>\n<p><strong><em>Pour nous assurer que l'\u0153uvre r\u00e9pond \u00e0 vos attentes, nous serions ravis de vous en fournir une vid\u00e9o en haute d\u00e9finition accompagn\u00e9e des commentaires de l'artiste, avant que vous ne proc\u00e9diez \u00e0 l'achat. Pour ce faire, il vous suffit de communiquer avec nous par courriel \u00e0 <a rel=\"noopener\">mawuartgallery@gmail.com<\/a> D\u00e8s r\u00e9ception de votre demande, nous vous ferons parvenir une ou plusieurs vid\u00e9os\/photos selon votre choix.\u00a0<\/em><\/strong><\/p>\n<p>&nbsp;<\/p>\n<p><strong>LIVRAISON GRATUITE POUR TOUTES LES COMMANDES<\/strong><\/p>","protected":false},"featured_media":17209,"comment_status":"open","ping_status":"closed","template":"","meta":{"nf_dc_page":""},"product_brand":[],"product_cat":[113,70,43],"product_tag":[32,34,42],"class_list":{"0":"post-17204","1":"product","2":"type-product","3":"status-publish","4":"has-post-thumbnail","6":"product_cat-mixed-media","7":"product_cat-oil-painting","8":"product_cat-paintings","9":"product_tag-art","10":"product_tag-color","11":"product_tag-painting","12":"product_shipping_class-mailing-tube","14":"first","15":"instock","16":"sold-individually","17":"shipping-taxable","18":"purchasable","19":"product-type-simple"},"_links":{"self":[{"href":"https:\/\/mawuartgallery.com\/fr\/wp-json\/wp\/v2\/product\/17204","targetHints":{"allow":["GET"]}}],"collection":[{"href":"https:\/\/mawuartgallery.com\/fr\/wp-json\/wp\/v2\/product"}],"about":[{"href":"https:\/\/mawuartgallery.com\/fr\/wp-json\/wp\/v2\/types\/product"}],"replies":[{"embeddable":true,"href":"https:\/\/mawuartgallery.com\/fr\/wp-json\/wp\/v2\/comments?post=17204"}],"version-history":[{"count":5,"href":"https:\/\/mawuartgallery.com\/fr\/wp-json\/wp\/v2\/product\/17204\/revisions"}],"predecessor-version":[{"id":17232,"href":"https:\/\/mawuartgallery.com\/fr\/wp-json\/wp\/v2\/product\/17204\/revisions\/17232"}],"wp:featuredmedia":[{"embeddable":true,"href":"https:\/\/mawuartgallery.com\/fr\/wp-json\/wp\/v2\/media\/17209"}],"wp:attachment":[{"href":"https:\/\/mawuartgallery.com\/fr\/wp-json\/wp\/v2\/media?parent=17204"}],"wp:term":[{"taxonomy":"product_brand","embeddable":true,"href":"https:\/\/mawuartgallery.com\/fr\/wp-json\/wp\/v2\/product_brand?post=17204"},{"taxonomy":"product_cat","embeddable":true,"href":"https:\/\/mawuartgallery.com\/fr\/wp-json\/wp\/v2\/product_cat?post=17204"},{"taxonomy":"product_tag","embeddable":true,"href":"https:\/\/mawuartgallery.com\/fr\/wp-json\/wp\/v2\/product_tag?post=17204"}],"curies":[{"name":"wp","href":"https:\/\/api.w.org\/{rel}","templated":true}]}}