{"id":16773,"date":"2025-11-24T15:34:28","date_gmt":"2025-11-24T19:34:28","guid":{"rendered":"https:\/\/mawuartgallery.com\/?post_type=product&#038;p=16773"},"modified":"2025-11-25T09:53:35","modified_gmt":"2025-11-25T13:53:35","slug":"kingdoms-and-kings","status":"publish","type":"product","link":"https:\/\/mawuartgallery.com\/fr\/produit\/kingdoms-and-kings\/","title":{"rendered":"Kingdoms and Kings"},"content":{"rendered":"<h6 data-start=\"154\" data-end=\"191\"><strong data-start=\"158\" data-end=\"191\">Logba Logba: A Moment Eternal<\/strong><\/h6>\n<p data-start=\"193\" data-end=\"583\">In golden corridors of a life well told,<br data-start=\"233\" data-end=\"236\" \/>a chief reclines, wrapped in woven gold.<br data-start=\"276\" data-end=\"279\" \/>Beyond the walls, the town exhales<br data-start=\"313\" data-end=\"316\" \/>as sunset cloaks the distant trails.<br data-start=\"352\" data-end=\"355\" \/>Birds drift home on whispered air,<br data-start=\"389\" data-end=\"392\" \/>their wings aglow with evening\u2019s care.<br data-start=\"430\" data-end=\"433\" \/>Each breath, each blink, a story spun\u2014<br data-start=\"471\" data-end=\"474\" \/>life savored slowly, one by one.<br data-start=\"506\" data-end=\"509\" \/><em data-start=\"509\" data-end=\"522\">Logba Logba<\/em>\u2014the song of the wise,<br data-start=\"544\" data-end=\"547\" \/>to sip from time as it softly flies.<\/p>\n<p>&nbsp;<\/p>\n<p data-start=\"585\" data-end=\"1003\">Dans <strong data-start=\"588\" data-end=\"623\">&#8220;Logba Logba,&#8221; Dr. Orlando Owoh<\/strong> reflects on the complexities of human behavior, emphasizing the importance of patience and consistency. The term <em data-start=\"737\" data-end=\"750\">logba logba<\/em> in Yoruba conveys notions of inconsistency or indecisiveness. Through his lyrics, Owoh critiques societal tendencies toward duplicity and the erosion of steadfast values. He advocates for sincerity and warns against the pitfalls of wavering principles.<\/p>","protected":false},"excerpt":{"rendered":"<h6><strong>Artiste : <a href=\"https:\/\/mawuartgallery.com\/fr\/portfolio-item\/afolabi-atiye\/\"><span style=\"color: #0000ff;\">AFOLABI ATIYE<\/span><\/a><\/strong><\/h6>\n<p>Huile sur toile<br \/>\n(60 x 47 in. \/ 154 x 121 cm)<br \/>\nCr\u00e9\u00e9e en 2024<\/p>\n<p>&nbsp;<\/p>\n<p><em>Cet article est soigneusement enroul\u00e9 et exp\u00e9di\u00e9 dans un tube d'exp\u00e9dition afin de garantir une livraison en toute s\u00e9curit\u00e9.<\/em><\/p>\n<p>&nbsp;<\/p>\n<p><strong><em>Pour nous assurer que l'\u0153uvre r\u00e9pond \u00e0 vos attentes, nous serions ravis de vous en fournir une vid\u00e9o en haute d\u00e9finition accompagn\u00e9e des commentaires de l'artiste, avant que vous ne proc\u00e9diez \u00e0 l'achat. Pour ce faire, il vous suffit de communiquer avec nous par courriel \u00e0 <a rel=\"noopener\">mawuartgallery@gmail.com<\/a> D\u00e8s r\u00e9ception de votre demande, nous vous ferons parvenir une ou plusieurs vid\u00e9os\/photos selon votre choix.\u00a0<\/em><\/strong><\/p>\n<p>&nbsp;<\/p>\n<p><strong>LIVRAISON GRATUITE POUR TOUTES LES COMMANDES<\/strong><\/p>","protected":false},"featured_media":16873,"comment_status":"open","ping_status":"closed","template":"","meta":{"nf_dc_page":""},"product_brand":[],"product_cat":[113,70,43],"product_tag":[32,34,42],"class_list":{"0":"post-16773","1":"product","2":"type-product","3":"status-publish","4":"has-post-thumbnail","6":"product_cat-mixed-media","7":"product_cat-oil-painting","8":"product_cat-paintings","9":"product_tag-art","10":"product_tag-color","11":"product_tag-painting","12":"product_shipping_class-mailing-tube","14":"first","15":"instock","16":"sold-individually","17":"shipping-taxable","18":"purchasable","19":"product-type-simple"},"_links":{"self":[{"href":"https:\/\/mawuartgallery.com\/fr\/wp-json\/wp\/v2\/product\/16773","targetHints":{"allow":["GET"]}}],"collection":[{"href":"https:\/\/mawuartgallery.com\/fr\/wp-json\/wp\/v2\/product"}],"about":[{"href":"https:\/\/mawuartgallery.com\/fr\/wp-json\/wp\/v2\/types\/product"}],"replies":[{"embeddable":true,"href":"https:\/\/mawuartgallery.com\/fr\/wp-json\/wp\/v2\/comments?post=16773"}],"version-history":[{"count":5,"href":"https:\/\/mawuartgallery.com\/fr\/wp-json\/wp\/v2\/product\/16773\/revisions"}],"predecessor-version":[{"id":16876,"href":"https:\/\/mawuartgallery.com\/fr\/wp-json\/wp\/v2\/product\/16773\/revisions\/16876"}],"wp:featuredmedia":[{"embeddable":true,"href":"https:\/\/mawuartgallery.com\/fr\/wp-json\/wp\/v2\/media\/16873"}],"wp:attachment":[{"href":"https:\/\/mawuartgallery.com\/fr\/wp-json\/wp\/v2\/media?parent=16773"}],"wp:term":[{"taxonomy":"product_brand","embeddable":true,"href":"https:\/\/mawuartgallery.com\/fr\/wp-json\/wp\/v2\/product_brand?post=16773"},{"taxonomy":"product_cat","embeddable":true,"href":"https:\/\/mawuartgallery.com\/fr\/wp-json\/wp\/v2\/product_cat?post=16773"},{"taxonomy":"product_tag","embeddable":true,"href":"https:\/\/mawuartgallery.com\/fr\/wp-json\/wp\/v2\/product_tag?post=16773"}],"curies":[{"name":"wp","href":"https:\/\/api.w.org\/{rel}","templated":true}]}}